{"id":33470,"date":"2023-10-23T18:01:33","date_gmt":"2023-10-23T18:01:33","guid":{"rendered":"https:\/\/daeh.gob.do\/daeha2\/?page_id=33470"},"modified":"2025-05-09T10:25:39","modified_gmt":"2025-05-09T14:25:39","slug":"como-registrarse-como-proveedor-del-estado","status":"publish","type":"page","link":"https:\/\/daeh.gob.do\/inicio\/transparencia\/compras-y-contrataciones\/como-registrarse-como-proveedor-del-estado\/","title":{"rendered":"\u00bfC\u00f3mo Registrarse Como Proveedor del Estado?"},"content":{"rendered":"\r\n<p>Para usted ser proveedor\u00a0del Estado s\u00f3lo debe completar los siguientes pasos:<\/p>\r\n\r\n\r\n\r\n<p><strong>Para Personas Jur\u00eddicas:<\/strong><\/p>\r\n\r\n\r\n\r\n<ul class=\"wp-block-list\">\r\n<li>RNC<\/li>\r\n\r\n\r\n\r\n<li>Raz\u00f3n Social<\/li>\r\n\r\n\r\n\r\n<li>Nombre Comercial<\/li>\r\n\r\n\r\n\r\n<li>Pa\u00eds de Origen<\/li>\r\n\r\n\r\n\r\n<li>Provee: (Bienes, Servicios, Consultor\u00eda, Obras)<\/li>\r\n\r\n\r\n\r\n<li>Tipo de Empresa: (Micro, Peque\u00f1a, Mediana, Grande)<\/li>\r\n\r\n\r\n\r\n<li>Rama: (Fabricante, Distribuidor, Representante, Importadores)<\/li>\r\n\r\n\r\n\r\n<li>Rubros de distribuci\u00f3n principal y secundarios<\/li>\r\n\r\n\r\n\r\n<li>Domicilio legal<\/li>\r\n\r\n\r\n\r\n<li>Domicilio Comercial<\/li>\r\n\r\n\r\n\r\n<li>Datos del Contacto<\/li>\r\n\r\n\r\n\r\n<li>No encontrarse en ninguna de las situaciones de exclusi\u00f3n enumeradas en el art\u00edculo 34 del Decreto 63\u201006.<br \/>Estar al d\u00eda en el pago de sus obligaciones laborales y fiscales, conforme a la legislaci\u00f3n vigente y de seguridad fiscal.<\/li>\r\n<\/ul>\r\n\r\n\r\n\r\n<p><strong>Para Personas Naturales:<\/strong><\/p>\r\n\r\n\r\n\r\n<ul class=\"wp-block-list\">\r\n<li>N\u00famero de C\u00e9dula o Pasaporte<\/li>\r\n\r\n\r\n\r\n<li>RNC<\/li>\r\n\r\n\r\n\r\n<li>Generales<\/li>\r\n\r\n\r\n\r\n<li>Provee: (Bienes, Servicios, Consultor\u00eda, Obras)<\/li>\r\n\r\n\r\n\r\n<li>Rubros de distribuci\u00f3n principal y secundarios<\/li>\r\n\r\n\r\n\r\n<li>Tipo de Colegiatura<\/li>\r\n\r\n\r\n\r\n<li>Domicilio Comercial<\/li>\r\n\r\n\r\n\r\n<li>No encontrarse en ninguna de las situaciones de exclusi\u00f3n enumeradas en el art\u00edculo 34 del Decreto 63\u201006.<br \/>Estar al d\u00eda en el pago de sus obligaciones laborales y de seguridad fiscal, conforme a la legislaci\u00f3n vigente.<\/li>\r\n<\/ul>\r\n\r\n\r\n\r\n<p>Para ampliar m\u00e1s esta informaci\u00f3n, puede ir al portal de<strong>\u00a0\u201cCompras y Contrataciones del Estado\u201d <\/strong>pulsando el siguiente enlace:<\/p>\r\n\r\n\r\n\r\n<p class=\"parrafito-inscripcion\"><strong><strong><a href=\"https:\/\/www.comprasdominicana.gob.do\/web\/guest\/como-inscribirse\" target=\"_blank\" rel=\"noreferrer noopener nofollow\">Click Aqu\u00ed<\/a><a href=\"https:\/\/www.dgcp.gob.do\/servicios\/registro-de-proveedores\/\" target=\"_blank\" rel=\"noreferrer noopener nofollow\"> para Inscribirse <\/a><\/strong><\/strong><\/p>\r\n","protected":false},"excerpt":{"rendered":"<p>Para usted ser proveedor\u00a0del Estado s\u00f3lo debe completar los siguientes pasos: Para Personas Jur\u00eddicas: Para Personas Naturales: Para ampliar m\u00e1s esta informaci\u00f3n, puede ir al portal de\u00a0\u201cCompras y Contrataciones del Estado\u201d pulsando el siguiente enlace: Click Aqu\u00ed para Inscribirse<\/p>\n","protected":false},"author":4,"featured_media":0,"parent":33469,"menu_order":0,"comment_status":"closed","ping_status":"closed","template":"template-custom.blade.php","meta":{"_acf_changed":false,"_et_pb_use_builder":"","_et_pb_old_content":"","_et_gb_content_width":"","_monsterinsights_skip_tracking":false,"_monsterinsights_sitenote_active":false,"_monsterinsights_sitenote_note":"","_monsterinsights_sitenote_category":0,"footnotes":""},"class_list":["post-33470","page","type-page","status-publish","hentry"],"acf":[],"yoast_head":"<!-- This site is optimized with the Yoast SEO plugin v27.2 - https:\/\/yoast.com\/product\/yoast-seo-wordpress\/ -->\r\n<title>\u00bfC\u00f3mo Registrarse Como Proveedor del Estado? - Direcci\u00f3n de Servicios de Atenci\u00f3n a Emergencias Extrahospitalarias<\/title>\r\n<meta name=\"robots\" content=\"noindex, follow, max-snippet:-1, max-image-preview:large, max-video-preview:-1\" \/>\r\n<meta property=\"og:locale\" content=\"es_ES\" \/>\r\n<meta property=\"og:type\" content=\"article\" \/>\r\n<meta property=\"og:title\" content=\"\u00bfC\u00f3mo Registrarse Como Proveedor del Estado? - Direcci\u00f3n de Servicios de Atenci\u00f3n a Emergencias Extrahospitalarias\" \/>\r\n<meta property=\"og:description\" content=\"Para usted ser proveedor\u00a0del Estado s\u00f3lo debe completar los siguientes pasos: Para Personas Jur\u00eddicas: Para Personas Naturales: Para ampliar m\u00e1s esta informaci\u00f3n, puede ir al portal de\u00a0\u201cCompras y Contrataciones del Estado\u201d pulsando el siguiente enlace: Click Aqu\u00ed para Inscribirse\" \/>\r\n<meta property=\"og:url\" content=\"https:\/\/daeh.gob.do\/inicio\/transparencia\/compras-y-contrataciones\/como-registrarse-como-proveedor-del-estado\/\" \/>\r\n<meta property=\"og:site_name\" content=\"Direcci\u00f3n de Servicios de Atenci\u00f3n a Emergencias Extrahospitalarias\" \/>\r\n<meta property=\"article:publisher\" content=\"https:\/\/www.facebook.com\/Daeh.rd\" \/>\r\n<meta property=\"article:modified_time\" content=\"2025-05-09T14:25:39+00:00\" \/>\r\n<meta name=\"twitter:card\" content=\"summary_large_image\" \/>\r\n<meta name=\"twitter:site\" content=\"@DaehRd\" \/>\r\n<meta name=\"twitter:label1\" content=\"Tiempo de lectura\" \/>\n\t<meta name=\"twitter:data1\" content=\"1 minuto\" \/>\r\n<script type=\"application\/ld+json\" class=\"yoast-schema-graph\">{\"@context\":\"https:\/\/schema.org\",\"@graph\":[{\"@type\":\"WebPage\",\"@id\":\"https:\/\/daeh.gob.do\/inicio\/transparencia\/compras-y-contrataciones\/como-registrarse-como-proveedor-del-estado\/\",\"url\":\"https:\/\/daeh.gob.do\/inicio\/transparencia\/compras-y-contrataciones\/como-registrarse-como-proveedor-del-estado\/\",\"name\":\"\u00bfC\u00f3mo Registrarse Como Proveedor del Estado? - Direcci\u00f3n de Servicios de Atenci\u00f3n a Emergencias Extrahospitalarias\",\"isPartOf\":{\"@id\":\"https:\/\/daeh.gob.do\/inicio\/#website\"},\"datePublished\":\"2023-10-23T18:01:33+00:00\",\"dateModified\":\"2025-05-09T14:25:39+00:00\",\"breadcrumb\":{\"@id\":\"https:\/\/daeh.gob.do\/inicio\/transparencia\/compras-y-contrataciones\/como-registrarse-como-proveedor-del-estado\/#breadcrumb\"},\"inLanguage\":\"es\",\"potentialAction\":[{\"@type\":\"ReadAction\",\"target\":[\"https:\/\/daeh.gob.do\/inicio\/transparencia\/compras-y-contrataciones\/como-registrarse-como-proveedor-del-estado\/\"]}]},{\"@type\":\"BreadcrumbList\",\"@id\":\"https:\/\/daeh.gob.do\/inicio\/transparencia\/compras-y-contrataciones\/como-registrarse-como-proveedor-del-estado\/#breadcrumb\",\"itemListElement\":[{\"@type\":\"ListItem\",\"position\":1,\"name\":\"Portal de Transparencia\",\"item\":\"https:\/\/daeh.gob.do\/inicio\/transparencia\/\"},{\"@type\":\"ListItem\",\"position\":2,\"name\":\"Compras y Contrataciones\",\"item\":\"https:\/\/daeh.gob.do\/inicio\/transparencia\/compras-y-contrataciones\/\"},{\"@type\":\"ListItem\",\"position\":3,\"name\":\"\u00bfC\u00f3mo Registrarse Como Proveedor del Estado?\"}]},{\"@type\":\"WebSite\",\"@id\":\"https:\/\/daeh.gob.do\/inicio\/#website\",\"url\":\"https:\/\/daeh.gob.do\/inicio\/\",\"name\":\"Direcci\u00f3n de Servicios de Atenci\u00f3n a Emergencias Extrahospitalarias\",\"description\":\"\",\"publisher\":{\"@id\":\"https:\/\/daeh.gob.do\/inicio\/#organization\"},\"potentialAction\":[{\"@type\":\"SearchAction\",\"target\":{\"@type\":\"EntryPoint\",\"urlTemplate\":\"https:\/\/daeh.gob.do\/inicio\/?s={search_term_string}\"},\"query-input\":{\"@type\":\"PropertyValueSpecification\",\"valueRequired\":true,\"valueName\":\"search_term_string\"}}],\"inLanguage\":\"es\"},{\"@type\":\"Organization\",\"@id\":\"https:\/\/daeh.gob.do\/inicio\/#organization\",\"name\":\"Direcci\u00f3n de Servicios de Atenci\u00f3n a Emergencias Extrahospitalarias\",\"url\":\"https:\/\/daeh.gob.do\/inicio\/\",\"logo\":{\"@type\":\"ImageObject\",\"inLanguage\":\"es\",\"@id\":\"https:\/\/daeh.gob.do\/inicio\/#\/schema\/logo\/image\/\",\"url\":\"https:\/\/daeh.gob.do\/inicio\/wp-content\/uploads\/sites\/9\/2023\/05\/DAEH-LATERAL-01.png\",\"contentUrl\":\"https:\/\/daeh.gob.do\/inicio\/wp-content\/uploads\/sites\/9\/2023\/05\/DAEH-LATERAL-01.png\",\"width\":372,\"height\":59,\"caption\":\"Direcci\u00f3n de Servicios de Atenci\u00f3n a Emergencias Extrahospitalarias\"},\"image\":{\"@id\":\"https:\/\/daeh.gob.do\/inicio\/#\/schema\/logo\/image\/\"},\"sameAs\":[\"https:\/\/www.facebook.com\/Daeh.rd\",\"https:\/\/x.com\/DaehRd\",\"https:\/\/instagram.com\/daeh.rd\"]}]}<\/script>\r\n<!-- \/ Yoast SEO plugin. -->","yoast_head_json":{"title":"\u00bfC\u00f3mo Registrarse Como Proveedor del Estado? - Direcci\u00f3n de Servicios de Atenci\u00f3n a Emergencias Extrahospitalarias","robots":{"index":"noindex","follow":"follow","max-snippet":"max-snippet:-1","max-image-preview":"max-image-preview:large","max-video-preview":"max-video-preview:-1"},"og_locale":"es_ES","og_type":"article","og_title":"\u00bfC\u00f3mo Registrarse Como Proveedor del Estado? - Direcci\u00f3n de Servicios de Atenci\u00f3n a Emergencias Extrahospitalarias","og_description":"Para usted ser proveedor\u00a0del Estado s\u00f3lo debe completar los siguientes pasos: Para Personas Jur\u00eddicas: Para Personas Naturales: Para ampliar m\u00e1s esta informaci\u00f3n, puede ir al portal de\u00a0\u201cCompras y Contrataciones del Estado\u201d pulsando el siguiente enlace: Click Aqu\u00ed para Inscribirse","og_url":"https:\/\/daeh.gob.do\/inicio\/transparencia\/compras-y-contrataciones\/como-registrarse-como-proveedor-del-estado\/","og_site_name":"Direcci\u00f3n de Servicios de Atenci\u00f3n a Emergencias Extrahospitalarias","article_publisher":"https:\/\/www.facebook.com\/Daeh.rd","article_modified_time":"2025-05-09T14:25:39+00:00","twitter_card":"summary_large_image","twitter_site":"@DaehRd","twitter_misc":{"Tiempo de lectura":"1 minuto"},"schema":{"@context":"https:\/\/schema.org","@graph":[{"@type":"WebPage","@id":"https:\/\/daeh.gob.do\/inicio\/transparencia\/compras-y-contrataciones\/como-registrarse-como-proveedor-del-estado\/","url":"https:\/\/daeh.gob.do\/inicio\/transparencia\/compras-y-contrataciones\/como-registrarse-como-proveedor-del-estado\/","name":"\u00bfC\u00f3mo Registrarse Como Proveedor del Estado? - Direcci\u00f3n de Servicios de Atenci\u00f3n a Emergencias Extrahospitalarias","isPartOf":{"@id":"https:\/\/daeh.gob.do\/inicio\/#website"},"datePublished":"2023-10-23T18:01:33+00:00","dateModified":"2025-05-09T14:25:39+00:00","breadcrumb":{"@id":"https:\/\/daeh.gob.do\/inicio\/transparencia\/compras-y-contrataciones\/como-registrarse-como-proveedor-del-estado\/#breadcrumb"},"inLanguage":"es","potentialAction":[{"@type":"ReadAction","target":["https:\/\/daeh.gob.do\/inicio\/transparencia\/compras-y-contrataciones\/como-registrarse-como-proveedor-del-estado\/"]}]},{"@type":"BreadcrumbList","@id":"https:\/\/daeh.gob.do\/inicio\/transparencia\/compras-y-contrataciones\/como-registrarse-como-proveedor-del-estado\/#breadcrumb","itemListElement":[{"@type":"ListItem","position":1,"name":"Portal de Transparencia","item":"https:\/\/daeh.gob.do\/inicio\/transparencia\/"},{"@type":"ListItem","position":2,"name":"Compras y Contrataciones","item":"https:\/\/daeh.gob.do\/inicio\/transparencia\/compras-y-contrataciones\/"},{"@type":"ListItem","position":3,"name":"\u00bfC\u00f3mo Registrarse Como Proveedor del Estado?"}]},{"@type":"WebSite","@id":"https:\/\/daeh.gob.do\/inicio\/#website","url":"https:\/\/daeh.gob.do\/inicio\/","name":"Direcci\u00f3n de Servicios de Atenci\u00f3n a Emergencias Extrahospitalarias","description":"","publisher":{"@id":"https:\/\/daeh.gob.do\/inicio\/#organization"},"potentialAction":[{"@type":"SearchAction","target":{"@type":"EntryPoint","urlTemplate":"https:\/\/daeh.gob.do\/inicio\/?s={search_term_string}"},"query-input":{"@type":"PropertyValueSpecification","valueRequired":true,"valueName":"search_term_string"}}],"inLanguage":"es"},{"@type":"Organization","@id":"https:\/\/daeh.gob.do\/inicio\/#organization","name":"Direcci\u00f3n de Servicios de Atenci\u00f3n a Emergencias Extrahospitalarias","url":"https:\/\/daeh.gob.do\/inicio\/","logo":{"@type":"ImageObject","inLanguage":"es","@id":"https:\/\/daeh.gob.do\/inicio\/#\/schema\/logo\/image\/","url":"https:\/\/daeh.gob.do\/inicio\/wp-content\/uploads\/sites\/9\/2023\/05\/DAEH-LATERAL-01.png","contentUrl":"https:\/\/daeh.gob.do\/inicio\/wp-content\/uploads\/sites\/9\/2023\/05\/DAEH-LATERAL-01.png","width":372,"height":59,"caption":"Direcci\u00f3n de Servicios de Atenci\u00f3n a Emergencias Extrahospitalarias"},"image":{"@id":"https:\/\/daeh.gob.do\/inicio\/#\/schema\/logo\/image\/"},"sameAs":["https:\/\/www.facebook.com\/Daeh.rd","https:\/\/x.com\/DaehRd","https:\/\/instagram.com\/daeh.rd"]}]}},"_links":{"self":[{"href":"https:\/\/daeh.gob.do\/inicio\/wp-json\/wp\/v2\/pages\/33470","targetHints":{"allow":["GET"]}}],"collection":[{"href":"https:\/\/daeh.gob.do\/inicio\/wp-json\/wp\/v2\/pages"}],"about":[{"href":"https:\/\/daeh.gob.do\/inicio\/wp-json\/wp\/v2\/types\/page"}],"author":[{"embeddable":true,"href":"https:\/\/daeh.gob.do\/inicio\/wp-json\/wp\/v2\/users\/4"}],"replies":[{"embeddable":true,"href":"https:\/\/daeh.gob.do\/inicio\/wp-json\/wp\/v2\/comments?post=33470"}],"version-history":[{"count":11,"href":"https:\/\/daeh.gob.do\/inicio\/wp-json\/wp\/v2\/pages\/33470\/revisions"}],"predecessor-version":[{"id":37051,"href":"https:\/\/daeh.gob.do\/inicio\/wp-json\/wp\/v2\/pages\/33470\/revisions\/37051"}],"up":[{"embeddable":true,"href":"https:\/\/daeh.gob.do\/inicio\/wp-json\/wp\/v2\/pages\/33469"}],"wp:attachment":[{"href":"https:\/\/daeh.gob.do\/inicio\/wp-json\/wp\/v2\/media?parent=33470"}],"curies":[{"name":"wp","href":"https:\/\/api.w.org\/{rel}","templated":true}]}}