{"id":32751,"date":"2023-05-25T18:08:29","date_gmt":"2023-05-25T18:08:29","guid":{"rendered":"http:\/\/daeh.gob.do\/daeha2\/?page_id=32751"},"modified":"2026-04-21T16:10:16","modified_gmt":"2026-04-21T20:10:16","slug":"emergencias-interhospitalarias","status":"publish","type":"page","link":"https:\/\/daeh.gob.do\/inicio\/servicios\/emergencias-interhospitalarias\/","title":{"rendered":"Emergencias Interhospitalaria"},"content":{"rendered":"\r\n\r\n<h5 class=\"wp-block-heading subtitulos-servicios\">Descripci\u00f3n del servicio<\/h5>\r\n\r\n\r\n\r\n<p>Las emergencias interhospitalarias son situaciones m\u00e9dicas cr\u00edticas que ocurren durante el traslado de un paciente de un hospital a otro. Estas emergencias pueden surgir debido a complicaciones m\u00e9dicas imprevistas, deterioro repentino del estado de salud del paciente o la necesidad de intervenciones m\u00e9dicas urgentes que no pueden ser realizadas en el hospital de origen.<\/p>\r\n\r\n\r\n\r\n<h5 class=\"wp-block-heading subtitulos-servicios\">\u00bfA qui\u00e9n va dirigido?<\/h5>\r\n\r\n\r\n\r\n<p>A todos los pacientes o usuarios que requieran este servicio.<\/p>\r\n\r\n\r\n\r\n<h5 class=\"wp-block-heading subtitulos-servicios\">Tipos de Emergencias<\/h5>\r\n\r\n\r\n\r\n<ul class=\"wp-block-list\">\r\n<li>Estas emergencias varian segun su grado de emergencia.<\/li>\r\n<\/ul>\r\n\r\n\r\n\r\n<h5 class=\"wp-block-heading subtitulos-servicios\">Departamento que lo ofrece<\/h5>\r\n\r\n\r\n\r\n<p>Departamento de Emergencia del Hospital.<\/p>\r\n\r\n\r\n<div class=\"gb-grid-wrapper gb-grid-wrapper-6ea2de32 info-contacto-servicio\">\r\n\r\n<div class=\"gb-grid-column gb-grid-column-aa2ea30a\"><div class=\"gb-container gb-container-aa2ea30a\"><div class=\"gb-inside-container\">\r\n\r\n\r\n<h5 class=\"gb-headline gb-headline-1f5fc794 gb-headline-text subtitulos-servicios\">Informaci\u00f3n de contacto<\/h5>\r\n\r\n\r\n\r\n<p><strong>Direcci\u00f3n: <\/strong><a href=\"https:\/\/maps.app.goo.gl\/qNEMLJtPQAJWsu45A\">Lugar: Local Comercial \u201cLA CASONA\u201d Av. Los Pr\u00f3ceres, esquina Erick Leonard, del sector Arroyo Hondo, Santo Domingo de Guzm\u00e1n, Distrito Nacional, Rep\u00fablica Dominicana.<\/a><br \/><strong>Tel\u00e9fono:<\/strong> <a href=\"http:\/\/8297350354\/\">(829) 735-0354<\/a><br \/><strong>Correo electr\u00f3nico:<\/strong> <a href=\"mailto:info@daeh.gob.do\">info@daeh.gob.do<\/a><\/p>\r\n<\/div><\/div><\/div><\/div>\r\n\r\n\r\n<h5 class=\"wp-block-heading subtitulos-servicios\">Requisitos o requerimientos<\/h5>\r\n\r\n\r\n\r\n<ul class=\"wp-block-list\">\r\n<li>Estar registrado en la sala de Emergencias del hospital.<\/li>\r\n\r\n\r\n\r\n<li>C\u00e9dula de Identidad y Electoral o Pasaporte.<\/li>\r\n\r\n\r\n\r\n<li>Tarjeta de Citas M\u00e9dicas, en caso de poseerla.<\/li>\r\n<\/ul>\r\n\r\n\r\n\r\n<h5 class=\"wp-block-heading subtitulos-servicios\">Procedimiento a seguir<\/h5>\r\n\r\n\r\n\r\n<ol class=\"wp-block-list\">\r\n<li>Pacientes pueden ser referidos de otros centros dependiendo su gravedad.<\/li>\r\n\r\n\r\n\r\n<li>Pacientes pueden ser referidos desde la consulta dependiendo su gravedad.<\/li>\r\n<\/ol>\r\n\r\n\r\n<div class=\"gb-grid-wrapper gb-grid-wrapper-3e0d4460\">\r\n\r\n<div class=\"gb-grid-column gb-grid-column-a805fa2b\"><div class=\"gb-container gb-container-a805fa2b\"><div class=\"gb-inside-container\">\r\n\r\n\r\n<div class=\"descripcion-servicios\"><i class=\"lni lni-calendar\"><\/i>\r\n<p><strong>Horario de prestaci\u00f3n<\/strong><br \/>24 horas todos los d\u00edas.<\/p>\r\n<\/div>\r\n<\/div><\/div><\/div>\r\n\r\n<div class=\"gb-grid-column gb-grid-column-6c45e3b1\"><div class=\"gb-container gb-container-6c45e3b1\"><div class=\"gb-inside-container\">\r\n\r\n\r\n<div class=\"descripcion-servicios\"><i class=\"lni lni-dollar\"><\/i>\r\n<p><strong>Costo<\/strong><br \/>Gratis<\/p>\r\n<\/div>\r\n<\/div><\/div><\/div><\/div>\r\n\r\n<div class=\"gb-grid-wrapper gb-grid-wrapper-bf1ad54f\">\r\n\r\n<div class=\"gb-grid-column gb-grid-column-2354a764\"><div class=\"gb-container gb-container-2354a764\"><div class=\"gb-inside-container\">\r\n\r\n\r\n<div class=\"descripcion-servicios\"><i class=\"lni lni-timer\"><\/i>\r\n<p><strong>Tiempo de respuesta<\/strong><br \/>De inmediato.<\/p>\r\n<\/div>\r\n<\/div><\/div><\/div>\r\n\r\n<div class=\"gb-grid-column gb-grid-column-db16b451\"><div class=\"gb-container gb-container-db16b451\"><div class=\"gb-inside-container\">\r\n\r\n\r\n<div class=\"descripcion-servicios\"><i class=\"lni lni-reload\"><\/i>\r\n<p><strong>Canal de prestaci\u00f3n<\/strong><br \/>Presencial.<\/p>\r\n<\/div>\r\n<\/div><\/div><\/div><\/div>\r\n\r\n\r\n<h5 class=\"wp-block-heading subtitulos-servicios info-adicional\">Informaci\u00f3n adicional<\/h5>\r\n\r\n\r\n\r\n<p>En estas situaciones, el traslado interhospitalario se coordina cuidadosamente para garantizar la continuidad de la atenci\u00f3n m\u00e9dica y minimizar los riesgos para el paciente durante el transporte.<\/p>\r\n","protected":false},"excerpt":{"rendered":"<p>Descripci\u00f3n del servicio Las emergencias interhospitalarias son situaciones m\u00e9dicas cr\u00edticas que ocurren durante el traslado de un paciente de un hospital a otro. Estas emergencias pueden surgir debido a complicaciones m\u00e9dicas imprevistas, deterioro repentino del estado de salud del paciente o la necesidad de intervenciones m\u00e9dicas urgentes que no pueden ser realizadas en el hospital &hellip; <a href=\"https:\/\/daeh.gob.do\/inicio\/servicios\/emergencias-interhospitalarias\/\">Continued<\/a><\/p>\n","protected":false},"author":1,"featured_media":0,"parent":69,"menu_order":0,"comment_status":"closed","ping_status":"closed","template":"","meta":{"_acf_changed":false,"_et_pb_use_builder":"","_et_pb_old_content":"","_et_gb_content_width":"","_monsterinsights_skip_tracking":false,"_monsterinsights_sitenote_active":false,"_monsterinsights_sitenote_note":"","_monsterinsights_sitenote_category":0,"footnotes":""},"class_list":["post-32751","page","type-page","status-publish","hentry"],"acf":[],"yoast_head":"<!-- This site is optimized with the Yoast SEO plugin v27.2 - https:\/\/yoast.com\/product\/yoast-seo-wordpress\/ -->\r\n<title>Emergencias Interhospitalaria - Direcci\u00f3n de Servicios de Atenci\u00f3n a Emergencias Extrahospitalarias<\/title>\r\n<meta name=\"description\" content=\"El traslado interhospitalario se coordina cuidadosamente para garantizar la continuidad de la atenci\u00f3n m\u00e9dica y minimizar los riesgos para el paciente durante el transporte.\" \/>\r\n<meta name=\"robots\" content=\"noindex, follow, max-snippet:-1, max-image-preview:large, max-video-preview:-1\" \/>\r\n<meta property=\"og:locale\" content=\"es_ES\" \/>\r\n<meta property=\"og:type\" content=\"article\" \/>\r\n<meta property=\"og:title\" content=\"Emergencias Interhospitalaria - Direcci\u00f3n de Servicios de Atenci\u00f3n a Emergencias Extrahospitalarias\" \/>\r\n<meta property=\"og:description\" content=\"El traslado interhospitalario se coordina cuidadosamente para garantizar la continuidad de la atenci\u00f3n m\u00e9dica y minimizar los riesgos para el paciente durante el transporte.\" \/>\r\n<meta property=\"og:url\" content=\"https:\/\/daeh.gob.do\/inicio\/servicios\/emergencias-interhospitalarias\/\" \/>\r\n<meta property=\"og:site_name\" content=\"Direcci\u00f3n de Servicios de Atenci\u00f3n a Emergencias Extrahospitalarias\" \/>\r\n<meta property=\"article:publisher\" content=\"https:\/\/www.facebook.com\/Daeh.rd\" \/>\r\n<meta property=\"article:modified_time\" content=\"2026-04-21T20:10:16+00:00\" \/>\r\n<meta name=\"twitter:card\" content=\"summary_large_image\" \/>\r\n<meta name=\"twitter:site\" content=\"@DaehRd\" \/>\r\n<meta name=\"twitter:label1\" content=\"Tiempo de lectura\" \/>\n\t<meta name=\"twitter:data1\" content=\"2 minutos\" \/>\r\n<script type=\"application\/ld+json\" class=\"yoast-schema-graph\">{\"@context\":\"https:\/\/schema.org\",\"@graph\":[{\"@type\":\"WebPage\",\"@id\":\"https:\/\/daeh.gob.do\/inicio\/servicios\/emergencias-interhospitalarias\/\",\"url\":\"https:\/\/daeh.gob.do\/inicio\/servicios\/emergencias-interhospitalarias\/\",\"name\":\"Emergencias Interhospitalaria - Direcci\u00f3n de Servicios de Atenci\u00f3n a Emergencias Extrahospitalarias\",\"isPartOf\":{\"@id\":\"https:\/\/daeh.gob.do\/inicio\/#website\"},\"datePublished\":\"2023-05-25T18:08:29+00:00\",\"dateModified\":\"2026-04-21T20:10:16+00:00\",\"description\":\"El traslado interhospitalario se coordina cuidadosamente para garantizar la continuidad de la atenci\u00f3n m\u00e9dica y minimizar los riesgos para el paciente durante el transporte.\",\"breadcrumb\":{\"@id\":\"https:\/\/daeh.gob.do\/inicio\/servicios\/emergencias-interhospitalarias\/#breadcrumb\"},\"inLanguage\":\"es\",\"potentialAction\":[{\"@type\":\"ReadAction\",\"target\":[\"https:\/\/daeh.gob.do\/inicio\/servicios\/emergencias-interhospitalarias\/\"]}]},{\"@type\":\"BreadcrumbList\",\"@id\":\"https:\/\/daeh.gob.do\/inicio\/servicios\/emergencias-interhospitalarias\/#breadcrumb\",\"itemListElement\":[{\"@type\":\"ListItem\",\"position\":1,\"name\":\"Servicios\",\"item\":\"https:\/\/daeh.gob.do\/inicio\/servicios\/\"},{\"@type\":\"ListItem\",\"position\":2,\"name\":\"Emergencias Interhospitalaria\"}]},{\"@type\":\"WebSite\",\"@id\":\"https:\/\/daeh.gob.do\/inicio\/#website\",\"url\":\"https:\/\/daeh.gob.do\/inicio\/\",\"name\":\"Direcci\u00f3n de Servicios de Atenci\u00f3n a Emergencias Extrahospitalarias\",\"description\":\"\",\"publisher\":{\"@id\":\"https:\/\/daeh.gob.do\/inicio\/#organization\"},\"potentialAction\":[{\"@type\":\"SearchAction\",\"target\":{\"@type\":\"EntryPoint\",\"urlTemplate\":\"https:\/\/daeh.gob.do\/inicio\/?s={search_term_string}\"},\"query-input\":{\"@type\":\"PropertyValueSpecification\",\"valueRequired\":true,\"valueName\":\"search_term_string\"}}],\"inLanguage\":\"es\"},{\"@type\":\"Organization\",\"@id\":\"https:\/\/daeh.gob.do\/inicio\/#organization\",\"name\":\"Direcci\u00f3n de Servicios de Atenci\u00f3n a Emergencias Extrahospitalarias\",\"url\":\"https:\/\/daeh.gob.do\/inicio\/\",\"logo\":{\"@type\":\"ImageObject\",\"inLanguage\":\"es\",\"@id\":\"https:\/\/daeh.gob.do\/inicio\/#\/schema\/logo\/image\/\",\"url\":\"https:\/\/daeh.gob.do\/inicio\/wp-content\/uploads\/sites\/9\/2023\/05\/DAEH-LATERAL-01.png\",\"contentUrl\":\"https:\/\/daeh.gob.do\/inicio\/wp-content\/uploads\/sites\/9\/2023\/05\/DAEH-LATERAL-01.png\",\"width\":372,\"height\":59,\"caption\":\"Direcci\u00f3n de Servicios de Atenci\u00f3n a Emergencias Extrahospitalarias\"},\"image\":{\"@id\":\"https:\/\/daeh.gob.do\/inicio\/#\/schema\/logo\/image\/\"},\"sameAs\":[\"https:\/\/www.facebook.com\/Daeh.rd\",\"https:\/\/x.com\/DaehRd\",\"https:\/\/instagram.com\/daeh.rd\"]}]}<\/script>\r\n<!-- \/ Yoast SEO plugin. -->","yoast_head_json":{"title":"Emergencias Interhospitalaria - Direcci\u00f3n de Servicios de Atenci\u00f3n a Emergencias Extrahospitalarias","description":"El traslado interhospitalario se coordina cuidadosamente para garantizar la continuidad de la atenci\u00f3n m\u00e9dica y minimizar los riesgos para el paciente durante el transporte.","robots":{"index":"noindex","follow":"follow","max-snippet":"max-snippet:-1","max-image-preview":"max-image-preview:large","max-video-preview":"max-video-preview:-1"},"og_locale":"es_ES","og_type":"article","og_title":"Emergencias Interhospitalaria - Direcci\u00f3n de Servicios de Atenci\u00f3n a Emergencias Extrahospitalarias","og_description":"El traslado interhospitalario se coordina cuidadosamente para garantizar la continuidad de la atenci\u00f3n m\u00e9dica y minimizar los riesgos para el paciente durante el transporte.","og_url":"https:\/\/daeh.gob.do\/inicio\/servicios\/emergencias-interhospitalarias\/","og_site_name":"Direcci\u00f3n de Servicios de Atenci\u00f3n a Emergencias Extrahospitalarias","article_publisher":"https:\/\/www.facebook.com\/Daeh.rd","article_modified_time":"2026-04-21T20:10:16+00:00","twitter_card":"summary_large_image","twitter_site":"@DaehRd","twitter_misc":{"Tiempo de lectura":"2 minutos"},"schema":{"@context":"https:\/\/schema.org","@graph":[{"@type":"WebPage","@id":"https:\/\/daeh.gob.do\/inicio\/servicios\/emergencias-interhospitalarias\/","url":"https:\/\/daeh.gob.do\/inicio\/servicios\/emergencias-interhospitalarias\/","name":"Emergencias Interhospitalaria - Direcci\u00f3n de Servicios de Atenci\u00f3n a Emergencias Extrahospitalarias","isPartOf":{"@id":"https:\/\/daeh.gob.do\/inicio\/#website"},"datePublished":"2023-05-25T18:08:29+00:00","dateModified":"2026-04-21T20:10:16+00:00","description":"El traslado interhospitalario se coordina cuidadosamente para garantizar la continuidad de la atenci\u00f3n m\u00e9dica y minimizar los riesgos para el paciente durante el transporte.","breadcrumb":{"@id":"https:\/\/daeh.gob.do\/inicio\/servicios\/emergencias-interhospitalarias\/#breadcrumb"},"inLanguage":"es","potentialAction":[{"@type":"ReadAction","target":["https:\/\/daeh.gob.do\/inicio\/servicios\/emergencias-interhospitalarias\/"]}]},{"@type":"BreadcrumbList","@id":"https:\/\/daeh.gob.do\/inicio\/servicios\/emergencias-interhospitalarias\/#breadcrumb","itemListElement":[{"@type":"ListItem","position":1,"name":"Servicios","item":"https:\/\/daeh.gob.do\/inicio\/servicios\/"},{"@type":"ListItem","position":2,"name":"Emergencias Interhospitalaria"}]},{"@type":"WebSite","@id":"https:\/\/daeh.gob.do\/inicio\/#website","url":"https:\/\/daeh.gob.do\/inicio\/","name":"Direcci\u00f3n de Servicios de Atenci\u00f3n a Emergencias Extrahospitalarias","description":"","publisher":{"@id":"https:\/\/daeh.gob.do\/inicio\/#organization"},"potentialAction":[{"@type":"SearchAction","target":{"@type":"EntryPoint","urlTemplate":"https:\/\/daeh.gob.do\/inicio\/?s={search_term_string}"},"query-input":{"@type":"PropertyValueSpecification","valueRequired":true,"valueName":"search_term_string"}}],"inLanguage":"es"},{"@type":"Organization","@id":"https:\/\/daeh.gob.do\/inicio\/#organization","name":"Direcci\u00f3n de Servicios de Atenci\u00f3n a Emergencias Extrahospitalarias","url":"https:\/\/daeh.gob.do\/inicio\/","logo":{"@type":"ImageObject","inLanguage":"es","@id":"https:\/\/daeh.gob.do\/inicio\/#\/schema\/logo\/image\/","url":"https:\/\/daeh.gob.do\/inicio\/wp-content\/uploads\/sites\/9\/2023\/05\/DAEH-LATERAL-01.png","contentUrl":"https:\/\/daeh.gob.do\/inicio\/wp-content\/uploads\/sites\/9\/2023\/05\/DAEH-LATERAL-01.png","width":372,"height":59,"caption":"Direcci\u00f3n de Servicios de Atenci\u00f3n a Emergencias Extrahospitalarias"},"image":{"@id":"https:\/\/daeh.gob.do\/inicio\/#\/schema\/logo\/image\/"},"sameAs":["https:\/\/www.facebook.com\/Daeh.rd","https:\/\/x.com\/DaehRd","https:\/\/instagram.com\/daeh.rd"]}]}},"_links":{"self":[{"href":"https:\/\/daeh.gob.do\/inicio\/wp-json\/wp\/v2\/pages\/32751","targetHints":{"allow":["GET"]}}],"collection":[{"href":"https:\/\/daeh.gob.do\/inicio\/wp-json\/wp\/v2\/pages"}],"about":[{"href":"https:\/\/daeh.gob.do\/inicio\/wp-json\/wp\/v2\/types\/page"}],"author":[{"embeddable":true,"href":"https:\/\/daeh.gob.do\/inicio\/wp-json\/wp\/v2\/users\/1"}],"replies":[{"embeddable":true,"href":"https:\/\/daeh.gob.do\/inicio\/wp-json\/wp\/v2\/comments?post=32751"}],"version-history":[{"count":12,"href":"https:\/\/daeh.gob.do\/inicio\/wp-json\/wp\/v2\/pages\/32751\/revisions"}],"predecessor-version":[{"id":39589,"href":"https:\/\/daeh.gob.do\/inicio\/wp-json\/wp\/v2\/pages\/32751\/revisions\/39589"}],"up":[{"embeddable":true,"href":"https:\/\/daeh.gob.do\/inicio\/wp-json\/wp\/v2\/pages\/69"}],"wp:attachment":[{"href":"https:\/\/daeh.gob.do\/inicio\/wp-json\/wp\/v2\/media?parent=32751"}],"curies":[{"name":"wp","href":"https:\/\/api.w.org\/{rel}","templated":true}]}}