{"id":64,"date":"2023-05-21T16:20:28","date_gmt":"2023-05-21T16:20:28","guid":{"rendered":"http:\/\/daeh.gob.do\/daeha2\/?page_id=64"},"modified":"2025-04-23T11:01:54","modified_gmt":"2025-04-23T15:01:54","slug":"despacho-del-director","status":"publish","type":"page","link":"https:\/\/daeh.gob.do\/daeha2\/despacho-del-director\/","title":{"rendered":"Despacho del Director"},"content":{"rendered":"<figure id=\"attachment_32804\" aria-describedby=\"caption-attachment-32804\" style=\"width: 364px\" class=\"wp-caption alignleft\"><img loading=\"lazy\" decoding=\"async\" class=\" wp-image-32804\" src=\"https:\/\/daeh.gob.do\/daeha2\/wp-content\/uploads\/sites\/9\/2023\/06\/gral-juan-mendez-01.jpg\" alt=\"\" width=\"364\" height=\"546\" \/><figcaption id=\"caption-attachment-32804\" class=\"wp-caption-text\">General Juan M\u00e9ndez<\/figcaption><\/figure>\n<p>El Mayor General Abogado \u00ae. Juan Manuel M\u00e9ndez Garc\u00eda, Ejercito de Republica Dominicana, es oriundo de Pont\u00f3n, La Vega, Rep\u00fablica Dominicana. Es casado y tiene 8 hijos. Es egresado como doctor en Derecho de la Universidad Dominicana Organizaci\u00f3n y M\u00e9todos, \u201cO&amp;M\u201d.<\/p>\n<p>Posee un posgrado en Derecho Civil, realizado en la Universidad Aut\u00f3noma de Santo Domingo \u201cUASD\u201d, actualmente se desempe\u00f1a como director del Centro de Operaciones de Emergencias \u201cCOE\u201d y de la Direcci\u00f3n de Servicios de Atenci\u00f3n a Emergencias Extrahospitalarias (DAEH).<\/p>\n<p>El Mayor General M\u00e9ndez Garc\u00eda asumi\u00f3\u0301 el cargo de director del Centro de Operaciones de Emergencias en fecha 26-7-2005 y de la Direcci\u00f3n de Servicios de Atenci\u00f3n a Emergencias Extrahospitalarias en el mes de junio del a\u00f1o 2022.<\/p>\n<p>En el COE ha tenido la responsabilidad de coordinar y dirigir hasta la fecha todas las situaciones de emergencias y desastres ocurridas en la Republica Dominicana, entre las que se destacan algunos eventos como: Las tormentas tropicales Gustav, Hanna, Ike, Olga y Noel. Asimismo, apoy\u00f3 las Operaciones Conjuntas, realizadas en el pa\u00eds en repuesta al Terremoto ocurrido en la hermana Republica de Hait\u00ed. Tambi\u00e9n apoy\u00f3 las acciones de respuesta ante la Pandemia COVID 19.<\/p>\n<p>Juan Manuel M\u00e9ndez Garc\u00eda ha recibido condecoraciones y reconocimientos como: \u201cGRAN CORDON MILITAR JUAN PABLO DUARTE\u201d y fue reconocido por la Presidencia de la Rep\u00fablica por el apoyo y su labor encomiable tras el devastador terremoto en Hait\u00ed, en fecha 12-01-2010 y otros tantos reconocimientos que llenan de orgullo su carrera.<\/p>\n<p>Sirvi\u00f3 al Ej\u00e9rcito de la Republica Dominicana desde 1986 hasta el 15 de agosto del a\u00f1o 2020, cuando fue ascendido a mayor general y colocado en honrosa situaci\u00f3n de retiro.<\/p>\n<h5 class=\"wp-block-heading\">Durante su carrera militar desempe\u00f1\u00f3 varias funciones:<\/h5>\n<ul class=\"wp-block-list\">\n<li>JUEZ PRESIDENTE DEL CONSEJO DE GUERRA DE 1RA. INSTANCIA, E.R.D.<\/li>\n<li>CONSULTOR JURIDICO, E.R.D.<\/li>\n<li>SUBINTENDENTE DE TRANSPORTACION, E.R.D.<\/li>\n<li>RELACIONISTA PU\u0301BLICO, E.R.D.<\/li>\n<li>ENCARGADO DE LA SEGURIDAD DEL SECRETARIO DE ESTADO DE LA JUVENTUD<\/li>\n<li>ASESOR JURIDICO 1ER. REGIMIENTO DOMINICANO DE LA GUARDIA PRESIDENCIAL, E.R.D.<\/li>\n<li>SERVICIO DE SEGURIDAD DE LA DIRECCION GRAL. DE FORESTA.<\/li>\n<li>SERVICIO INSPECTORIA GRAL. DE LAS FF.AA. RD<\/li>\n<li>AYUDANTE PERSONAL DEL JEFE DE ESTADO MAYOR, F.A.D.,<\/li>\n<li>ENCARGADO DEL CLUB RECREATIVO PARA OFICIALES, F.A.D.<\/li>\n<li>ABOGADO DE OFICIO CONSEJO DE GUERRA DE APELACION DE LAS FF.AA.<\/li>\n<li>AYUDANTE DEL CONSULTOR JURIDICO DE LAS FF.AA<\/li>\n<li>AYUDANTE DEL INSPECTOR GRAL. DE LAS FF.AA.,<\/li>\n<li>RELACIONISTA PU\u0301BLICO DEL 1ER. REG. DOM. G.P., E.R.D.,<\/li>\n<li>JUEZ DEL CONSEJO DE GUERRA DE APELACION DE LAS FF.AA.<\/li>\n<li>Su preparaci\u00f3n acad\u00e9mica incluye, adem\u00e1s: el Curso para Capacitaci\u00f3n para instructores \u201cCPI\u201d, CERTIFICATED OF PN C4S CONFERECE, CERTIFICATED OF LARGE SCALE EMERGENCIES AND DISTATERS, El IV SEMINARIO SOBRE ETICA Y DERECHO PENAL MILITAR, TECNICO DE COMPUTADORAS, SEMINARIO-TALLER DE LA DEMANDA DE ALCOHOL, CURSO DE LAS VIAS DE EJECUCION Y ES CERTIFICADO EN APRECIACION, EMITIDO POR EL INSTITUDO DE SEGURIDAD PARA LA COOPERACION HEMISFERICA.<\/li>\n<\/ul>\n","protected":false},"excerpt":{"rendered":"<p>El Mayor General Abogado \u00ae. Juan Manuel M\u00e9ndez Garc\u00eda, Ejercito de Republica Dominicana, es oriundo de Pont\u00f3n, La Vega, Rep\u00fablica Dominicana. Es casado y tiene 8 hijos. Es egresado como doctor en Derecho de la Universidad Dominicana Organizaci\u00f3n y M\u00e9todos, \u201cO&amp;M\u201d. Posee un posgrado en Derecho Civil, realizado en la Universidad Aut\u00f3noma de Santo Domingo &hellip; <a href=\"https:\/\/daeh.gob.do\/daeha2\/despacho-del-director\/\">Continued<\/a><\/p>\n","protected":false},"author":1,"featured_media":0,"parent":0,"menu_order":0,"comment_status":"closed","ping_status":"closed","template":"","meta":{"_acf_changed":false,"_et_pb_use_builder":"","_et_pb_old_content":"","_et_gb_content_width":"","_monsterinsights_skip_tracking":false,"_monsterinsights_sitenote_active":false,"_monsterinsights_sitenote_note":"","_monsterinsights_sitenote_category":0,"footnotes":""},"class_list":["post-64","page","type-page","status-publish","hentry"],"acf":[],"yoast_head":"<!-- This site is optimized with the Yoast SEO plugin v27.2 - https:\/\/yoast.com\/product\/yoast-seo-wordpress\/ -->\r\n<title>Despacho del Director - Direcci\u00f3n de Servicios de Atenci\u00f3n a Emergencias Extrahospitalarias<\/title>\r\n<meta name=\"robots\" content=\"noindex, follow, max-snippet:-1, max-image-preview:large, max-video-preview:-1\" \/>\r\n<meta property=\"og:locale\" content=\"es_ES\" \/>\r\n<meta property=\"og:type\" content=\"article\" \/>\r\n<meta property=\"og:title\" content=\"Despacho del Director - Direcci\u00f3n de Servicios de Atenci\u00f3n a Emergencias Extrahospitalarias\" \/>\r\n<meta property=\"og:description\" content=\"El Mayor General Abogado \u00ae. Juan Manuel M\u00e9ndez Garc\u00eda, Ejercito de Republica Dominicana, es oriundo de Pont\u00f3n, La Vega, Rep\u00fablica Dominicana. Es casado y tiene 8 hijos. Es egresado como doctor en Derecho de la Universidad Dominicana Organizaci\u00f3n y M\u00e9todos, \u201cO&amp;M\u201d. Posee un posgrado en Derecho Civil, realizado en la Universidad Aut\u00f3noma de Santo Domingo &hellip; Continued\" \/>\r\n<meta property=\"og:url\" content=\"https:\/\/daeh.gob.do\/daeha2\/despacho-del-director\/\" \/>\r\n<meta property=\"og:site_name\" content=\"Direcci\u00f3n de Servicios de Atenci\u00f3n a Emergencias Extrahospitalarias\" \/>\r\n<meta property=\"article:publisher\" content=\"https:\/\/www.facebook.com\/Daeh.rd\" \/>\r\n<meta property=\"article:modified_time\" content=\"2025-04-23T15:01:54+00:00\" \/>\r\n<meta property=\"og:image\" content=\"https:\/\/daeh.gob.do\/daeha2\/wp-content\/uploads\/sites\/9\/2023\/06\/gral-juan-mendez-01.jpg\" \/>\r\n\t<meta property=\"og:image:width\" content=\"745\" \/>\r\n\t<meta property=\"og:image:height\" content=\"1118\" \/>\r\n\t<meta property=\"og:image:type\" content=\"image\/jpeg\" \/>\r\n<meta name=\"twitter:card\" content=\"summary_large_image\" \/>\r\n<meta name=\"twitter:site\" content=\"@DaehRd\" \/>\r\n<meta name=\"twitter:label1\" content=\"Tiempo de lectura\" \/>\n\t<meta name=\"twitter:data1\" content=\"3 minutos\" \/>\r\n<script type=\"application\/ld+json\" class=\"yoast-schema-graph\">{\"@context\":\"https:\/\/schema.org\",\"@graph\":[{\"@type\":\"WebPage\",\"@id\":\"https:\/\/daeh.gob.do\/daeha2\/despacho-del-director\/\",\"url\":\"https:\/\/daeh.gob.do\/daeha2\/despacho-del-director\/\",\"name\":\"Despacho del Director - Direcci\u00f3n de Servicios de Atenci\u00f3n a Emergencias Extrahospitalarias\",\"isPartOf\":{\"@id\":\"https:\/\/daeh.gob.do\/daeha2\/#website\"},\"primaryImageOfPage\":{\"@id\":\"https:\/\/daeh.gob.do\/daeha2\/despacho-del-director\/#primaryimage\"},\"image\":{\"@id\":\"https:\/\/daeh.gob.do\/daeha2\/despacho-del-director\/#primaryimage\"},\"thumbnailUrl\":\"https:\/\/daeh.gob.do\/daeha2\/wp-content\/uploads\/sites\/9\/2023\/06\/gral-juan-mendez-01.jpg\",\"datePublished\":\"2023-05-21T16:20:28+00:00\",\"dateModified\":\"2025-04-23T15:01:54+00:00\",\"inLanguage\":\"es\",\"potentialAction\":[{\"@type\":\"ReadAction\",\"target\":[\"https:\/\/daeh.gob.do\/daeha2\/despacho-del-director\/\"]}]},{\"@type\":\"ImageObject\",\"inLanguage\":\"es\",\"@id\":\"https:\/\/daeh.gob.do\/daeha2\/despacho-del-director\/#primaryimage\",\"url\":\"https:\/\/daeh.gob.do\/daeha2\/wp-content\/uploads\/sites\/9\/2023\/06\/gral-juan-mendez-01.jpg\",\"contentUrl\":\"https:\/\/daeh.gob.do\/daeha2\/wp-content\/uploads\/sites\/9\/2023\/06\/gral-juan-mendez-01.jpg\",\"width\":745,\"height\":1118,\"caption\":\"General Juan M\u00e9ndez\"},{\"@type\":\"WebSite\",\"@id\":\"https:\/\/daeh.gob.do\/daeha2\/#website\",\"url\":\"https:\/\/daeh.gob.do\/daeha2\/\",\"name\":\"Direcci\u00f3n de Servicios de Atenci\u00f3n a Emergencias Extrahospitalarias\",\"description\":\"\",\"publisher\":{\"@id\":\"https:\/\/daeh.gob.do\/daeha2\/#organization\"},\"potentialAction\":[{\"@type\":\"SearchAction\",\"target\":{\"@type\":\"EntryPoint\",\"urlTemplate\":\"https:\/\/daeh.gob.do\/daeha2\/?s={search_term_string}\"},\"query-input\":{\"@type\":\"PropertyValueSpecification\",\"valueRequired\":true,\"valueName\":\"search_term_string\"}}],\"inLanguage\":\"es\"},{\"@type\":\"Organization\",\"@id\":\"https:\/\/daeh.gob.do\/daeha2\/#organization\",\"name\":\"Direcci\u00f3n de Servicios de Atenci\u00f3n a Emergencias Extrahospitalarias\",\"url\":\"https:\/\/daeh.gob.do\/daeha2\/\",\"logo\":{\"@type\":\"ImageObject\",\"inLanguage\":\"es\",\"@id\":\"https:\/\/daeh.gob.do\/daeha2\/#\/schema\/logo\/image\/\",\"url\":\"https:\/\/daeh.gob.do\/daeha2\/wp-content\/uploads\/sites\/9\/2023\/05\/DAEH-LATERAL-01.png\",\"contentUrl\":\"https:\/\/daeh.gob.do\/daeha2\/wp-content\/uploads\/sites\/9\/2023\/05\/DAEH-LATERAL-01.png\",\"width\":372,\"height\":59,\"caption\":\"Direcci\u00f3n de Servicios de Atenci\u00f3n a Emergencias Extrahospitalarias\"},\"image\":{\"@id\":\"https:\/\/daeh.gob.do\/daeha2\/#\/schema\/logo\/image\/\"},\"sameAs\":[\"https:\/\/www.facebook.com\/Daeh.rd\",\"https:\/\/x.com\/DaehRd\",\"https:\/\/instagram.com\/daeh.rd\"]}]}<\/script>\r\n<!-- \/ Yoast SEO plugin. -->","yoast_head_json":{"title":"Despacho del Director - Direcci\u00f3n de Servicios de Atenci\u00f3n a Emergencias Extrahospitalarias","robots":{"index":"noindex","follow":"follow","max-snippet":"max-snippet:-1","max-image-preview":"max-image-preview:large","max-video-preview":"max-video-preview:-1"},"og_locale":"es_ES","og_type":"article","og_title":"Despacho del Director - Direcci\u00f3n de Servicios de Atenci\u00f3n a Emergencias Extrahospitalarias","og_description":"El Mayor General Abogado \u00ae. Juan Manuel M\u00e9ndez Garc\u00eda, Ejercito de Republica Dominicana, es oriundo de Pont\u00f3n, La Vega, Rep\u00fablica Dominicana. Es casado y tiene 8 hijos. Es egresado como doctor en Derecho de la Universidad Dominicana Organizaci\u00f3n y M\u00e9todos, \u201cO&amp;M\u201d. Posee un posgrado en Derecho Civil, realizado en la Universidad Aut\u00f3noma de Santo Domingo &hellip; Continued","og_url":"https:\/\/daeh.gob.do\/daeha2\/despacho-del-director\/","og_site_name":"Direcci\u00f3n de Servicios de Atenci\u00f3n a Emergencias Extrahospitalarias","article_publisher":"https:\/\/www.facebook.com\/Daeh.rd","article_modified_time":"2025-04-23T15:01:54+00:00","og_image":[{"width":745,"height":1118,"url":"https:\/\/daeh.gob.do\/daeha2\/wp-content\/uploads\/sites\/9\/2023\/06\/gral-juan-mendez-01.jpg","type":"image\/jpeg"}],"twitter_card":"summary_large_image","twitter_site":"@DaehRd","twitter_misc":{"Tiempo de lectura":"3 minutos"},"schema":{"@context":"https:\/\/schema.org","@graph":[{"@type":"WebPage","@id":"https:\/\/daeh.gob.do\/daeha2\/despacho-del-director\/","url":"https:\/\/daeh.gob.do\/daeha2\/despacho-del-director\/","name":"Despacho del Director - Direcci\u00f3n de Servicios de Atenci\u00f3n a Emergencias Extrahospitalarias","isPartOf":{"@id":"https:\/\/daeh.gob.do\/daeha2\/#website"},"primaryImageOfPage":{"@id":"https:\/\/daeh.gob.do\/daeha2\/despacho-del-director\/#primaryimage"},"image":{"@id":"https:\/\/daeh.gob.do\/daeha2\/despacho-del-director\/#primaryimage"},"thumbnailUrl":"https:\/\/daeh.gob.do\/daeha2\/wp-content\/uploads\/sites\/9\/2023\/06\/gral-juan-mendez-01.jpg","datePublished":"2023-05-21T16:20:28+00:00","dateModified":"2025-04-23T15:01:54+00:00","inLanguage":"es","potentialAction":[{"@type":"ReadAction","target":["https:\/\/daeh.gob.do\/daeha2\/despacho-del-director\/"]}]},{"@type":"ImageObject","inLanguage":"es","@id":"https:\/\/daeh.gob.do\/daeha2\/despacho-del-director\/#primaryimage","url":"https:\/\/daeh.gob.do\/daeha2\/wp-content\/uploads\/sites\/9\/2023\/06\/gral-juan-mendez-01.jpg","contentUrl":"https:\/\/daeh.gob.do\/daeha2\/wp-content\/uploads\/sites\/9\/2023\/06\/gral-juan-mendez-01.jpg","width":745,"height":1118,"caption":"General Juan M\u00e9ndez"},{"@type":"WebSite","@id":"https:\/\/daeh.gob.do\/daeha2\/#website","url":"https:\/\/daeh.gob.do\/daeha2\/","name":"Direcci\u00f3n de Servicios de Atenci\u00f3n a Emergencias Extrahospitalarias","description":"","publisher":{"@id":"https:\/\/daeh.gob.do\/daeha2\/#organization"},"potentialAction":[{"@type":"SearchAction","target":{"@type":"EntryPoint","urlTemplate":"https:\/\/daeh.gob.do\/daeha2\/?s={search_term_string}"},"query-input":{"@type":"PropertyValueSpecification","valueRequired":true,"valueName":"search_term_string"}}],"inLanguage":"es"},{"@type":"Organization","@id":"https:\/\/daeh.gob.do\/daeha2\/#organization","name":"Direcci\u00f3n de Servicios de Atenci\u00f3n a Emergencias Extrahospitalarias","url":"https:\/\/daeh.gob.do\/daeha2\/","logo":{"@type":"ImageObject","inLanguage":"es","@id":"https:\/\/daeh.gob.do\/daeha2\/#\/schema\/logo\/image\/","url":"https:\/\/daeh.gob.do\/daeha2\/wp-content\/uploads\/sites\/9\/2023\/05\/DAEH-LATERAL-01.png","contentUrl":"https:\/\/daeh.gob.do\/daeha2\/wp-content\/uploads\/sites\/9\/2023\/05\/DAEH-LATERAL-01.png","width":372,"height":59,"caption":"Direcci\u00f3n de Servicios de Atenci\u00f3n a Emergencias Extrahospitalarias"},"image":{"@id":"https:\/\/daeh.gob.do\/daeha2\/#\/schema\/logo\/image\/"},"sameAs":["https:\/\/www.facebook.com\/Daeh.rd","https:\/\/x.com\/DaehRd","https:\/\/instagram.com\/daeh.rd"]}]}},"_links":{"self":[{"href":"https:\/\/daeh.gob.do\/daeha2\/wp-json\/wp\/v2\/pages\/64","targetHints":{"allow":["GET"]}}],"collection":[{"href":"https:\/\/daeh.gob.do\/daeha2\/wp-json\/wp\/v2\/pages"}],"about":[{"href":"https:\/\/daeh.gob.do\/daeha2\/wp-json\/wp\/v2\/types\/page"}],"author":[{"embeddable":true,"href":"https:\/\/daeh.gob.do\/daeha2\/wp-json\/wp\/v2\/users\/1"}],"replies":[{"embeddable":true,"href":"https:\/\/daeh.gob.do\/daeha2\/wp-json\/wp\/v2\/comments?post=64"}],"version-history":[{"count":15,"href":"https:\/\/daeh.gob.do\/daeha2\/wp-json\/wp\/v2\/pages\/64\/revisions"}],"predecessor-version":[{"id":37011,"href":"https:\/\/daeh.gob.do\/daeha2\/wp-json\/wp\/v2\/pages\/64\/revisions\/37011"}],"wp:attachment":[{"href":"https:\/\/daeh.gob.do\/daeha2\/wp-json\/wp\/v2\/media?parent=64"}],"curies":[{"name":"wp","href":"https:\/\/api.w.org\/{rel}","templated":true}]}}