{"id":60,"date":"2023-05-21T16:17:41","date_gmt":"2023-05-21T16:17:41","guid":{"rendered":"http:\/\/daeh.gob.do\/daeha2\/?page_id=60"},"modified":"2026-03-17T11:32:44","modified_gmt":"2026-03-17T15:32:44","slug":"historia","status":"publish","type":"page","link":"https:\/\/daeh.gob.do\/daeha2\/historia\/","title":{"rendered":"Historia"},"content":{"rendered":"<p>[et_pb_section fb_built=\u00bb1&#8243; admin_label=\u00bbsection\u00bb _builder_version=\u00bb4.16&#8243; custom_padding=\u00bb0px||5px|||\u00bb global_colors_info=\u00bb{}\u00bb][et_pb_row column_structure=\u00bb1_2,1_2&#8243; _builder_version=\u00bb4.27.4&#8243; _module_preset=\u00bbdefault\u00bb max_width=\u00bb1280px\u00bb global_colors_info=\u00bb{}\u00bb][et_pb_column type=\u00bb1_2&#8243; _builder_version=\u00bb4.27.4&#8243; _module_preset=\u00bbdefault\u00bb global_colors_info=\u00bb{}\u00bb][et_pb_image src=\u00bbhttps:\/\/daeh.gob.do\/daeha2\/wp-content\/uploads\/sites\/9\/2023\/07\/banner.jpg\u00bb title_text=\u00bbbanner\u00bb _builder_version=\u00bb4.27.4&#8243; _module_preset=\u00bbdefault\u00bb global_colors_info=\u00bb{}\u00bb][\/et_pb_image][\/et_pb_column][et_pb_column type=\u00bb1_2&#8243; _builder_version=\u00bb4.27.4&#8243; _module_preset=\u00bbdefault\u00bb global_colors_info=\u00bb{}\u00bb][et_pb_text _builder_version=\u00bb4.27.4&#8243; _module_preset=\u00bbdefault\u00bb global_colors_info=\u00bb{}\u00bb]<\/p>\n<p>Historia de la Direcci\u00f3n de Servicios de Atenci\u00f3n a Emergencias Extrahospitalarias (DAEH)<\/p>\n<p>En la Rep\u00fablica Dominicana, la atenci\u00f3n m\u00e9dica de emergencias y la respuesta ante desastres constituyen uno de los principales componentes del sistema de salud, siendo fundamental su implementaci\u00f3n en todo el territorio nacional, especialmente en aquellas zonas con mayor riesgo de emergencias m\u00e9dicas y eventos catastr\u00f3ficos.<\/p>\n<p>El proceso de formalizaci\u00f3n de la atenci\u00f3n extrahospitalaria inicia en julio del a\u00f1o 2012, mediante la Resoluci\u00f3n Ministerial No. 0000021 del Ministerio de Salud P\u00fablica, la cual establece el funcionamiento de los Centros Coordinadores de Respuestas a Urgencias y Emergencias (CRUE). Estos centros fueron instalados inicialmente en Santo Domingo, Barahona e Hig\u00fcey, con el objetivo de coordinar y fortalecer la respuesta ante situaciones de urgencia y emergencia, previo a la implementaci\u00f3n del Sistema Integrado de Emergencias y Seguridad 9-1-1.<\/p>\n<p>[\/et_pb_text][\/et_pb_column][\/et_pb_row][et_pb_row _builder_version=\u00bb4.27.4&#8243; _module_preset=\u00bbdefault\u00bb global_colors_info=\u00bb{}\u00bb][et_pb_column type=\u00bb4_4&#8243; _builder_version=\u00bb4.27.4&#8243; _module_preset=\u00bbdefault\u00bb global_colors_info=\u00bb{}\u00bb][et_pb_text _builder_version=\u00bb4.27.4&#8243; _module_preset=\u00bbdefault\u00bb global_colors_info=\u00bb{}\u00bb]<\/p>\n<p>Posteriormente, el Ministerio de Salud P\u00fablica, en su rol de \u00f3rgano rector del sistema de salud, integr\u00f3 los CRUE al Sistema de Emergencias y Seguridad Ciudadana 9-1-1. Para ello, se dispuso de profesionales capacitados que operan unidades de soporte vital b\u00e1sico (SVB), soporte vital avanzado (SVA) y motocicletas para servicios de primera respuesta, garantizando as\u00ed una atenci\u00f3n oportuna y eficiente.<\/p>\n<p>En el a\u00f1o 2015, mediante la Resoluci\u00f3n No. 00025, se llev\u00f3 a cabo una reorganizaci\u00f3n institucional en la que la Direcci\u00f3n Nacional de Emergencias y Desastres fue dividida en dos instancias: por un lado, una direcci\u00f3n nacional encargada de la gesti\u00f3n de riesgos y atenci\u00f3n a desastres, adscrita al Viceministerio de Salud Colectiva; y por otro lado, una direcci\u00f3n general enfocada en las emergencias m\u00e9dicas, funcionando como una unidad desconcentrada del Ministerio de Salud P\u00fablica, con la responsabilidad de gestionar las emergencias como componente de salud dentro del Sistema 9-1-1.<\/p>\n<p>Como parte del proceso de modernizaci\u00f3n y fortalecimiento del sector salud, en el a\u00f1o 2022, mediante el Decreto No. 489-22, la Direcci\u00f3n de Emergencias M\u00e9dicas fue transformada en la Direcci\u00f3n de Servicios de Atenci\u00f3n a Emergencias Extrahospitalarias (DAEH), adquiriendo el car\u00e1cter de Unidad Ejecutora. Esta transformaci\u00f3n respondi\u00f3 a la necesidad de brindar un servicio de atenci\u00f3n de urgencias y emergencias m\u00e1s oportuno, eficiente y eficaz, tanto en zonas urbanas como rurales.<\/p>\n<p>La DAEH enfrenta diariamente el desaf\u00edo de garantizar servicios de salud de calidad a la poblaci\u00f3n dominicana, sustent\u00e1ndose en una estructura organizativa s\u00f3lida, una gesti\u00f3n eficiente, la capacitaci\u00f3n continua de su personal y el uso de herramientas modernas que faciliten la toma de decisiones y la coordinaci\u00f3n de las acciones.<\/p>\n<p>En este contexto, la elaboraci\u00f3n del Plan Estrat\u00e9gico Institucional (PEI-DAEH 2025-2028) representa un hito fundamental para la instituci\u00f3n, ya que permite consolidar un enfoque estrat\u00e9gico orientado a optimizar la gesti\u00f3n p\u00fablica, fortalecer la toma de decisiones y promover una adecuada articulaci\u00f3n de los recursos, en beneficio de toda la poblaci\u00f3n.<\/p>\n<p>[\/et_pb_text][\/et_pb_column][\/et_pb_row][\/et_pb_section]<\/p>\n","protected":false},"excerpt":{"rendered":"<p>Historia de la Direcci\u00f3n de Servicios de Atenci\u00f3n a&#8230;<\/p>\n","protected":false},"author":1,"featured_media":0,"parent":0,"menu_order":0,"comment_status":"closed","ping_status":"closed","template":"","meta":{"_acf_changed":false,"_et_pb_use_builder":"on","_et_pb_old_content":"<!-- wp:paragraph -->\r\n<p>Actualmente bajo el Decreto 489-22, crea la Direcci\u00f3n de Servicios de Atenci\u00f3n a Emergencias Extrahospitalarias (DAEH), cuyo objetivo general es \u00a0\u00a0la provisi\u00f3n de los servicios de traslado sanitario de car\u00e1cter extrahospitalario (pre e interhospitalarios) y gesti\u00f3n del riesgo en situaciones de emergencias y desastres.\u00a0\u00a0\u00a0\u00a0\u00a0\u00a0\u00a0\u00a0\u00a0\u00a0\u00a0\u00a0\u00a0\u00a0\u00a0\u00a0\u00a0\u00a0\u00a0\u00a0\u00a0\u00a0\u00a0\u00a0<\/p>\r\n<!-- \/wp:paragraph -->\r\n\r\n<!-- wp:quote -->\r\n<blockquote class=\"wp-block-quote\"><!-- wp:paragraph -->\r\n<p>En DAEH nos especializamos en una amplia gama de  situaciones, desde Emergencias Prehospitalarias y primeros auxilios hasta soluciones de  seguridad. Estamos aqu\u00ed para protegerlo, sin importar la circunstancia, <\/p>\r\n<!-- \/wp:paragraph -->\r\n\r\n<!-- wp:image {\"id\":33111,\"width\":\"510px\",\"height\":\"360px\",\"sizeSlug\":\"full\",\"linkDestination\":\"none\",\"align\":\"center\",\"className\":\"is-style-default\"} -->\r\n<figure class=\"wp-block-image aligncenter size-full is-resized is-style-default\"><img src=\"https:\/\/daeh.gob.do\/daeha2\/wp-content\/uploads\/sites\/9\/2023\/07\/banner.jpg\" alt=\"\" class=\"wp-image-33111\" style=\"width:510px;height:360px\"\/><\/figure>\r\n<!-- \/wp:image --><cite>DAEH, Direcci\u00f3n de servicos de atenci\u00f3n a emergencias extrahospitalarias<\/cite><\/blockquote>\r\n<!-- \/wp:quote -->","_et_gb_content_width":"","_monsterinsights_skip_tracking":false,"_monsterinsights_sitenote_active":false,"_monsterinsights_sitenote_note":"","_monsterinsights_sitenote_category":0,"footnotes":""},"class_list":["post-60","page","type-page","status-publish","hentry"],"acf":[],"yoast_head":"<!-- This site is optimized with the Yoast SEO plugin v27.2 - https:\/\/yoast.com\/product\/yoast-seo-wordpress\/ -->\r\n<title>Historia - Direcci\u00f3n de Servicios de Atenci\u00f3n a Emergencias Extrahospitalarias<\/title>\r\n<meta name=\"robots\" content=\"noindex, follow, max-snippet:-1, max-image-preview:large, max-video-preview:-1\" \/>\r\n<meta property=\"og:locale\" content=\"es_ES\" \/>\r\n<meta property=\"og:type\" content=\"article\" \/>\r\n<meta property=\"og:title\" content=\"Historia - Direcci\u00f3n de Servicios de Atenci\u00f3n a Emergencias Extrahospitalarias\" \/>\r\n<meta property=\"og:description\" content=\"Historia de la Direcci\u00f3n de Servicios de Atenci\u00f3n a...\" \/>\r\n<meta property=\"og:url\" content=\"https:\/\/daeh.gob.do\/daeha2\/historia\/\" \/>\r\n<meta property=\"og:site_name\" content=\"Direcci\u00f3n de Servicios de Atenci\u00f3n a Emergencias Extrahospitalarias\" \/>\r\n<meta property=\"article:publisher\" content=\"https:\/\/www.facebook.com\/Daeh.rd\" \/>\r\n<meta property=\"article:modified_time\" content=\"2026-03-17T15:32:44+00:00\" \/>\r\n<meta name=\"twitter:card\" content=\"summary_large_image\" \/>\r\n<meta name=\"twitter:site\" content=\"@DaehRd\" \/>\r\n<meta name=\"twitter:label1\" content=\"Tiempo de lectura\" \/>\n\t<meta name=\"twitter:data1\" content=\"3 minutos\" \/>\r\n<script type=\"application\/ld+json\" class=\"yoast-schema-graph\">{\"@context\":\"https:\/\/schema.org\",\"@graph\":[{\"@type\":\"WebPage\",\"@id\":\"https:\/\/daeh.gob.do\/daeha2\/historia\/\",\"url\":\"https:\/\/daeh.gob.do\/daeha2\/historia\/\",\"name\":\"Historia - Direcci\u00f3n de Servicios de Atenci\u00f3n a Emergencias Extrahospitalarias\",\"isPartOf\":{\"@id\":\"https:\/\/daeh.gob.do\/daeha2\/#website\"},\"datePublished\":\"2023-05-21T16:17:41+00:00\",\"dateModified\":\"2026-03-17T15:32:44+00:00\",\"inLanguage\":\"es\",\"potentialAction\":[{\"@type\":\"ReadAction\",\"target\":[\"https:\/\/daeh.gob.do\/daeha2\/historia\/\"]}]},{\"@type\":\"WebSite\",\"@id\":\"https:\/\/daeh.gob.do\/daeha2\/#website\",\"url\":\"https:\/\/daeh.gob.do\/daeha2\/\",\"name\":\"Direcci\u00f3n de Servicios de Atenci\u00f3n a Emergencias Extrahospitalarias\",\"description\":\"\",\"publisher\":{\"@id\":\"https:\/\/daeh.gob.do\/daeha2\/#organization\"},\"potentialAction\":[{\"@type\":\"SearchAction\",\"target\":{\"@type\":\"EntryPoint\",\"urlTemplate\":\"https:\/\/daeh.gob.do\/daeha2\/?s={search_term_string}\"},\"query-input\":{\"@type\":\"PropertyValueSpecification\",\"valueRequired\":true,\"valueName\":\"search_term_string\"}}],\"inLanguage\":\"es\"},{\"@type\":\"Organization\",\"@id\":\"https:\/\/daeh.gob.do\/daeha2\/#organization\",\"name\":\"Direcci\u00f3n de Servicios de Atenci\u00f3n a Emergencias Extrahospitalarias\",\"url\":\"https:\/\/daeh.gob.do\/daeha2\/\",\"logo\":{\"@type\":\"ImageObject\",\"inLanguage\":\"es\",\"@id\":\"https:\/\/daeh.gob.do\/daeha2\/#\/schema\/logo\/image\/\",\"url\":\"https:\/\/daeh.gob.do\/daeha2\/wp-content\/uploads\/sites\/9\/2023\/05\/DAEH-LATERAL-01.png\",\"contentUrl\":\"https:\/\/daeh.gob.do\/daeha2\/wp-content\/uploads\/sites\/9\/2023\/05\/DAEH-LATERAL-01.png\",\"width\":372,\"height\":59,\"caption\":\"Direcci\u00f3n de Servicios de Atenci\u00f3n a Emergencias Extrahospitalarias\"},\"image\":{\"@id\":\"https:\/\/daeh.gob.do\/daeha2\/#\/schema\/logo\/image\/\"},\"sameAs\":[\"https:\/\/www.facebook.com\/Daeh.rd\",\"https:\/\/x.com\/DaehRd\",\"https:\/\/instagram.com\/daeh.rd\"]}]}<\/script>\r\n<!-- \/ Yoast SEO plugin. -->","yoast_head_json":{"title":"Historia - Direcci\u00f3n de Servicios de Atenci\u00f3n a Emergencias Extrahospitalarias","robots":{"index":"noindex","follow":"follow","max-snippet":"max-snippet:-1","max-image-preview":"max-image-preview:large","max-video-preview":"max-video-preview:-1"},"og_locale":"es_ES","og_type":"article","og_title":"Historia - Direcci\u00f3n de Servicios de Atenci\u00f3n a Emergencias Extrahospitalarias","og_description":"Historia de la Direcci\u00f3n de Servicios de Atenci\u00f3n a...","og_url":"https:\/\/daeh.gob.do\/daeha2\/historia\/","og_site_name":"Direcci\u00f3n de Servicios de Atenci\u00f3n a Emergencias Extrahospitalarias","article_publisher":"https:\/\/www.facebook.com\/Daeh.rd","article_modified_time":"2026-03-17T15:32:44+00:00","twitter_card":"summary_large_image","twitter_site":"@DaehRd","twitter_misc":{"Tiempo de lectura":"3 minutos"},"schema":{"@context":"https:\/\/schema.org","@graph":[{"@type":"WebPage","@id":"https:\/\/daeh.gob.do\/daeha2\/historia\/","url":"https:\/\/daeh.gob.do\/daeha2\/historia\/","name":"Historia - Direcci\u00f3n de Servicios de Atenci\u00f3n a Emergencias Extrahospitalarias","isPartOf":{"@id":"https:\/\/daeh.gob.do\/daeha2\/#website"},"datePublished":"2023-05-21T16:17:41+00:00","dateModified":"2026-03-17T15:32:44+00:00","inLanguage":"es","potentialAction":[{"@type":"ReadAction","target":["https:\/\/daeh.gob.do\/daeha2\/historia\/"]}]},{"@type":"WebSite","@id":"https:\/\/daeh.gob.do\/daeha2\/#website","url":"https:\/\/daeh.gob.do\/daeha2\/","name":"Direcci\u00f3n de Servicios de Atenci\u00f3n a Emergencias Extrahospitalarias","description":"","publisher":{"@id":"https:\/\/daeh.gob.do\/daeha2\/#organization"},"potentialAction":[{"@type":"SearchAction","target":{"@type":"EntryPoint","urlTemplate":"https:\/\/daeh.gob.do\/daeha2\/?s={search_term_string}"},"query-input":{"@type":"PropertyValueSpecification","valueRequired":true,"valueName":"search_term_string"}}],"inLanguage":"es"},{"@type":"Organization","@id":"https:\/\/daeh.gob.do\/daeha2\/#organization","name":"Direcci\u00f3n de Servicios de Atenci\u00f3n a Emergencias Extrahospitalarias","url":"https:\/\/daeh.gob.do\/daeha2\/","logo":{"@type":"ImageObject","inLanguage":"es","@id":"https:\/\/daeh.gob.do\/daeha2\/#\/schema\/logo\/image\/","url":"https:\/\/daeh.gob.do\/daeha2\/wp-content\/uploads\/sites\/9\/2023\/05\/DAEH-LATERAL-01.png","contentUrl":"https:\/\/daeh.gob.do\/daeha2\/wp-content\/uploads\/sites\/9\/2023\/05\/DAEH-LATERAL-01.png","width":372,"height":59,"caption":"Direcci\u00f3n de Servicios de Atenci\u00f3n a Emergencias Extrahospitalarias"},"image":{"@id":"https:\/\/daeh.gob.do\/daeha2\/#\/schema\/logo\/image\/"},"sameAs":["https:\/\/www.facebook.com\/Daeh.rd","https:\/\/x.com\/DaehRd","https:\/\/instagram.com\/daeh.rd"]}]}},"_links":{"self":[{"href":"https:\/\/daeh.gob.do\/daeha2\/wp-json\/wp\/v2\/pages\/60","targetHints":{"allow":["GET"]}}],"collection":[{"href":"https:\/\/daeh.gob.do\/daeha2\/wp-json\/wp\/v2\/pages"}],"about":[{"href":"https:\/\/daeh.gob.do\/daeha2\/wp-json\/wp\/v2\/types\/page"}],"author":[{"embeddable":true,"href":"https:\/\/daeh.gob.do\/daeha2\/wp-json\/wp\/v2\/users\/1"}],"replies":[{"embeddable":true,"href":"https:\/\/daeh.gob.do\/daeha2\/wp-json\/wp\/v2\/comments?post=60"}],"version-history":[{"count":13,"href":"https:\/\/daeh.gob.do\/daeha2\/wp-json\/wp\/v2\/pages\/60\/revisions"}],"predecessor-version":[{"id":39038,"href":"https:\/\/daeh.gob.do\/daeha2\/wp-json\/wp\/v2\/pages\/60\/revisions\/39038"}],"wp:attachment":[{"href":"https:\/\/daeh.gob.do\/daeha2\/wp-json\/wp\/v2\/media?parent=60"}],"curies":[{"name":"wp","href":"https:\/\/api.w.org\/{rel}","templated":true}]}}