{"id":49,"date":"2023-05-21T15:09:12","date_gmt":"2023-05-21T15:09:12","guid":{"rendered":"http:\/\/daeh.gob.do\/daeha2\/?page_id=49"},"modified":"2026-03-31T09:12:00","modified_gmt":"2026-03-31T13:12:00","slug":"quienes-somos","status":"publish","type":"page","link":"https:\/\/daeh.gob.do\/daeha2\/quienes-somos\/","title":{"rendered":"\u00bfQui\u00e9nes Somos?"},"content":{"rendered":"<p>[et_pb_section fb_built=\u00bb1&#8243; _builder_version=\u00bb4.27.4&#8243; _module_preset=\u00bbdefault\u00bb custom_padding=\u00bb13px|||||\u00bb global_colors_info=\u00bb{}\u00bb][et_pb_row _builder_version=\u00bb4.27.4&#8243; _module_preset=\u00bbdefault\u00bb custom_padding=\u00bb2px||20px|||\u00bb global_colors_info=\u00bb{}\u00bb][et_pb_column type=\u00bb4_4&#8243; _builder_version=\u00bb4.27.4&#8243; _module_preset=\u00bbdefault\u00bb global_colors_info=\u00bb{}\u00bb][et_pb_text _builder_version=\u00bb4.27.4&#8243; _module_preset=\u00bbdefault\u00bb text_font=\u00bbNeueHaas Display Roman||||||||\u00bb global_colors_info=\u00bb{}\u00bb]<\/p>\n<p><span>Nuestro proposito general es asegurar la aplicaci\u00f3n y evaluaci\u00f3n de mecanismos de coordinaci\u00f3n e integraci\u00f3n t\u00e9cnica para la prestaci\u00f3n de servicios y programas de salud ofrecidos a la poblaci\u00f3n, as\u00ed como la gesti\u00f3n de los Centros Reguladores de Urgencias y Emergencias CRUE en materia de traslado sanitario y gesti\u00f3n del riesgo para la preparaci\u00f3n y respuesta a las emergencias, garantizando calidad y atenci\u00f3n humanizada<\/span><\/p>\n<p>[\/et_pb_text][\/et_pb_column][\/et_pb_row][et_pb_row _builder_version=\u00bb4.27.4&#8243; _module_preset=\u00bbdefault\u00bb custom_padding=\u00bb3px|||||\u00bb global_colors_info=\u00bb{}\u00bb][et_pb_column type=\u00bb4_4&#8243; _builder_version=\u00bb4.27.4&#8243; _module_preset=\u00bbdefault\u00bb global_colors_info=\u00bb{}\u00bb][et_pb_image src=\u00bbhttps:\/\/daeh.gob.do\/daeha2\/wp-content\/uploads\/sites\/9\/2026\/03\/DJI_20260318100034_0035_D.JPG.jpeg\u00bb title_text=\u00bbDJI_20260318100034_0035_D.JPG\u00bb _builder_version=\u00bb4.27.4&#8243; _module_preset=\u00bbdefault\u00bb custom_padding=\u00bb||0px|||\u00bb global_colors_info=\u00bb{}\u00bb][\/et_pb_image][\/et_pb_column][\/et_pb_row][et_pb_row column_structure=\u00bb3_5,2_5&#8243; _builder_version=\u00bb4.27.4&#8243; _module_preset=\u00bbdefault\u00bb custom_padding=\u00bb11px||0px|||\u00bb global_colors_info=\u00bb{}\u00bb][et_pb_column type=\u00bb3_5&#8243; _builder_version=\u00bb4.27.4&#8243; _module_preset=\u00bbdefault\u00bb global_colors_info=\u00bb{}\u00bb][et_pb_text _builder_version=\u00bb4.27.4&#8243; _module_preset=\u00bbdefault\u00bb text_font=\u00bbNeueHaas Display Roman||||||||\u00bb text_line_height=\u00bb1.8em\u00bb header_2_font=\u00bbNeue Haas Grotesk Text Pro||||||||\u00bb header_2_text_color=\u00bb#003876&#8243; custom_margin=\u00bb||1px|||\u00bb global_colors_info=\u00bb{}\u00bb]<\/p>\n<h2 class=\"has-accent-color has-text-color has-medium-font-size\"><strong><em>Funciones Principales<\/em><\/strong><\/h2>\n<ol class=\"wp-block-list\" type=\"1\">\n<li>Dise\u00f1ar y estandarizar los procedimientos y herramientas para asegurar la calidad del servicio de traslado sanitario prehospitalario, interregional e intrarregional.<\/li>\n<li>Activar los mecanismos de respuesta y triaje en los servicios de traslados sanitarios, estableciendo criterios homog\u00e9neos en la recepci\u00f3n, acogida y clasificaci\u00f3n, para la determinaci\u00f3n de la prioridad asistencial.<\/li>\n<li>Asegurar el funcionamiento eficiente y transparente de los servicios prestados a trav\u00e9s del Sistema Nacional de Atenci\u00f3n a Emergencias y Seguridad 9-1-1<\/li>\n<li>Definir las pol\u00edticas, criterios, est\u00e1ndares, protocolos y gu\u00edas referentes a la atenci\u00f3n de emergencias m\u00e9dicas.<\/li>\n<li>Asegurar la capacitaci\u00f3n continua de los profesionales de salud de las emergencias en los temas que se visualicen como necesidad para que los servicios de emergencias puedan brindar atenci\u00f3n de calidad.<\/li>\n<li>Definir, estandarizar, implementar y evaluar la eficiencia y efectividad de los procedimientos, para asegurar la atenci\u00f3n integral y seguridad al paciente aplicando la mejora de la calidad del servicio prestado, a nivel extrahospitalario.<\/li>\n<li>Asegurar la gesti\u00f3n del riesgo, la preparaci\u00f3n y la respuesta ante emergencias de salud que puedan ocurrir, coordinando los mecanismos de intervenci\u00f3n y \u00e1mbitos de participaci\u00f3n de la DAEH en caso de cat\u00e1strofes.<\/li>\n<li>Coordinar a trav\u00e9s del componente Salud del 911 la respuesta de los equipos de emergencias m\u00e9dicas con las agencias, as\u00ed como con otras instituciones que intervienen en situaciones de emergencias, donde se requiera asistencia sanitaria prehospitalaria.<\/li>\n<li>Gestionar la asistencia extrahospitalaria: emergencias, urgencias, atenciones domiciliarias, referencia y contra referencia.<\/li>\n<li>Analizar la informaci\u00f3n epidemiol\u00f3gica captada como resultado de la prestaci\u00f3n del servicio de emergencias m\u00e9dicas y alertar a las entidades correspondientes del MSP en caso de detectar riesgos de epidemias.<\/li>\n<li>Garantizar la adherencia de los protocolos y planes ante situaciones emergencias y desastres gestionando el fortalecimiento de las redes de emergencias de salud.<\/li>\n<li>Las dem\u00e1s funciones establecidas mediante otros instrumentos normativos de organizaci\u00f3n y funciones de la Direcci\u00f3n de Servicios de Atenci\u00f3n a Emergencias.<\/li>\n<\/ol>\n<p>[\/et_pb_text][\/et_pb_column][et_pb_column type=\u00bb2_5&#8243; _builder_version=\u00bb4.27.4&#8243; _module_preset=\u00bbdefault\u00bb global_colors_info=\u00bb{}\u00bb][et_pb_image src=\u00bbhttps:\/\/daeh.gob.do\/daeha2\/wp-content\/uploads\/sites\/9\/2026\/03\/20260318_113548.jpeg\u00bb title_text=\u00bb20260318_113548&#8243; _builder_version=\u00bb4.27.4&#8243; _module_preset=\u00bbdefault\u00bb global_colors_info=\u00bb{}\u00bb][\/et_pb_image][et_pb_image src=\u00bbhttps:\/\/daeh.gob.do\/daeha2\/wp-content\/uploads\/sites\/9\/2026\/03\/20260318_113435.jpg.jpeg\u00bb title_text=\u00bb20260318_113435.jpg\u00bb _builder_version=\u00bb4.27.4&#8243; _module_preset=\u00bbdefault\u00bb global_colors_info=\u00bb{}\u00bb][\/et_pb_image][et_pb_image src=\u00bbhttps:\/\/daeh.gob.do\/daeha2\/wp-content\/uploads\/sites\/9\/2025\/05\/1-1.jpg\u00bb title_text=\u00bb1&#8243; _builder_version=\u00bb4.27.4&#8243; _module_preset=\u00bbdefault\u00bb global_colors_info=\u00bb{}\u00bb][\/et_pb_image][\/et_pb_column][\/et_pb_row][et_pb_row column_structure=\u00bb1_3,2_3&#8243; _builder_version=\u00bb4.27.4&#8243; _module_preset=\u00bbdefault\u00bb custom_padding=\u00bb4px|||||\u00bb global_colors_info=\u00bb{}\u00bb][et_pb_column type=\u00bb1_3&#8243; _builder_version=\u00bb4.27.4&#8243; _module_preset=\u00bbdefault\u00bb global_colors_info=\u00bb{}\u00bb][et_pb_text _builder_version=\u00bb4.27.4&#8243; _module_preset=\u00bbdefault\u00bb text_font=\u00bbNeueHaas Display Roman||||||||\u00bb text_line_height=\u00bb1.8em\u00bb header_2_font=\u00bbNeue Haas Grotesk Text Pro||||||||\u00bb header_2_text_color=\u00bb#003876&#8243; global_colors_info=\u00bb{}\u00bb]<\/p>\n<h2 class=\"wp-block-heading has-accent-color has-text-color\"><strong><em>Misi\u00f3n<\/em><\/strong><\/h2>\n<p>Proveer asistencia sanitaria urgente especializada, a trav\u00e9s de la regulaci\u00f3n y control de las atenciones de emergencias extrahospitalarias y la gesti\u00f3n del riesgo, garantizando la respuesta oportuna a los usuarios de manera integral, profesional y humanizada en beneficio de todos los usuarios en el territorio nacional.<\/p>\n<h2 class=\"wp-block-heading has-accent-color has-text-color\"><strong><em>Visi\u00f3n<\/em><\/strong><\/h2>\n<p>Ser un servicio de excelencia y modelo de la referencia a trav\u00e9s de la respuesta de atenci\u00f3n extrahospitalaria segura y profesional, reconocida por nuestros usuario como l\u00edderes, por prestar un servicio de calidad y traslado oportuno a los pacientes en todo el territorio Nacional.<\/p>\n<p>[\/et_pb_text][\/et_pb_column][et_pb_column type=\u00bb2_3&#8243; _builder_version=\u00bb4.27.4&#8243; _module_preset=\u00bbdefault\u00bb global_colors_info=\u00bb{}\u00bb][et_pb_text _builder_version=\u00bb4.27.4&#8243; _module_preset=\u00bbdefault\u00bb text_font=\u00bbNeueHaas Display Roman||||||||\u00bb text_line_height=\u00bb1.8em\u00bb header_2_font=\u00bbNeue Haas Grotesk Text Pro||||||||\u00bb header_2_text_color=\u00bb#003876&#8243; hover_enabled=\u00bb0&#8243; global_colors_info=\u00bb{}\u00bb header_2_font_size=\u00bb24px\u00bb sticky_enabled=\u00bb0&#8243;]<\/p>\n<h2 class=\"wp-block-heading margin-bottom-titulos has-accent-color has-text-color\"><strong><em>Valores<\/em><\/strong><\/h2>\n<p><strong>Calidad<\/strong>: Garantizar el fiel cumplimiento de los lineamientos basados en los est\u00e1ndares y protocolos establecidos en base al marco legal y normativo.<\/p>\n<p><strong>\u00c9tica<\/strong>: Garantizar el respeto a las leyes, normativas institucionales, deberes y derechos de los usuarios y del personal de salud, as\u00ed como velar por la integridad, confidencialidad y pudor de los usuarios.<\/p>\n<p><strong>Compromiso<\/strong>: Mantener el constante desarrollo de las capacidades humanas, profesionales y log\u00edsticas como organismo regulador y rector, dando el mayor esfuerzo en el logro de los objetivos, con un alto est\u00e1ndar de calidad que satisfaga y supere las expectativas de los usuarios.<\/p>\n<p><strong>Responsabilidad<em>:<\/em><\/strong>\u00a0Funcionarios realizan su funci\u00f3n con compromiso y profesionalismo, respondiendo oportunamente por sus actos y tareas. Buscan soluciones en conjunto con sus equipos y jefaturas con el fin de lograr los objetivos institucionales.<\/p>\n<p><strong>Humanizaci\u00f3n<\/strong>: Garantizar como \u00f3rgano rector la atenci\u00f3n equitativa y de calidad velando por el respeto a la integridad y dignidad de los usuarios, a trav\u00e9s de la concienciaci\u00f3n y sensibilizaci\u00f3n de los colaboradores sin discriminaci\u00f3n de procedencia, nivel social, religi\u00f3n de los usuarios.<\/p>\n<p><strong>Integridad<\/strong>: Implica mantener la rectitud y la honestidad de manera permamente, independiente de las presiones que puedan recibirse, la conducta y el actuar son coherentes con las normas \u00e9ticas de la instituci\u00f3n. Este valor se relaciona \u00edntimamente a la probidad y funciona como una barrera contra la corrupci\u00f3n.<\/p>\n<p><strong>Trabajo en equipo<\/strong>: Integrar los esfuerzos humanos a fin de crear la sinergia necesaria para dar las mejores atenciones a la poblaci\u00f3n como parte de un mismo organismo.<\/p>\n<p>[\/et_pb_text][\/et_pb_column][\/et_pb_row][et_pb_row _builder_version=\u00bb4.27.4&#8243; _module_preset=\u00bbdefault\u00bb global_colors_info=\u00bb{}\u00bb][et_pb_column type=\u00bb4_4&#8243; _builder_version=\u00bb4.27.4&#8243; _module_preset=\u00bbdefault\u00bb global_colors_info=\u00bb{}\u00bb][et_pb_text _builder_version=\u00bb4.27.4&#8243; _module_preset=\u00bbdefault\u00bb text_font=\u00bbNeueHaas Display Roman||||||||\u00bb text_line_height=\u00bb1.8em\u00bb header_2_font=\u00bbNeue Haas Grotesk Text Pro||||||||\u00bb header_2_text_color=\u00bb#003876&#8243; hover_enabled=\u00bb0&#8243; global_colors_info=\u00bb{}\u00bb header_2_font_size=\u00bb24px\u00bb sticky_enabled=\u00bb0&#8243;]<\/p>\n<h2 class=\"has-accent-color has-text-color\"><strong><em>Objetivos Institucionales.<\/em><\/strong><\/h2>\n<ul class=\"wp-block-list\">\n<li>Facilitar la atenci\u00f3n a emergencias y urgencias de salud a nivel extrahospitalario en el menor tiempo posible, a trav\u00e9s de la coordinaci\u00f3n con el sistema de referencia y contra referencia definidos por cada entidad responsable del pago de los servicios de salud.<\/li>\n<li>Mejorar el acceso y la oportunidad a los servicios de urgencias de la poblaci\u00f3n en general, de acuerdo con su prioridad de atenci\u00f3n, en forma ordenada y racional.<\/li>\n<li>Coordinar la referencia y contra referencia para la atenci\u00f3n en salud de la poblaci\u00f3n afectada por situaciones de emergencias o desastres.<\/li>\n<li>Informar, orientar y asesorar a la comunidad en aspectos relacionados con la prevenci\u00f3n y el manejo inicial de urgencias.<\/li>\n<\/ul>\n<p>[\/et_pb_text][\/et_pb_column][\/et_pb_row][\/et_pb_section]<\/p>\n","protected":false},"excerpt":{"rendered":"<p>Nuestro proposito general es asegurar la aplicaci\u00f3n y&#8230;<\/p>\n","protected":false},"author":1,"featured_media":0,"parent":0,"menu_order":0,"comment_status":"closed","ping_status":"closed","template":"","meta":{"_acf_changed":false,"_et_pb_use_builder":"on","_et_pb_old_content":"","_et_gb_content_width":"","_monsterinsights_skip_tracking":false,"_monsterinsights_sitenote_active":false,"_monsterinsights_sitenote_note":"","_monsterinsights_sitenote_category":0,"footnotes":""},"class_list":["post-49","page","type-page","status-publish","hentry"],"acf":[],"yoast_head":"<!-- This site is optimized with the Yoast SEO plugin v27.2 - https:\/\/yoast.com\/product\/yoast-seo-wordpress\/ -->\r\n<title>\u00bfQui\u00e9nes Somos? - Direcci\u00f3n de Servicios de Atenci\u00f3n a Emergencias Extrahospitalarias<\/title>\r\n<meta name=\"robots\" content=\"noindex, follow, max-snippet:-1, max-image-preview:large, max-video-preview:-1\" \/>\r\n<meta property=\"og:locale\" content=\"es_ES\" \/>\r\n<meta property=\"og:type\" content=\"article\" \/>\r\n<meta property=\"og:title\" content=\"\u00bfQui\u00e9nes Somos? - Direcci\u00f3n de Servicios de Atenci\u00f3n a Emergencias Extrahospitalarias\" \/>\r\n<meta property=\"og:description\" content=\"Nuestro proposito general es asegurar la aplicaci\u00f3n y...\" \/>\r\n<meta property=\"og:url\" content=\"https:\/\/daeh.gob.do\/daeha2\/quienes-somos\/\" \/>\r\n<meta property=\"og:site_name\" content=\"Direcci\u00f3n de Servicios de Atenci\u00f3n a Emergencias Extrahospitalarias\" \/>\r\n<meta property=\"article:publisher\" content=\"https:\/\/www.facebook.com\/Daeh.rd\" \/>\r\n<meta property=\"article:modified_time\" content=\"2026-03-31T13:12:00+00:00\" \/>\r\n<meta name=\"twitter:card\" content=\"summary_large_image\" \/>\r\n<meta name=\"twitter:site\" content=\"@DaehRd\" \/>\r\n<meta name=\"twitter:label1\" content=\"Tiempo de lectura\" \/>\n\t<meta name=\"twitter:data1\" content=\"5 minutos\" \/>\r\n<script type=\"application\/ld+json\" class=\"yoast-schema-graph\">{\"@context\":\"https:\/\/schema.org\",\"@graph\":[{\"@type\":\"WebPage\",\"@id\":\"https:\/\/daeh.gob.do\/daeha2\/quienes-somos\/\",\"url\":\"https:\/\/daeh.gob.do\/daeha2\/quienes-somos\/\",\"name\":\"\u00bfQui\u00e9nes Somos? - Direcci\u00f3n de Servicios de Atenci\u00f3n a Emergencias Extrahospitalarias\",\"isPartOf\":{\"@id\":\"https:\/\/daeh.gob.do\/daeha2\/#website\"},\"datePublished\":\"2023-05-21T15:09:12+00:00\",\"dateModified\":\"2026-03-31T13:12:00+00:00\",\"inLanguage\":\"es\",\"potentialAction\":[{\"@type\":\"ReadAction\",\"target\":[\"https:\/\/daeh.gob.do\/daeha2\/quienes-somos\/\"]}]},{\"@type\":\"WebSite\",\"@id\":\"https:\/\/daeh.gob.do\/daeha2\/#website\",\"url\":\"https:\/\/daeh.gob.do\/daeha2\/\",\"name\":\"Direcci\u00f3n de Servicios de Atenci\u00f3n a Emergencias Extrahospitalarias\",\"description\":\"\",\"publisher\":{\"@id\":\"https:\/\/daeh.gob.do\/daeha2\/#organization\"},\"potentialAction\":[{\"@type\":\"SearchAction\",\"target\":{\"@type\":\"EntryPoint\",\"urlTemplate\":\"https:\/\/daeh.gob.do\/daeha2\/?s={search_term_string}\"},\"query-input\":{\"@type\":\"PropertyValueSpecification\",\"valueRequired\":true,\"valueName\":\"search_term_string\"}}],\"inLanguage\":\"es\"},{\"@type\":\"Organization\",\"@id\":\"https:\/\/daeh.gob.do\/daeha2\/#organization\",\"name\":\"Direcci\u00f3n de Servicios de Atenci\u00f3n a Emergencias Extrahospitalarias\",\"url\":\"https:\/\/daeh.gob.do\/daeha2\/\",\"logo\":{\"@type\":\"ImageObject\",\"inLanguage\":\"es\",\"@id\":\"https:\/\/daeh.gob.do\/daeha2\/#\/schema\/logo\/image\/\",\"url\":\"https:\/\/daeh.gob.do\/daeha2\/wp-content\/uploads\/sites\/9\/2023\/05\/DAEH-LATERAL-01.png\",\"contentUrl\":\"https:\/\/daeh.gob.do\/daeha2\/wp-content\/uploads\/sites\/9\/2023\/05\/DAEH-LATERAL-01.png\",\"width\":372,\"height\":59,\"caption\":\"Direcci\u00f3n de Servicios de Atenci\u00f3n a Emergencias Extrahospitalarias\"},\"image\":{\"@id\":\"https:\/\/daeh.gob.do\/daeha2\/#\/schema\/logo\/image\/\"},\"sameAs\":[\"https:\/\/www.facebook.com\/Daeh.rd\",\"https:\/\/x.com\/DaehRd\",\"https:\/\/instagram.com\/daeh.rd\"]}]}<\/script>\r\n<!-- \/ Yoast SEO plugin. -->","yoast_head_json":{"title":"\u00bfQui\u00e9nes Somos? - Direcci\u00f3n de Servicios de Atenci\u00f3n a Emergencias Extrahospitalarias","robots":{"index":"noindex","follow":"follow","max-snippet":"max-snippet:-1","max-image-preview":"max-image-preview:large","max-video-preview":"max-video-preview:-1"},"og_locale":"es_ES","og_type":"article","og_title":"\u00bfQui\u00e9nes Somos? - Direcci\u00f3n de Servicios de Atenci\u00f3n a Emergencias Extrahospitalarias","og_description":"Nuestro proposito general es asegurar la aplicaci\u00f3n y...","og_url":"https:\/\/daeh.gob.do\/daeha2\/quienes-somos\/","og_site_name":"Direcci\u00f3n de Servicios de Atenci\u00f3n a Emergencias Extrahospitalarias","article_publisher":"https:\/\/www.facebook.com\/Daeh.rd","article_modified_time":"2026-03-31T13:12:00+00:00","twitter_card":"summary_large_image","twitter_site":"@DaehRd","twitter_misc":{"Tiempo de lectura":"5 minutos"},"schema":{"@context":"https:\/\/schema.org","@graph":[{"@type":"WebPage","@id":"https:\/\/daeh.gob.do\/daeha2\/quienes-somos\/","url":"https:\/\/daeh.gob.do\/daeha2\/quienes-somos\/","name":"\u00bfQui\u00e9nes Somos? - Direcci\u00f3n de Servicios de Atenci\u00f3n a Emergencias Extrahospitalarias","isPartOf":{"@id":"https:\/\/daeh.gob.do\/daeha2\/#website"},"datePublished":"2023-05-21T15:09:12+00:00","dateModified":"2026-03-31T13:12:00+00:00","inLanguage":"es","potentialAction":[{"@type":"ReadAction","target":["https:\/\/daeh.gob.do\/daeha2\/quienes-somos\/"]}]},{"@type":"WebSite","@id":"https:\/\/daeh.gob.do\/daeha2\/#website","url":"https:\/\/daeh.gob.do\/daeha2\/","name":"Direcci\u00f3n de Servicios de Atenci\u00f3n a Emergencias Extrahospitalarias","description":"","publisher":{"@id":"https:\/\/daeh.gob.do\/daeha2\/#organization"},"potentialAction":[{"@type":"SearchAction","target":{"@type":"EntryPoint","urlTemplate":"https:\/\/daeh.gob.do\/daeha2\/?s={search_term_string}"},"query-input":{"@type":"PropertyValueSpecification","valueRequired":true,"valueName":"search_term_string"}}],"inLanguage":"es"},{"@type":"Organization","@id":"https:\/\/daeh.gob.do\/daeha2\/#organization","name":"Direcci\u00f3n de Servicios de Atenci\u00f3n a Emergencias Extrahospitalarias","url":"https:\/\/daeh.gob.do\/daeha2\/","logo":{"@type":"ImageObject","inLanguage":"es","@id":"https:\/\/daeh.gob.do\/daeha2\/#\/schema\/logo\/image\/","url":"https:\/\/daeh.gob.do\/daeha2\/wp-content\/uploads\/sites\/9\/2023\/05\/DAEH-LATERAL-01.png","contentUrl":"https:\/\/daeh.gob.do\/daeha2\/wp-content\/uploads\/sites\/9\/2023\/05\/DAEH-LATERAL-01.png","width":372,"height":59,"caption":"Direcci\u00f3n de Servicios de Atenci\u00f3n a Emergencias Extrahospitalarias"},"image":{"@id":"https:\/\/daeh.gob.do\/daeha2\/#\/schema\/logo\/image\/"},"sameAs":["https:\/\/www.facebook.com\/Daeh.rd","https:\/\/x.com\/DaehRd","https:\/\/instagram.com\/daeh.rd"]}]}},"_links":{"self":[{"href":"https:\/\/daeh.gob.do\/daeha2\/wp-json\/wp\/v2\/pages\/49","targetHints":{"allow":["GET"]}}],"collection":[{"href":"https:\/\/daeh.gob.do\/daeha2\/wp-json\/wp\/v2\/pages"}],"about":[{"href":"https:\/\/daeh.gob.do\/daeha2\/wp-json\/wp\/v2\/types\/page"}],"author":[{"embeddable":true,"href":"https:\/\/daeh.gob.do\/daeha2\/wp-json\/wp\/v2\/users\/1"}],"replies":[{"embeddable":true,"href":"https:\/\/daeh.gob.do\/daeha2\/wp-json\/wp\/v2\/comments?post=49"}],"version-history":[{"count":42,"href":"https:\/\/daeh.gob.do\/daeha2\/wp-json\/wp\/v2\/pages\/49\/revisions"}],"predecessor-version":[{"id":39303,"href":"https:\/\/daeh.gob.do\/daeha2\/wp-json\/wp\/v2\/pages\/49\/revisions\/39303"}],"wp:attachment":[{"href":"https:\/\/daeh.gob.do\/daeha2\/wp-json\/wp\/v2\/media?parent=49"}],"curies":[{"name":"wp","href":"https:\/\/api.w.org\/{rel}","templated":true}]}}