{"id":35544,"date":"2024-07-05T10:58:10","date_gmt":"2024-07-05T14:58:10","guid":{"rendered":"https:\/\/daeh.gob.do\/daeha2\/?page_id=35544"},"modified":"2024-07-08T11:15:17","modified_gmt":"2024-07-08T15:15:17","slug":"valdesia","status":"publish","type":"page","link":"https:\/\/daeh.gob.do\/daeha2\/valdesia\/","title":{"rendered":"ValdesiaRegi\u00f3n ValdesiaValdesia"},"content":{"rendered":"<p>Leyenda:<\/p>\n<p>Puntos Rojos\u00a0<img loading=\"lazy\" decoding=\"async\" src=\"https:\/\/daeh.gob.do\/daeha2\/wp-content\/uploads\/sites\/9\/2024\/06\/Captura-de-pantalla-2024-06-06-a-las-10.22.22%E2%80%AFa.-m.png\" alt=\"\" width=\"26\" height=\"21\" \/>: Centros Reguladores de Urgencias y Emergencias (CRUE)<br \/>\nPuntos Azules\u00a0<img loading=\"lazy\" decoding=\"async\" src=\"https:\/\/daeh.gob.do\/daeha2\/wp-content\/uploads\/sites\/9\/2024\/06\/Captura-de-pantalla-2024-06-06-a-las-10.18.22%E2%80%AFa.-m.png\" alt=\"\" width=\"24\" height=\"20\" \/>: Centros de Operaciones.<\/p>\n<p><iframe loading=\"lazy\" src=\"https:\/\/www.google.com\/maps\/d\/u\/1\/embed?mid=1nO-PtJYTOzC0fIT-Zy4pbLdKnUhtvdA&amp;ehbc=2E312F\" width=\"1097\" height=\"700\"><\/iframe><\/p>\n","protected":false},"excerpt":{"rendered":"<p>Leyenda: Puntos Rojos\u00a0: Centros Reguladores de Urgencias y Emergencias (CRUE) Puntos Azules\u00a0: Centros de Operaciones.<\/p>\n","protected":false},"author":8,"featured_media":0,"parent":0,"menu_order":0,"comment_status":"closed","ping_status":"closed","template":"","meta":{"_acf_changed":false,"_et_pb_use_builder":"","_et_pb_old_content":"","_et_gb_content_width":"","_monsterinsights_skip_tracking":false,"_monsterinsights_sitenote_active":false,"_monsterinsights_sitenote_note":"","_monsterinsights_sitenote_category":0,"footnotes":""},"class_list":["post-35544","page","type-page","status-publish","hentry"],"acf":[],"yoast_head":"<!-- This site is optimized with the Yoast SEO plugin v27.2 - https:\/\/yoast.com\/product\/yoast-seo-wordpress\/ -->\r\n<title>ValdesiaRegi\u00f3n ValdesiaValdesia - Direcci\u00f3n de Servicios de Atenci\u00f3n a Emergencias Extrahospitalarias<\/title>\r\n<meta name=\"robots\" content=\"noindex, follow, max-snippet:-1, max-image-preview:large, max-video-preview:-1\" \/>\r\n<meta property=\"og:locale\" content=\"es_ES\" \/>\r\n<meta property=\"og:type\" content=\"article\" \/>\r\n<meta property=\"og:title\" content=\"ValdesiaRegi\u00f3n ValdesiaValdesia - Direcci\u00f3n de Servicios de Atenci\u00f3n a Emergencias Extrahospitalarias\" \/>\r\n<meta property=\"og:description\" content=\"Leyenda: Puntos Rojos\u00a0: Centros Reguladores de Urgencias y Emergencias (CRUE) Puntos Azules\u00a0: Centros de Operaciones.\" \/>\r\n<meta property=\"og:url\" content=\"https:\/\/daeh.gob.do\/daeha2\/valdesia\/\" \/>\r\n<meta property=\"og:site_name\" content=\"Direcci\u00f3n de Servicios de Atenci\u00f3n a Emergencias Extrahospitalarias\" \/>\r\n<meta property=\"article:publisher\" content=\"https:\/\/www.facebook.com\/Daeh.rd\" \/>\r\n<meta property=\"article:modified_time\" content=\"2024-07-08T15:15:17+00:00\" \/>\r\n<meta property=\"og:image\" content=\"https:\/\/daeh.gob.do\/daeha2\/wp-content\/uploads\/sites\/9\/2024\/06\/Captura-de-pantalla-2024-06-06-a-las-10.22.22%E2%80%AFa.-m.png\" \/>\r\n<meta name=\"twitter:card\" content=\"summary_large_image\" \/>\r\n<meta name=\"twitter:site\" content=\"@DaehRd\" \/>\r\n<meta name=\"twitter:label1\" content=\"Tiempo de lectura\" \/>\n\t<meta name=\"twitter:data1\" content=\"1 minuto\" \/>\r\n<script type=\"application\/ld+json\" class=\"yoast-schema-graph\">{\"@context\":\"https:\/\/schema.org\",\"@graph\":[{\"@type\":\"WebPage\",\"@id\":\"https:\/\/daeh.gob.do\/daeha2\/valdesia\/\",\"url\":\"https:\/\/daeh.gob.do\/daeha2\/valdesia\/\",\"name\":\"ValdesiaRegi\u00f3n ValdesiaValdesia - Direcci\u00f3n de Servicios de Atenci\u00f3n a Emergencias Extrahospitalarias\",\"isPartOf\":{\"@id\":\"https:\/\/daeh.gob.do\/daeha2\/#website\"},\"primaryImageOfPage\":{\"@id\":\"https:\/\/daeh.gob.do\/daeha2\/valdesia\/#primaryimage\"},\"image\":{\"@id\":\"https:\/\/daeh.gob.do\/daeha2\/valdesia\/#primaryimage\"},\"thumbnailUrl\":\"https:\/\/daeh.gob.do\/daeha2\/wp-content\/uploads\/sites\/9\/2024\/06\/Captura-de-pantalla-2024-06-06-a-las-10.22.22%E2%80%AFa.-m.png\",\"datePublished\":\"2024-07-05T14:58:10+00:00\",\"dateModified\":\"2024-07-08T15:15:17+00:00\",\"inLanguage\":\"es\",\"potentialAction\":[{\"@type\":\"ReadAction\",\"target\":[\"https:\/\/daeh.gob.do\/daeha2\/valdesia\/\"]}]},{\"@type\":\"ImageObject\",\"inLanguage\":\"es\",\"@id\":\"https:\/\/daeh.gob.do\/daeha2\/valdesia\/#primaryimage\",\"url\":\"https:\/\/daeh.gob.do\/daeha2\/wp-content\/uploads\/sites\/9\/2024\/06\/Captura-de-pantalla-2024-06-06-a-las-10.22.22%E2%80%AFa.-m.png\",\"contentUrl\":\"https:\/\/daeh.gob.do\/daeha2\/wp-content\/uploads\/sites\/9\/2024\/06\/Captura-de-pantalla-2024-06-06-a-las-10.22.22%E2%80%AFa.-m.png\"},{\"@type\":\"WebSite\",\"@id\":\"https:\/\/daeh.gob.do\/daeha2\/#website\",\"url\":\"https:\/\/daeh.gob.do\/daeha2\/\",\"name\":\"Direcci\u00f3n de Servicios de Atenci\u00f3n a Emergencias Extrahospitalarias\",\"description\":\"\",\"publisher\":{\"@id\":\"https:\/\/daeh.gob.do\/daeha2\/#organization\"},\"potentialAction\":[{\"@type\":\"SearchAction\",\"target\":{\"@type\":\"EntryPoint\",\"urlTemplate\":\"https:\/\/daeh.gob.do\/daeha2\/?s={search_term_string}\"},\"query-input\":{\"@type\":\"PropertyValueSpecification\",\"valueRequired\":true,\"valueName\":\"search_term_string\"}}],\"inLanguage\":\"es\"},{\"@type\":\"Organization\",\"@id\":\"https:\/\/daeh.gob.do\/daeha2\/#organization\",\"name\":\"Direcci\u00f3n de Servicios de Atenci\u00f3n a Emergencias Extrahospitalarias\",\"url\":\"https:\/\/daeh.gob.do\/daeha2\/\",\"logo\":{\"@type\":\"ImageObject\",\"inLanguage\":\"es\",\"@id\":\"https:\/\/daeh.gob.do\/daeha2\/#\/schema\/logo\/image\/\",\"url\":\"https:\/\/daeh.gob.do\/daeha2\/wp-content\/uploads\/sites\/9\/2023\/05\/DAEH-LATERAL-01.png\",\"contentUrl\":\"https:\/\/daeh.gob.do\/daeha2\/wp-content\/uploads\/sites\/9\/2023\/05\/DAEH-LATERAL-01.png\",\"width\":372,\"height\":59,\"caption\":\"Direcci\u00f3n de Servicios de Atenci\u00f3n a Emergencias Extrahospitalarias\"},\"image\":{\"@id\":\"https:\/\/daeh.gob.do\/daeha2\/#\/schema\/logo\/image\/\"},\"sameAs\":[\"https:\/\/www.facebook.com\/Daeh.rd\",\"https:\/\/x.com\/DaehRd\",\"https:\/\/instagram.com\/daeh.rd\"]}]}<\/script>\r\n<!-- \/ Yoast SEO plugin. -->","yoast_head_json":{"title":"ValdesiaRegi\u00f3n ValdesiaValdesia - Direcci\u00f3n de Servicios de Atenci\u00f3n a Emergencias Extrahospitalarias","robots":{"index":"noindex","follow":"follow","max-snippet":"max-snippet:-1","max-image-preview":"max-image-preview:large","max-video-preview":"max-video-preview:-1"},"og_locale":"es_ES","og_type":"article","og_title":"ValdesiaRegi\u00f3n ValdesiaValdesia - Direcci\u00f3n de Servicios de Atenci\u00f3n a Emergencias Extrahospitalarias","og_description":"Leyenda: Puntos Rojos\u00a0: Centros Reguladores de Urgencias y Emergencias (CRUE) Puntos Azules\u00a0: Centros de Operaciones.","og_url":"https:\/\/daeh.gob.do\/daeha2\/valdesia\/","og_site_name":"Direcci\u00f3n de Servicios de Atenci\u00f3n a Emergencias Extrahospitalarias","article_publisher":"https:\/\/www.facebook.com\/Daeh.rd","article_modified_time":"2024-07-08T15:15:17+00:00","og_image":[{"url":"https:\/\/daeh.gob.do\/daeha2\/wp-content\/uploads\/sites\/9\/2024\/06\/Captura-de-pantalla-2024-06-06-a-las-10.22.22%E2%80%AFa.-m.png","type":"","width":"","height":""}],"twitter_card":"summary_large_image","twitter_site":"@DaehRd","twitter_misc":{"Tiempo de lectura":"1 minuto"},"schema":{"@context":"https:\/\/schema.org","@graph":[{"@type":"WebPage","@id":"https:\/\/daeh.gob.do\/daeha2\/valdesia\/","url":"https:\/\/daeh.gob.do\/daeha2\/valdesia\/","name":"ValdesiaRegi\u00f3n ValdesiaValdesia - Direcci\u00f3n de Servicios de Atenci\u00f3n a Emergencias Extrahospitalarias","isPartOf":{"@id":"https:\/\/daeh.gob.do\/daeha2\/#website"},"primaryImageOfPage":{"@id":"https:\/\/daeh.gob.do\/daeha2\/valdesia\/#primaryimage"},"image":{"@id":"https:\/\/daeh.gob.do\/daeha2\/valdesia\/#primaryimage"},"thumbnailUrl":"https:\/\/daeh.gob.do\/daeha2\/wp-content\/uploads\/sites\/9\/2024\/06\/Captura-de-pantalla-2024-06-06-a-las-10.22.22%E2%80%AFa.-m.png","datePublished":"2024-07-05T14:58:10+00:00","dateModified":"2024-07-08T15:15:17+00:00","inLanguage":"es","potentialAction":[{"@type":"ReadAction","target":["https:\/\/daeh.gob.do\/daeha2\/valdesia\/"]}]},{"@type":"ImageObject","inLanguage":"es","@id":"https:\/\/daeh.gob.do\/daeha2\/valdesia\/#primaryimage","url":"https:\/\/daeh.gob.do\/daeha2\/wp-content\/uploads\/sites\/9\/2024\/06\/Captura-de-pantalla-2024-06-06-a-las-10.22.22%E2%80%AFa.-m.png","contentUrl":"https:\/\/daeh.gob.do\/daeha2\/wp-content\/uploads\/sites\/9\/2024\/06\/Captura-de-pantalla-2024-06-06-a-las-10.22.22%E2%80%AFa.-m.png"},{"@type":"WebSite","@id":"https:\/\/daeh.gob.do\/daeha2\/#website","url":"https:\/\/daeh.gob.do\/daeha2\/","name":"Direcci\u00f3n de Servicios de Atenci\u00f3n a Emergencias Extrahospitalarias","description":"","publisher":{"@id":"https:\/\/daeh.gob.do\/daeha2\/#organization"},"potentialAction":[{"@type":"SearchAction","target":{"@type":"EntryPoint","urlTemplate":"https:\/\/daeh.gob.do\/daeha2\/?s={search_term_string}"},"query-input":{"@type":"PropertyValueSpecification","valueRequired":true,"valueName":"search_term_string"}}],"inLanguage":"es"},{"@type":"Organization","@id":"https:\/\/daeh.gob.do\/daeha2\/#organization","name":"Direcci\u00f3n de Servicios de Atenci\u00f3n a Emergencias Extrahospitalarias","url":"https:\/\/daeh.gob.do\/daeha2\/","logo":{"@type":"ImageObject","inLanguage":"es","@id":"https:\/\/daeh.gob.do\/daeha2\/#\/schema\/logo\/image\/","url":"https:\/\/daeh.gob.do\/daeha2\/wp-content\/uploads\/sites\/9\/2023\/05\/DAEH-LATERAL-01.png","contentUrl":"https:\/\/daeh.gob.do\/daeha2\/wp-content\/uploads\/sites\/9\/2023\/05\/DAEH-LATERAL-01.png","width":372,"height":59,"caption":"Direcci\u00f3n de Servicios de Atenci\u00f3n a Emergencias Extrahospitalarias"},"image":{"@id":"https:\/\/daeh.gob.do\/daeha2\/#\/schema\/logo\/image\/"},"sameAs":["https:\/\/www.facebook.com\/Daeh.rd","https:\/\/x.com\/DaehRd","https:\/\/instagram.com\/daeh.rd"]}]}},"_links":{"self":[{"href":"https:\/\/daeh.gob.do\/daeha2\/wp-json\/wp\/v2\/pages\/35544","targetHints":{"allow":["GET"]}}],"collection":[{"href":"https:\/\/daeh.gob.do\/daeha2\/wp-json\/wp\/v2\/pages"}],"about":[{"href":"https:\/\/daeh.gob.do\/daeha2\/wp-json\/wp\/v2\/types\/page"}],"author":[{"embeddable":true,"href":"https:\/\/daeh.gob.do\/daeha2\/wp-json\/wp\/v2\/users\/8"}],"replies":[{"embeddable":true,"href":"https:\/\/daeh.gob.do\/daeha2\/wp-json\/wp\/v2\/comments?post=35544"}],"version-history":[{"count":5,"href":"https:\/\/daeh.gob.do\/daeha2\/wp-json\/wp\/v2\/pages\/35544\/revisions"}],"predecessor-version":[{"id":35616,"href":"https:\/\/daeh.gob.do\/daeha2\/wp-json\/wp\/v2\/pages\/35544\/revisions\/35616"}],"wp:attachment":[{"href":"https:\/\/daeh.gob.do\/daeha2\/wp-json\/wp\/v2\/media?parent=35544"}],"curies":[{"name":"wp","href":"https:\/\/api.w.org\/{rel}","templated":true}]}}