{"id":34710,"date":"2024-03-06T13:12:38","date_gmt":"2024-03-06T13:12:38","guid":{"rendered":"https:\/\/daeh.gob.do\/daeha2\/?page_id=34710"},"modified":"2026-03-31T09:02:27","modified_gmt":"2026-03-31T13:02:27","slug":"terminos-de-uso","status":"publish","type":"page","link":"https:\/\/daeh.gob.do\/daeha2\/terminos-de-uso\/","title":{"rendered":"T\u00e9rminos de Uso y su Aceptaci\u00f3n."},"content":{"rendered":"<p>Los presentes t\u00e9rminos de uso (en lo que sigue, los \u201cT\u00e9rminos de Uso\u201d) regulan los servicios del portal de Internet <a href=\"http:\/\/www.daeh.gob.do\">www.daeh.gob.do<\/a> (en lo que sigue, el \u201cPortal\u201d) de la Direcci\u00f3n de Servicios de Atenci\u00f3n a Emergencias Extrahospitalarias (en lo que sigue, la \u201cDAEH\u201d), instituci\u00f3n gubernamental con dependencia directa del Poder Ejecutivo, creada mediante el Decreto No. 489-22, de fecha veinticuatro (24) de agosto del a\u00f1o 2022, con su domicilio y oficinas principales en la <a href=\"https:\/\/maps.app.goo.gl\/qNEMLJtPQAJWsu45A\">Av. Los Pr\u00f3ceres, esquina Erick Leonard, del sector Arroyo Hondo, Santo Domingo de Guzm\u00e1n, Distrito Nacional, Rep\u00fablica Dominicana<\/a>, Distrito Nacional, Capital de la Rep\u00fablica Dominicana.<\/p>\n<p>El uso del Portal le otorga la condici\u00f3n de usuario del Portal (en lo que sigue, el \u201cUsuario\u201d) e implica la aceptaci\u00f3n plena y sin reservas de todas y cada una de las disposiciones establecidas en los T\u00e9rminos de Uso y las Pol\u00edticas publicadas por la DAEH al momento en que el Usuario acceda al Portal. Por lo tanto, se hace necesario que el Usuario lea detenidamente estos t\u00e9rminos en cada ocasi\u00f3n en que utilice el Portal, ya que \u00e9ste puede sufrir modificaciones, sin previo aviso.<\/p>\n<p>1. Objeto.- A trav\u00e9s del Portal, la DAEH facilita a los Usuarios el acceso y el uso de los servicios, informaciones y contenidos (en lo que sigue, los \u201cServicios\u201d) colocados a disposici\u00f3n por la DAEH o por terceros.<\/p>\n<p>2. Condiciones de Accesibilidad y Uso del Portal.-<\/p>\n<p>3. Car\u00e1cter gratuito del acceso y uso del Portal.- La prestaci\u00f3n de los Servicios, de parte de la DAEH, tiene car\u00e1cter gratuito para el Usuario. Sin perjuicio de lo anterior, algunos de los Servicios suministrados por la DAEH a trav\u00e9s del Portal podr\u00edan estar sujetos al pago de una tasa la cual estar\u00eda establecida en el mismo.<\/p>\n<p>4. Registro del Usuario.- De manera general, la prestaci\u00f3n de los Servicios no exige la suscripci\u00f3n o registro previo de parte del Usuario.<\/p>\n<p>5. Veracidad de la informaci\u00f3n.- Toda informaci\u00f3n facilitada al Usuario mediante los Servicios deber\u00e1 ser veraz. Por esto, el Usuario se compromete a garantizar el car\u00e1cter aut\u00e9ntico de los datos que provea a consecuencia de los requisitos de los formularios necesarios para la suscripci\u00f3n de los Servicios. De igual forma, ser\u00e1 responsabilidad del Usuario mantener toda la informaci\u00f3n facilitada a la DAEH debidamente actualizada de manera tal que responda, en cada momento, a la situaci\u00f3n real del Usuario. En todo caso el Usuario ser\u00e1 el \u00fanico responsable de las informaciones falsas o inexactas que realice y de los perjuicios que pueda causar a la DAEH o a terceros por la informaci\u00f3n que suministre.<\/p>\n<p>6. Propiedad Intelectual.- Todo el contenido de este Portal, ya sean textos, im\u00e1genes, recopilaciones, marcas, logotipos, combinaciones de colores, o cualquier otro elemento, su estructura y dise\u00f1o, la selecci\u00f3n y forma de presentaci\u00f3n de los materiales incluidos en la misma, y los programas necesarios para su funcionamiento, acceso y uso, est\u00e1n protegidos por derechos de propiedad intelectual, de los cuales es titular la DAEH o de terceros licenciantes, que el Usuario de este Portal debe respetar.<\/p>\n<p>7. El Usuario del Portal deber\u00e1 abstenerse de suprimir, alterar, eludir o manipular cualquier dispositivo de protecci\u00f3n o sistema de seguridad que pueda estar instalado en el mismo.<\/p>\n<p>8. Protecci\u00f3n de los datos personales.- Para utilizar algunos de los Servicios, el Usuario debe facilitar previamente a la DAEH algunos datos de car\u00e1cter personal (en lo que sigue, los \u201cDatos Personales\u201d).<\/p>\n<p>9. La DAEH tratar\u00e1 de forma autom\u00e1tica los Datos Personales con la finalidad y las condiciones, definidas en su Pol\u00edtica de Privacidad. La DAEH no garantiza la ausencia de virus ni de otros elementos en los Servicios prestados por terceros a trav\u00e9s del Portal que puedan causar alteraciones en el sistema inform\u00e1tico del Usuario (software y hardware) o en los documentos electr\u00f3nicos y\/o bases de datos de su sistema inform\u00e1tico.<\/p>\n<p>10. La DAEH ha adoptado los niveles de seguridad de protecci\u00f3n que entiende necesarios y procura instalar los medios y medidas t\u00e9cnicas de protecci\u00f3n que se vayan haciendo necesarias. Sin embargo, el Usuario debe estar consciente de que las medidas de seguridad en la Internet no son inviolables.<\/p>\n<p>11. La DAEH puede utilizar cookies cuando un Usuario navega por los sitios y p\u00e1ginas Web del Portal. Las cookies que se puedan usar en los sitios y p\u00e1ginas Web del Portal se asocian \u00fanicamente con el navegador de un computador determinado (un Usuario an\u00f3nimo), y no proporcionan en s\u00ed mismas el nombre y apellido del Usuario. Gracias a las \u201ccookies\u201d, resulta posible que la DAEH reconozca los navegadores de los Usuarios registrados (luego de que \u00e9stos se hayan registrado por primera vez), esto ayuda que no tengan que registrarse cada vez que visita las \u00e1reas y los Servicios reservados exclusivamente a ellos. Las \u201ccookies\u201d utilizadas no pueden leer archivos \u201ccookie\u201d creados por otros proveedores. El Usuario tiene la posibilidad de configurar su navegador para ser avisado en su pantalla de la recepci\u00f3n de \u201ccookies\u201d y para impedir la instalaci\u00f3n de las mismas en el disco duro.<\/p>\n<p>12. Para utilizar el Portal no es indispensable la instalaci\u00f3n de las \u201ccookies\u201d enviadas por la DAEH, sin perjuicio de que en tal caso puede ser necesario que el Usuario se registre cada vez que acceda a un Servicio que requiera un registro previo.<\/p>\n<p>T\u00e9rminos de Uso \u2013 Mobile<\/p>\n<p>T\u00e9rminos de Uso y su Aceptaci\u00f3n<\/p>\n<p>Los presentes t\u00e9rminos de uso (en lo que sigue, los \u201cT\u00e9rminos de Uso\u201d) regulan los servicios del portal de Internet <a href=\"https:\/\/daeh.gob.do\/daeha2\">www.daeh.gob.do<\/a> (en lo que sigue, el \u201cPortal\u201d) de la Direcci\u00f3n de Servicios de Atenci\u00f3n a Emergencias Extrahospitalarias (en lo que sigue, la \u201cDAEH\u201d), instituci\u00f3n gubernamental con dependencia directa del Poder Ejecutivo, creada mediante el Decreto No. 489-22, de fecha veinticuatro (24) de agosto del a\u00f1o 2022, con su domicilio y oficinas principales en la <a href=\"https:\/\/maps.app.goo.gl\/qNEMLJtPQAJWsu45A\">Av. Los Pr\u00f3ceres, esquina Erick Leonard, del sector Arroyo Hondo, Santo Domingo de Guzm\u00e1n, Distrito Nacional, Rep\u00fablica Dominicana<\/a>, Capital de la Rep\u00fablica Dominicana.<\/p>\n<p>El uso del Portal le otorga la condici\u00f3n de usuario del Portal (en lo que sigue, el \u201cUsuario\u201d) e implica la aceptaci\u00f3n plena y sin reservas de todas y cada una de las disposiciones establecidas en los T\u00e9rminos de Uso y las Pol\u00edticas publicadas por la DAEH al momento en que el Usuario acceda al Portal. Por lo tanto, se hace necesario que el Usuario lea detenidamente estos t\u00e9rminos en cada ocasi\u00f3n en que utilice el Portal, ya que \u00e9ste puede sufrir modificaciones, sin previo aviso.<\/p>\n<p>1. Objeto.- A trav\u00e9s del Portal, la DAEH facilita a los Usuarios el acceso y el uso de los servicios, informaciones y contenidos (en lo que sigue, los \u201cServicios\u201d) colocados a disposici\u00f3n por la DAEH o por terceros.<\/p>\n<p>2. Condiciones de Accesibilidad y Uso del Portal.-<\/p>\n<p>3. Car\u00e1cter gratuito del acceso y uso del Portal.- La prestaci\u00f3n de los Servicios, de parte de la DAEH, tiene car\u00e1cter gratuito para el Usuario. Sin perjuicio de lo anterior, algunos de los Servicios suministrados por la DAEH a trav\u00e9s del Portal podr\u00edan estar sujetos al pago de una tasa la cual estar\u00eda establecida en el mismo.<\/p>\n<p>4. Registro del Usuario.- De manera general, la prestaci\u00f3n de los Servicios no exige la suscripci\u00f3n o registro previo de parte del Usuario.<\/p>\n<p>5. Veracidad de la informaci\u00f3n.- Toda informaci\u00f3n facilitada al Usuario mediante los Servicios deber\u00e1 ser veraz. Por esto, el Usuario se compromete a garantizar el car\u00e1cter aut\u00e9ntico de los datos que provea a consecuencia de los requisitos de los formularios necesarios para la suscripci\u00f3n de los Servicios. De igual forma, ser\u00e1 responsabilidad del Usuario mantener toda la informaci\u00f3n facilitada a la DAEH debidamente actualizada de manera tal que responda, en cada momento, a la situaci\u00f3n real del Usuario. En todo caso el Usuario ser\u00e1 el \u00fanico responsable de las informaciones falsas o inexactas que realice y de los perjuicios que pueda causar a la DAEH o a terceros por la informaci\u00f3n que suministre.<\/p>\n<p>6. Propiedad Intelectual.- Todo el contenido de este Portal, ya sean textos, im\u00e1genes, recopilaciones, marcas, logotipos, combinaciones de colores, o cualquier otro elemento, su estructura y dise\u00f1o, la selecci\u00f3n y forma de presentaci\u00f3n de los materiales incluidos en la misma, y los programas necesarios para su funcionamiento, acceso y uso, est\u00e1n protegidos por derechos de propiedad intelectual, de los cuales es titular la DAEH o de terceros licenciantes, que el Usuario de este Portal debe respetar.<\/p>\n<p>7. El Usuario del Portal deber\u00e1 abstenerse de suprimir, alterar, eludir o manipular cualquier dispositivo de protecci\u00f3n o sistema de seguridad que pueda estar instalado en el mismo.<\/p>\n<p>8. Protecci\u00f3n de los datos personales.- Para utilizar algunos de los Servicios, el Usuario debe facilitar previamente a la DAEH algunos datos de car\u00e1cter personal (en lo que sigue, los \u201cDatos Personales\u201d).<\/p>\n<p>9. La DAEH tratar\u00e1 de forma autom\u00e1tica los Datos Personales con la finalidad y las condiciones, definidas en su Pol\u00edtica de Privacidad. La DAEH no garantiza la ausencia de virus ni de otros elementos en los Servicios prestados por terceros a trav\u00e9s del Portal que puedan causar alteraciones en el sistema inform\u00e1tico del Usuario (software y hardware) o en los documentos electr\u00f3nicos y\/o bases de datos de su sistema inform\u00e1tico.<\/p>\n<p>10. La DAEH ha adoptado los niveles de seguridad de protecci\u00f3n que entiende necesarios y procura instalar los medios y medidas t\u00e9cnicas de protecci\u00f3n que se vayan haciendo necesarias. Sin embargo, el Usuario debe estar consciente de que las medidas de seguridad en la Internet no son inviolables.<\/p>\n<p>11. La DAEH puede utilizar cookies cuando un Usuario navega por los sitios y p\u00e1ginas Web del Portal. Las cookies que se puedan usar en los sitios y p\u00e1ginas Web del Portal se asocian \u00fanicamente con el navegador de un computador determinado (un Usuario an\u00f3nimo), y no proporcionan en s\u00ed mismas el nombre y apellido del Usuario. Gracias a las \u201ccookies\u201d, resulta posible que la DAEH reconozca los navegadores de los Usuarios registrados (luego de que \u00e9stos se hayan registrado por primera vez), esto ayuda que no tengan que registrarse cada vez que visita las \u00e1reas y los Servicios reservados exclusivamente a ellos. Las \u201ccookies\u201d utilizadas no pueden leer archivos \u201ccookie\u201d creados por otros proveedores. El Usuario tiene la posibilidad de configurar su navegador para ser avisado en su pantalla de la recepci\u00f3n de \u201ccookies\u201d y para impedir la instalaci\u00f3n de las mismas en el disco duro.<\/p>\n<p>12. Para utilizar el Portal no es indispensable la instalaci\u00f3n de las \u201ccookies\u201d enviadas por la DAEH, sin perjuicio de que en tal caso puede ser necesario que el Usuario se registre cada vez que acceda a un Servicio que requiera un registro previo.<\/p>\n","protected":false},"excerpt":{"rendered":"<p>Los presentes t\u00e9rminos de uso (en lo que sigue, los \u201cT\u00e9rminos de Uso\u201d) regulan los servicios del portal de Internet www.daeh.gob.do (en lo que sigue, el \u201cPortal\u201d) de la Direcci\u00f3n de Servicios de Atenci\u00f3n a Emergencias Extrahospitalarias (en lo que sigue, la \u201cDAEH\u201d), instituci\u00f3n gubernamental con dependencia directa del Poder Ejecutivo, creada mediante el Decreto &hellip; <a href=\"https:\/\/daeh.gob.do\/daeha2\/terminos-de-uso\/\">Continued<\/a><\/p>\n","protected":false},"author":8,"featured_media":0,"parent":0,"menu_order":0,"comment_status":"closed","ping_status":"closed","template":"","meta":{"_acf_changed":false,"_et_pb_use_builder":"","_et_pb_old_content":"","_et_gb_content_width":"","_monsterinsights_skip_tracking":false,"_monsterinsights_sitenote_active":false,"_monsterinsights_sitenote_note":"","_monsterinsights_sitenote_category":0,"footnotes":""},"class_list":["post-34710","page","type-page","status-publish","hentry"],"acf":[],"yoast_head":"<!-- This site is optimized with the Yoast SEO plugin v27.2 - https:\/\/yoast.com\/product\/yoast-seo-wordpress\/ -->\r\n<title>T\u00e9rminos de Uso y su Aceptaci\u00f3n. - Direcci\u00f3n de Servicios de Atenci\u00f3n a Emergencias Extrahospitalarias<\/title>\r\n<meta name=\"robots\" content=\"noindex, follow, max-snippet:-1, max-image-preview:large, max-video-preview:-1\" \/>\r\n<meta property=\"og:locale\" content=\"es_ES\" \/>\r\n<meta property=\"og:type\" content=\"article\" \/>\r\n<meta property=\"og:title\" content=\"T\u00e9rminos de Uso y su Aceptaci\u00f3n. - Direcci\u00f3n de Servicios de Atenci\u00f3n a Emergencias Extrahospitalarias\" \/>\r\n<meta property=\"og:description\" content=\"Los presentes t\u00e9rminos de uso (en lo que sigue, los \u201cT\u00e9rminos de Uso\u201d) regulan los servicios del portal de Internet www.daeh.gob.do (en lo que sigue, el \u201cPortal\u201d) de la Direcci\u00f3n de Servicios de Atenci\u00f3n a Emergencias Extrahospitalarias (en lo que sigue, la \u201cDAEH\u201d), instituci\u00f3n gubernamental con dependencia directa del Poder Ejecutivo, creada mediante el Decreto &hellip; Continued\" \/>\r\n<meta property=\"og:url\" content=\"https:\/\/daeh.gob.do\/daeha2\/terminos-de-uso\/\" \/>\r\n<meta property=\"og:site_name\" content=\"Direcci\u00f3n de Servicios de Atenci\u00f3n a Emergencias Extrahospitalarias\" \/>\r\n<meta property=\"article:publisher\" content=\"https:\/\/www.facebook.com\/Daeh.rd\" \/>\r\n<meta property=\"article:modified_time\" content=\"2026-03-31T13:02:27+00:00\" \/>\r\n<meta name=\"twitter:card\" content=\"summary_large_image\" \/>\r\n<meta name=\"twitter:site\" content=\"@DaehRd\" \/>\r\n<meta name=\"twitter:label1\" content=\"Tiempo de lectura\" \/>\n\t<meta name=\"twitter:data1\" content=\"9 minutos\" \/>\r\n<script type=\"application\/ld+json\" class=\"yoast-schema-graph\">{\"@context\":\"https:\/\/schema.org\",\"@graph\":[{\"@type\":\"WebPage\",\"@id\":\"https:\/\/daeh.gob.do\/daeha2\/terminos-de-uso\/\",\"url\":\"https:\/\/daeh.gob.do\/daeha2\/terminos-de-uso\/\",\"name\":\"T\u00e9rminos de Uso y su Aceptaci\u00f3n. - Direcci\u00f3n de Servicios de Atenci\u00f3n a Emergencias Extrahospitalarias\",\"isPartOf\":{\"@id\":\"https:\/\/daeh.gob.do\/daeha2\/#website\"},\"datePublished\":\"2024-03-06T13:12:38+00:00\",\"dateModified\":\"2026-03-31T13:02:27+00:00\",\"inLanguage\":\"es\",\"potentialAction\":[{\"@type\":\"ReadAction\",\"target\":[\"https:\/\/daeh.gob.do\/daeha2\/terminos-de-uso\/\"]}]},{\"@type\":\"WebSite\",\"@id\":\"https:\/\/daeh.gob.do\/daeha2\/#website\",\"url\":\"https:\/\/daeh.gob.do\/daeha2\/\",\"name\":\"Direcci\u00f3n de Servicios de Atenci\u00f3n a Emergencias Extrahospitalarias\",\"description\":\"\",\"publisher\":{\"@id\":\"https:\/\/daeh.gob.do\/daeha2\/#organization\"},\"potentialAction\":[{\"@type\":\"SearchAction\",\"target\":{\"@type\":\"EntryPoint\",\"urlTemplate\":\"https:\/\/daeh.gob.do\/daeha2\/?s={search_term_string}\"},\"query-input\":{\"@type\":\"PropertyValueSpecification\",\"valueRequired\":true,\"valueName\":\"search_term_string\"}}],\"inLanguage\":\"es\"},{\"@type\":\"Organization\",\"@id\":\"https:\/\/daeh.gob.do\/daeha2\/#organization\",\"name\":\"Direcci\u00f3n de Servicios de Atenci\u00f3n a Emergencias Extrahospitalarias\",\"url\":\"https:\/\/daeh.gob.do\/daeha2\/\",\"logo\":{\"@type\":\"ImageObject\",\"inLanguage\":\"es\",\"@id\":\"https:\/\/daeh.gob.do\/daeha2\/#\/schema\/logo\/image\/\",\"url\":\"https:\/\/daeh.gob.do\/daeha2\/wp-content\/uploads\/sites\/9\/2023\/05\/DAEH-LATERAL-01.png\",\"contentUrl\":\"https:\/\/daeh.gob.do\/daeha2\/wp-content\/uploads\/sites\/9\/2023\/05\/DAEH-LATERAL-01.png\",\"width\":372,\"height\":59,\"caption\":\"Direcci\u00f3n de Servicios de Atenci\u00f3n a Emergencias Extrahospitalarias\"},\"image\":{\"@id\":\"https:\/\/daeh.gob.do\/daeha2\/#\/schema\/logo\/image\/\"},\"sameAs\":[\"https:\/\/www.facebook.com\/Daeh.rd\",\"https:\/\/x.com\/DaehRd\",\"https:\/\/instagram.com\/daeh.rd\"]}]}<\/script>\r\n<!-- \/ Yoast SEO plugin. -->","yoast_head_json":{"title":"T\u00e9rminos de Uso y su Aceptaci\u00f3n. - Direcci\u00f3n de Servicios de Atenci\u00f3n a Emergencias Extrahospitalarias","robots":{"index":"noindex","follow":"follow","max-snippet":"max-snippet:-1","max-image-preview":"max-image-preview:large","max-video-preview":"max-video-preview:-1"},"og_locale":"es_ES","og_type":"article","og_title":"T\u00e9rminos de Uso y su Aceptaci\u00f3n. - Direcci\u00f3n de Servicios de Atenci\u00f3n a Emergencias Extrahospitalarias","og_description":"Los presentes t\u00e9rminos de uso (en lo que sigue, los \u201cT\u00e9rminos de Uso\u201d) regulan los servicios del portal de Internet www.daeh.gob.do (en lo que sigue, el \u201cPortal\u201d) de la Direcci\u00f3n de Servicios de Atenci\u00f3n a Emergencias Extrahospitalarias (en lo que sigue, la \u201cDAEH\u201d), instituci\u00f3n gubernamental con dependencia directa del Poder Ejecutivo, creada mediante el Decreto &hellip; Continued","og_url":"https:\/\/daeh.gob.do\/daeha2\/terminos-de-uso\/","og_site_name":"Direcci\u00f3n de Servicios de Atenci\u00f3n a Emergencias Extrahospitalarias","article_publisher":"https:\/\/www.facebook.com\/Daeh.rd","article_modified_time":"2026-03-31T13:02:27+00:00","twitter_card":"summary_large_image","twitter_site":"@DaehRd","twitter_misc":{"Tiempo de lectura":"9 minutos"},"schema":{"@context":"https:\/\/schema.org","@graph":[{"@type":"WebPage","@id":"https:\/\/daeh.gob.do\/daeha2\/terminos-de-uso\/","url":"https:\/\/daeh.gob.do\/daeha2\/terminos-de-uso\/","name":"T\u00e9rminos de Uso y su Aceptaci\u00f3n. - Direcci\u00f3n de Servicios de Atenci\u00f3n a Emergencias Extrahospitalarias","isPartOf":{"@id":"https:\/\/daeh.gob.do\/daeha2\/#website"},"datePublished":"2024-03-06T13:12:38+00:00","dateModified":"2026-03-31T13:02:27+00:00","inLanguage":"es","potentialAction":[{"@type":"ReadAction","target":["https:\/\/daeh.gob.do\/daeha2\/terminos-de-uso\/"]}]},{"@type":"WebSite","@id":"https:\/\/daeh.gob.do\/daeha2\/#website","url":"https:\/\/daeh.gob.do\/daeha2\/","name":"Direcci\u00f3n de Servicios de Atenci\u00f3n a Emergencias Extrahospitalarias","description":"","publisher":{"@id":"https:\/\/daeh.gob.do\/daeha2\/#organization"},"potentialAction":[{"@type":"SearchAction","target":{"@type":"EntryPoint","urlTemplate":"https:\/\/daeh.gob.do\/daeha2\/?s={search_term_string}"},"query-input":{"@type":"PropertyValueSpecification","valueRequired":true,"valueName":"search_term_string"}}],"inLanguage":"es"},{"@type":"Organization","@id":"https:\/\/daeh.gob.do\/daeha2\/#organization","name":"Direcci\u00f3n de Servicios de Atenci\u00f3n a Emergencias Extrahospitalarias","url":"https:\/\/daeh.gob.do\/daeha2\/","logo":{"@type":"ImageObject","inLanguage":"es","@id":"https:\/\/daeh.gob.do\/daeha2\/#\/schema\/logo\/image\/","url":"https:\/\/daeh.gob.do\/daeha2\/wp-content\/uploads\/sites\/9\/2023\/05\/DAEH-LATERAL-01.png","contentUrl":"https:\/\/daeh.gob.do\/daeha2\/wp-content\/uploads\/sites\/9\/2023\/05\/DAEH-LATERAL-01.png","width":372,"height":59,"caption":"Direcci\u00f3n de Servicios de Atenci\u00f3n a Emergencias Extrahospitalarias"},"image":{"@id":"https:\/\/daeh.gob.do\/daeha2\/#\/schema\/logo\/image\/"},"sameAs":["https:\/\/www.facebook.com\/Daeh.rd","https:\/\/x.com\/DaehRd","https:\/\/instagram.com\/daeh.rd"]}]}},"_links":{"self":[{"href":"https:\/\/daeh.gob.do\/daeha2\/wp-json\/wp\/v2\/pages\/34710","targetHints":{"allow":["GET"]}}],"collection":[{"href":"https:\/\/daeh.gob.do\/daeha2\/wp-json\/wp\/v2\/pages"}],"about":[{"href":"https:\/\/daeh.gob.do\/daeha2\/wp-json\/wp\/v2\/types\/page"}],"author":[{"embeddable":true,"href":"https:\/\/daeh.gob.do\/daeha2\/wp-json\/wp\/v2\/users\/8"}],"replies":[{"embeddable":true,"href":"https:\/\/daeh.gob.do\/daeha2\/wp-json\/wp\/v2\/comments?post=34710"}],"version-history":[{"count":11,"href":"https:\/\/daeh.gob.do\/daeha2\/wp-json\/wp\/v2\/pages\/34710\/revisions"}],"predecessor-version":[{"id":39299,"href":"https:\/\/daeh.gob.do\/daeha2\/wp-json\/wp\/v2\/pages\/34710\/revisions\/39299"}],"wp:attachment":[{"href":"https:\/\/daeh.gob.do\/daeha2\/wp-json\/wp\/v2\/media?parent=34710"}],"curies":[{"name":"wp","href":"https:\/\/api.w.org\/{rel}","templated":true}]}}