{"id":34117,"date":"2023-11-16T13:25:53","date_gmt":"2023-11-16T13:25:53","guid":{"rendered":"https:\/\/daeh.gob.do\/daeha2\/?page_id=34117"},"modified":"2023-11-16T13:51:11","modified_gmt":"2023-11-16T13:51:11","slug":"recursos-humanos","status":"publish","type":"page","link":"https:\/\/daeh.gob.do\/daeha2\/transparencia\/recursos-humanos\/","title":{"rendered":"Recursos Humanos"},"content":{"rendered":"\n<div class=\"wp-block-columns is-layout-flex wp-container-core-columns-is-layout-9d6595d7 wp-block-columns-is-layout-flex\">\n<div class=\"wp-block-column is-layout-flow wp-block-column-is-layout-flow\">\n<div class=\"wp-block-columns is-layout-flex wp-container-core-columns-is-layout-9d6595d7 wp-block-columns-is-layout-flex\">\n<div class=\"wp-block-column cuadrito-rh is-layout-flow wp-block-column-is-layout-flow\">\n<h5 class=\"wp-block-heading\"><a href=\"https:\/\/daeh.gob.do\/daeha2\/transparencia\/recursos-humanos\/nomina-de-empleados\/\"><strong>N\u00f3mina de Empleados<\/strong><\/a><\/h5>\n\n\n\n<figure class=\"wp-block-image size-full\"><a href=\"https:\/\/daeh.gob.do\/daeha2\/transparencia\/recursos-humanos\/nomina-de-empleados\/\"><img loading=\"lazy\" decoding=\"async\" width=\"128\" height=\"128\" src=\"https:\/\/daeh.gob.do\/daeha2\/wp-content\/uploads\/sites\/9\/2023\/11\/salary.png\" alt=\"\" class=\"wp-image-34124\"\/><\/a><\/figure>\n<\/div>\n\n\n\n<div class=\"wp-block-column cuadrito-rh is-layout-flow wp-block-column-is-layout-flow\">\n<h5 class=\"wp-block-heading\"><a href=\"https:\/\/daeh.gob.do\/daeha2\/transparencia\/recursos-humanos\/jubilaciones-pensiones-y-retiros\/\">Jubilaciones, Pensiones y Retiros<\/a><\/h5>\n\n\n\n<figure class=\"wp-block-image size-full\"><a href=\"https:\/\/daeh.gob.do\/daeha2\/transparencia\/recursos-humanos\/jubilaciones-pensiones-y-retiros\/\"><img loading=\"lazy\" decoding=\"async\" width=\"128\" height=\"128\" src=\"https:\/\/daeh.gob.do\/daeha2\/wp-content\/uploads\/sites\/9\/2023\/11\/retirement-1.png\" alt=\"\" class=\"wp-image-34127\"\/><\/a><\/figure>\n<\/div>\n\n\n\n<div class=\"wp-block-column cuadrito-rh is-layout-flow wp-block-column-is-layout-flow\">\n<h5 class=\"wp-block-heading has-contrast-color has-text-color\"><strong><a href=\"https:\/\/map.gob.do\/Concursa\/\" target=\"_blank\" rel=\"noreferrer noopener nofollow\">Enlace al Portal Concursa<\/a><\/strong><\/h5>\n\n\n\n<figure class=\"wp-block-image size-full is-resized\"><a href=\"https:\/\/map.gob.do\/Concursa\/\" target=\"_blank\" rel=\"noreferrer noopener\"><img loading=\"lazy\" decoding=\"async\" src=\"https:\/\/daeh.gob.do\/daeha2\/wp-content\/uploads\/sites\/9\/2023\/11\/Concursa-Banner-e1612275052149.jpg\" alt=\"\" class=\"wp-image-34130\" width=\"262\" height=\"92\"\/><\/a><\/figure>\n<\/div>\n<\/div>\n<\/div>\n<\/div>\n","protected":false},"excerpt":{"rendered":"<p>N\u00f3mina de Empleados Jubilaciones, Pensiones y Retiros Enlace al Portal Concursa<\/p>\n","protected":false},"author":4,"featured_media":0,"parent":33645,"menu_order":0,"comment_status":"closed","ping_status":"closed","template":"","meta":{"_acf_changed":false,"_et_pb_use_builder":"","_et_pb_old_content":"","_et_gb_content_width":"","_monsterinsights_skip_tracking":false,"_monsterinsights_sitenote_active":false,"_monsterinsights_sitenote_note":"","_monsterinsights_sitenote_category":0,"footnotes":""},"class_list":["post-34117","page","type-page","status-publish","hentry"],"acf":[],"yoast_head":"<!-- This site is optimized with the Yoast SEO plugin v27.2 - https:\/\/yoast.com\/product\/yoast-seo-wordpress\/ -->\r\n<title>Recursos Humanos - Direcci\u00f3n de Servicios de Atenci\u00f3n a Emergencias Extrahospitalarias<\/title>\r\n<meta name=\"robots\" content=\"noindex, follow, max-snippet:-1, max-image-preview:large, max-video-preview:-1\" \/>\r\n<meta property=\"og:locale\" content=\"es_ES\" \/>\r\n<meta property=\"og:type\" content=\"article\" \/>\r\n<meta property=\"og:title\" content=\"Recursos Humanos - Direcci\u00f3n de Servicios de Atenci\u00f3n a Emergencias Extrahospitalarias\" \/>\r\n<meta property=\"og:description\" content=\"N\u00f3mina de Empleados Jubilaciones, Pensiones y Retiros Enlace al Portal Concursa\" \/>\r\n<meta property=\"og:url\" content=\"https:\/\/daeh.gob.do\/daeha2\/transparencia\/recursos-humanos\/\" \/>\r\n<meta property=\"og:site_name\" content=\"Direcci\u00f3n de Servicios de Atenci\u00f3n a Emergencias Extrahospitalarias\" \/>\r\n<meta property=\"article:publisher\" content=\"https:\/\/www.facebook.com\/Daeh.rd\" \/>\r\n<meta property=\"article:modified_time\" content=\"2023-11-16T13:51:11+00:00\" \/>\r\n<meta property=\"og:image\" content=\"https:\/\/daeh.gob.do\/daeha2\/wp-content\/uploads\/sites\/9\/2023\/11\/salary.png\" \/>\r\n\t<meta property=\"og:image:width\" content=\"128\" \/>\r\n\t<meta property=\"og:image:height\" content=\"128\" \/>\r\n\t<meta property=\"og:image:type\" content=\"image\/png\" \/>\r\n<meta name=\"twitter:card\" content=\"summary_large_image\" \/>\r\n<meta name=\"twitter:site\" content=\"@DaehRd\" \/>\r\n<meta name=\"twitter:label1\" content=\"Tiempo de lectura\" \/>\n\t<meta name=\"twitter:data1\" content=\"1 minuto\" \/>\r\n<script type=\"application\/ld+json\" class=\"yoast-schema-graph\">{\"@context\":\"https:\/\/schema.org\",\"@graph\":[{\"@type\":\"WebPage\",\"@id\":\"https:\/\/daeh.gob.do\/daeha2\/transparencia\/recursos-humanos\/\",\"url\":\"https:\/\/daeh.gob.do\/daeha2\/transparencia\/recursos-humanos\/\",\"name\":\"Recursos Humanos - Direcci\u00f3n de Servicios de Atenci\u00f3n a Emergencias Extrahospitalarias\",\"isPartOf\":{\"@id\":\"https:\/\/daeh.gob.do\/daeha2\/#website\"},\"primaryImageOfPage\":{\"@id\":\"https:\/\/daeh.gob.do\/daeha2\/transparencia\/recursos-humanos\/#primaryimage\"},\"image\":{\"@id\":\"https:\/\/daeh.gob.do\/daeha2\/transparencia\/recursos-humanos\/#primaryimage\"},\"thumbnailUrl\":\"https:\/\/daeh.gob.do\/daeha2\/wp-content\/uploads\/sites\/9\/2023\/11\/salary.png\",\"datePublished\":\"2023-11-16T13:25:53+00:00\",\"dateModified\":\"2023-11-16T13:51:11+00:00\",\"breadcrumb\":{\"@id\":\"https:\/\/daeh.gob.do\/daeha2\/transparencia\/recursos-humanos\/#breadcrumb\"},\"inLanguage\":\"es\",\"potentialAction\":[{\"@type\":\"ReadAction\",\"target\":[\"https:\/\/daeh.gob.do\/daeha2\/transparencia\/recursos-humanos\/\"]}]},{\"@type\":\"ImageObject\",\"inLanguage\":\"es\",\"@id\":\"https:\/\/daeh.gob.do\/daeha2\/transparencia\/recursos-humanos\/#primaryimage\",\"url\":\"https:\/\/daeh.gob.do\/daeha2\/wp-content\/uploads\/sites\/9\/2023\/11\/salary.png\",\"contentUrl\":\"https:\/\/daeh.gob.do\/daeha2\/wp-content\/uploads\/sites\/9\/2023\/11\/salary.png\",\"width\":128,\"height\":128},{\"@type\":\"BreadcrumbList\",\"@id\":\"https:\/\/daeh.gob.do\/daeha2\/transparencia\/recursos-humanos\/#breadcrumb\",\"itemListElement\":[{\"@type\":\"ListItem\",\"position\":1,\"name\":\"Portal de Transparencia\",\"item\":\"https:\/\/daeh.gob.do\/daeha2\/transparencia\/\"},{\"@type\":\"ListItem\",\"position\":2,\"name\":\"Recursos Humanos\"}]},{\"@type\":\"WebSite\",\"@id\":\"https:\/\/daeh.gob.do\/daeha2\/#website\",\"url\":\"https:\/\/daeh.gob.do\/daeha2\/\",\"name\":\"Direcci\u00f3n de Servicios de Atenci\u00f3n a Emergencias Extrahospitalarias\",\"description\":\"\",\"publisher\":{\"@id\":\"https:\/\/daeh.gob.do\/daeha2\/#organization\"},\"potentialAction\":[{\"@type\":\"SearchAction\",\"target\":{\"@type\":\"EntryPoint\",\"urlTemplate\":\"https:\/\/daeh.gob.do\/daeha2\/?s={search_term_string}\"},\"query-input\":{\"@type\":\"PropertyValueSpecification\",\"valueRequired\":true,\"valueName\":\"search_term_string\"}}],\"inLanguage\":\"es\"},{\"@type\":\"Organization\",\"@id\":\"https:\/\/daeh.gob.do\/daeha2\/#organization\",\"name\":\"Direcci\u00f3n de Servicios de Atenci\u00f3n a Emergencias Extrahospitalarias\",\"url\":\"https:\/\/daeh.gob.do\/daeha2\/\",\"logo\":{\"@type\":\"ImageObject\",\"inLanguage\":\"es\",\"@id\":\"https:\/\/daeh.gob.do\/daeha2\/#\/schema\/logo\/image\/\",\"url\":\"https:\/\/daeh.gob.do\/daeha2\/wp-content\/uploads\/sites\/9\/2023\/05\/DAEH-LATERAL-01.png\",\"contentUrl\":\"https:\/\/daeh.gob.do\/daeha2\/wp-content\/uploads\/sites\/9\/2023\/05\/DAEH-LATERAL-01.png\",\"width\":372,\"height\":59,\"caption\":\"Direcci\u00f3n de Servicios de Atenci\u00f3n a Emergencias Extrahospitalarias\"},\"image\":{\"@id\":\"https:\/\/daeh.gob.do\/daeha2\/#\/schema\/logo\/image\/\"},\"sameAs\":[\"https:\/\/www.facebook.com\/Daeh.rd\",\"https:\/\/x.com\/DaehRd\",\"https:\/\/instagram.com\/daeh.rd\"]}]}<\/script>\r\n<!-- \/ Yoast SEO plugin. -->","yoast_head_json":{"title":"Recursos Humanos - Direcci\u00f3n de Servicios de Atenci\u00f3n a Emergencias Extrahospitalarias","robots":{"index":"noindex","follow":"follow","max-snippet":"max-snippet:-1","max-image-preview":"max-image-preview:large","max-video-preview":"max-video-preview:-1"},"og_locale":"es_ES","og_type":"article","og_title":"Recursos Humanos - Direcci\u00f3n de Servicios de Atenci\u00f3n a Emergencias Extrahospitalarias","og_description":"N\u00f3mina de Empleados Jubilaciones, Pensiones y Retiros Enlace al Portal Concursa","og_url":"https:\/\/daeh.gob.do\/daeha2\/transparencia\/recursos-humanos\/","og_site_name":"Direcci\u00f3n de Servicios de Atenci\u00f3n a Emergencias Extrahospitalarias","article_publisher":"https:\/\/www.facebook.com\/Daeh.rd","article_modified_time":"2023-11-16T13:51:11+00:00","og_image":[{"width":128,"height":128,"url":"https:\/\/daeh.gob.do\/daeha2\/wp-content\/uploads\/sites\/9\/2023\/11\/salary.png","type":"image\/png"}],"twitter_card":"summary_large_image","twitter_site":"@DaehRd","twitter_misc":{"Tiempo de lectura":"1 minuto"},"schema":{"@context":"https:\/\/schema.org","@graph":[{"@type":"WebPage","@id":"https:\/\/daeh.gob.do\/daeha2\/transparencia\/recursos-humanos\/","url":"https:\/\/daeh.gob.do\/daeha2\/transparencia\/recursos-humanos\/","name":"Recursos Humanos - Direcci\u00f3n de Servicios de Atenci\u00f3n a Emergencias Extrahospitalarias","isPartOf":{"@id":"https:\/\/daeh.gob.do\/daeha2\/#website"},"primaryImageOfPage":{"@id":"https:\/\/daeh.gob.do\/daeha2\/transparencia\/recursos-humanos\/#primaryimage"},"image":{"@id":"https:\/\/daeh.gob.do\/daeha2\/transparencia\/recursos-humanos\/#primaryimage"},"thumbnailUrl":"https:\/\/daeh.gob.do\/daeha2\/wp-content\/uploads\/sites\/9\/2023\/11\/salary.png","datePublished":"2023-11-16T13:25:53+00:00","dateModified":"2023-11-16T13:51:11+00:00","breadcrumb":{"@id":"https:\/\/daeh.gob.do\/daeha2\/transparencia\/recursos-humanos\/#breadcrumb"},"inLanguage":"es","potentialAction":[{"@type":"ReadAction","target":["https:\/\/daeh.gob.do\/daeha2\/transparencia\/recursos-humanos\/"]}]},{"@type":"ImageObject","inLanguage":"es","@id":"https:\/\/daeh.gob.do\/daeha2\/transparencia\/recursos-humanos\/#primaryimage","url":"https:\/\/daeh.gob.do\/daeha2\/wp-content\/uploads\/sites\/9\/2023\/11\/salary.png","contentUrl":"https:\/\/daeh.gob.do\/daeha2\/wp-content\/uploads\/sites\/9\/2023\/11\/salary.png","width":128,"height":128},{"@type":"BreadcrumbList","@id":"https:\/\/daeh.gob.do\/daeha2\/transparencia\/recursos-humanos\/#breadcrumb","itemListElement":[{"@type":"ListItem","position":1,"name":"Portal de Transparencia","item":"https:\/\/daeh.gob.do\/daeha2\/transparencia\/"},{"@type":"ListItem","position":2,"name":"Recursos Humanos"}]},{"@type":"WebSite","@id":"https:\/\/daeh.gob.do\/daeha2\/#website","url":"https:\/\/daeh.gob.do\/daeha2\/","name":"Direcci\u00f3n de Servicios de Atenci\u00f3n a Emergencias Extrahospitalarias","description":"","publisher":{"@id":"https:\/\/daeh.gob.do\/daeha2\/#organization"},"potentialAction":[{"@type":"SearchAction","target":{"@type":"EntryPoint","urlTemplate":"https:\/\/daeh.gob.do\/daeha2\/?s={search_term_string}"},"query-input":{"@type":"PropertyValueSpecification","valueRequired":true,"valueName":"search_term_string"}}],"inLanguage":"es"},{"@type":"Organization","@id":"https:\/\/daeh.gob.do\/daeha2\/#organization","name":"Direcci\u00f3n de Servicios de Atenci\u00f3n a Emergencias Extrahospitalarias","url":"https:\/\/daeh.gob.do\/daeha2\/","logo":{"@type":"ImageObject","inLanguage":"es","@id":"https:\/\/daeh.gob.do\/daeha2\/#\/schema\/logo\/image\/","url":"https:\/\/daeh.gob.do\/daeha2\/wp-content\/uploads\/sites\/9\/2023\/05\/DAEH-LATERAL-01.png","contentUrl":"https:\/\/daeh.gob.do\/daeha2\/wp-content\/uploads\/sites\/9\/2023\/05\/DAEH-LATERAL-01.png","width":372,"height":59,"caption":"Direcci\u00f3n de Servicios de Atenci\u00f3n a Emergencias Extrahospitalarias"},"image":{"@id":"https:\/\/daeh.gob.do\/daeha2\/#\/schema\/logo\/image\/"},"sameAs":["https:\/\/www.facebook.com\/Daeh.rd","https:\/\/x.com\/DaehRd","https:\/\/instagram.com\/daeh.rd"]}]}},"_links":{"self":[{"href":"https:\/\/daeh.gob.do\/daeha2\/wp-json\/wp\/v2\/pages\/34117","targetHints":{"allow":["GET"]}}],"collection":[{"href":"https:\/\/daeh.gob.do\/daeha2\/wp-json\/wp\/v2\/pages"}],"about":[{"href":"https:\/\/daeh.gob.do\/daeha2\/wp-json\/wp\/v2\/types\/page"}],"author":[{"embeddable":true,"href":"https:\/\/daeh.gob.do\/daeha2\/wp-json\/wp\/v2\/users\/4"}],"replies":[{"embeddable":true,"href":"https:\/\/daeh.gob.do\/daeha2\/wp-json\/wp\/v2\/comments?post=34117"}],"version-history":[{"count":6,"href":"https:\/\/daeh.gob.do\/daeha2\/wp-json\/wp\/v2\/pages\/34117\/revisions"}],"predecessor-version":[{"id":34139,"href":"https:\/\/daeh.gob.do\/daeha2\/wp-json\/wp\/v2\/pages\/34117\/revisions\/34139"}],"up":[{"embeddable":true,"href":"https:\/\/daeh.gob.do\/daeha2\/wp-json\/wp\/v2\/pages\/33645"}],"wp:attachment":[{"href":"https:\/\/daeh.gob.do\/daeha2\/wp-json\/wp\/v2\/media?parent=34117"}],"curies":[{"name":"wp","href":"https:\/\/api.w.org\/{rel}","templated":true}]}}