{"id":33645,"date":"2023-10-23T19:26:43","date_gmt":"2023-10-23T19:26:43","guid":{"rendered":"https:\/\/daeh.gob.do\/daeha2\/?page_id=33645"},"modified":"2026-03-18T10:55:04","modified_gmt":"2026-03-18T14:55:04","slug":"transparencia","status":"publish","type":"page","link":"https:\/\/daeh.gob.do\/daeha2\/transparencia\/","title":{"rendered":"Portal de Transparencia"},"content":{"rendered":"\r\n<figure class=\"wp-block-image size-full foto-principal-transparencia\"><img loading=\"lazy\" decoding=\"async\" width=\"900\" height=\"386\" class=\"wp-image-34071\" src=\"https:\/\/daeh.gob.do\/daeha2\/wp-content\/uploads\/sites\/9\/2023\/11\/Portada-Transparencia.jpg\" alt=\"\" \/><\/figure>\r\n\r\n\r\n\r\n<div class=\"wp-block-spacer\" style=\"height: 40px;\" aria-hidden=\"true\">\u00a0<\/div>\r\n\r\n\r\n\r\n<p>En este portal interactivo hacemos disponible todo lo requerido en la Ley General de Libre Acceso a la Informaci\u00f3n P\u00fablica\u00a0 Ley 200-04 y el\u00a0 Decreto No. 130-05 que crea el reglamento de la ley.<\/p>\r\n\r\n\r\n\r\n<p><strong><em>Art\u00edculo 5<\/em>.-<\/strong>\u00a0\u00abSe dispone la informatizaci\u00f3n y la incorporaci\u00f3n al sistema de comunicaci\u00f3n por Internet, o a cualquier otro sistema similar que en el futuro se establezca, de todos los organismos p\u00fablicos centralizados y descentralizados del Estado, incluyendo el Distrito Nacional y los Municipios, con la finalidad de garantizar a trav\u00e9s de \u00e9ste un acceso directo del p\u00fablico a la informaci\u00f3n del Estado.\u00bb<\/p>\r\n\r\n\r\n\r\n<p>Todos los poderes y organismos del Estado deber\u00e1n instrumentar la publicaci\u00f3n de sus respectivas \u00abP\u00e1ginas Web\u00bb a los siguientes fines:<\/p>\r\n\r\n\r\n\r\n<p><strong>\u2022 Difusi\u00f3n de Informaci\u00f3n:\u00a0<\/strong><br \/>Estructura, integrantes, normativas de funcionamiento, proyectos, informes de gesti\u00f3n, base de datos;<\/p>\r\n\r\n\r\n\r\n<p><strong>\u2022 Centro de Intercambio y Atenci\u00f3n al Cliente o Usuario:\u00a0<\/strong><br \/>Consultas, quejas y sugerencias;<\/p>\r\n\r\n\r\n\r\n<p><strong>\u2022 Tr\u00e1mites o Transacciones Bilaterales:\u00a0<\/strong><br \/>\u00abLa informaci\u00f3n a que hace referencia el p\u00e1rrafo anterior ser\u00e1 de libre acceso al p\u00fablico sin necesidad de petici\u00f3n previa\u00bb.<\/p>","protected":false},"excerpt":{"rendered":"<p>En este portal interactivo hacemos disponible todo lo requerido en la Ley General de Libre Acceso a la Informaci\u00f3n P\u00fablica\u00a0 Ley 200-04 y el\u00a0 Decreto No. 130-05 que crea el reglamento de la ley. Art\u00edculo 5.-\u00a0\u00abSe dispone la informatizaci\u00f3n y la incorporaci\u00f3n al sistema de comunicaci\u00f3n por Internet, o a cualquier otro sistema similar que &hellip; <a href=\"https:\/\/daeh.gob.do\/daeha2\/transparencia\/\">Continued<\/a><\/p>\n","protected":false},"author":4,"featured_media":0,"parent":0,"menu_order":0,"comment_status":"closed","ping_status":"closed","template":"template-custom.blade.php","meta":{"_acf_changed":false,"_et_pb_use_builder":"","_et_pb_old_content":"","_et_gb_content_width":"","_monsterinsights_skip_tracking":false,"_monsterinsights_sitenote_active":false,"_monsterinsights_sitenote_note":"","_monsterinsights_sitenote_category":0,"footnotes":""},"class_list":["post-33645","page","type-page","status-publish","hentry"],"acf":[],"yoast_head":"<!-- This site is optimized with the Yoast SEO plugin v27.2 - https:\/\/yoast.com\/product\/yoast-seo-wordpress\/ -->\r\n<title>Portal de Transparencia - Direcci\u00f3n de Servicios de Atenci\u00f3n a Emergencias Extrahospitalarias<\/title>\r\n<meta name=\"robots\" content=\"noindex, follow, max-snippet:-1, max-image-preview:large, max-video-preview:-1\" \/>\r\n<meta property=\"og:locale\" content=\"es_ES\" \/>\r\n<meta property=\"og:type\" content=\"article\" \/>\r\n<meta property=\"og:title\" content=\"Portal de Transparencia - Direcci\u00f3n de Servicios de Atenci\u00f3n a Emergencias Extrahospitalarias\" \/>\r\n<meta property=\"og:description\" content=\"En este portal interactivo hacemos disponible todo lo requerido en la Ley General de Libre Acceso a la Informaci\u00f3n P\u00fablica\u00a0 Ley 200-04 y el\u00a0 Decreto No. 130-05 que crea el reglamento de la ley. Art\u00edculo 5.-\u00a0\u00abSe dispone la informatizaci\u00f3n y la incorporaci\u00f3n al sistema de comunicaci\u00f3n por Internet, o a cualquier otro sistema similar que &hellip; Continued\" \/>\r\n<meta property=\"og:url\" content=\"https:\/\/daeh.gob.do\/daeha2\/transparencia\/\" \/>\r\n<meta property=\"og:site_name\" content=\"Direcci\u00f3n de Servicios de Atenci\u00f3n a Emergencias Extrahospitalarias\" \/>\r\n<meta property=\"article:publisher\" content=\"https:\/\/www.facebook.com\/Daeh.rd\" \/>\r\n<meta property=\"article:modified_time\" content=\"2026-03-18T14:55:04+00:00\" \/>\r\n<meta property=\"og:image\" content=\"https:\/\/daeh.gob.do\/daeha2\/wp-content\/uploads\/sites\/9\/2023\/11\/Portada-Transparencia.jpg\" \/>\r\n\t<meta property=\"og:image:width\" content=\"900\" \/>\r\n\t<meta property=\"og:image:height\" content=\"386\" \/>\r\n\t<meta property=\"og:image:type\" content=\"image\/jpeg\" \/>\r\n<meta name=\"twitter:card\" content=\"summary_large_image\" \/>\r\n<meta name=\"twitter:site\" content=\"@DaehRd\" \/>\r\n<meta name=\"twitter:label1\" content=\"Tiempo de lectura\" \/>\n\t<meta name=\"twitter:data1\" content=\"1 minuto\" \/>\r\n<script type=\"application\/ld+json\" class=\"yoast-schema-graph\">{\"@context\":\"https:\/\/schema.org\",\"@graph\":[{\"@type\":\"WebPage\",\"@id\":\"https:\/\/daeh.gob.do\/daeha2\/transparencia\/\",\"url\":\"https:\/\/daeh.gob.do\/daeha2\/transparencia\/\",\"name\":\"Portal de Transparencia - Direcci\u00f3n de Servicios de Atenci\u00f3n a Emergencias Extrahospitalarias\",\"isPartOf\":{\"@id\":\"https:\/\/daeh.gob.do\/daeha2\/#website\"},\"primaryImageOfPage\":{\"@id\":\"https:\/\/daeh.gob.do\/daeha2\/transparencia\/#primaryimage\"},\"image\":{\"@id\":\"https:\/\/daeh.gob.do\/daeha2\/transparencia\/#primaryimage\"},\"thumbnailUrl\":\"https:\/\/daeh.gob.do\/daeha2\/wp-content\/uploads\/sites\/9\/2023\/11\/Portada-Transparencia.jpg\",\"datePublished\":\"2023-10-23T19:26:43+00:00\",\"dateModified\":\"2026-03-18T14:55:04+00:00\",\"inLanguage\":\"es\",\"potentialAction\":[{\"@type\":\"ReadAction\",\"target\":[\"https:\/\/daeh.gob.do\/daeha2\/transparencia\/\"]}]},{\"@type\":\"ImageObject\",\"inLanguage\":\"es\",\"@id\":\"https:\/\/daeh.gob.do\/daeha2\/transparencia\/#primaryimage\",\"url\":\"https:\/\/daeh.gob.do\/daeha2\/wp-content\/uploads\/sites\/9\/2023\/11\/Portada-Transparencia.jpg\",\"contentUrl\":\"https:\/\/daeh.gob.do\/daeha2\/wp-content\/uploads\/sites\/9\/2023\/11\/Portada-Transparencia.jpg\",\"width\":900,\"height\":386},{\"@type\":\"WebSite\",\"@id\":\"https:\/\/daeh.gob.do\/daeha2\/#website\",\"url\":\"https:\/\/daeh.gob.do\/daeha2\/\",\"name\":\"Direcci\u00f3n de Servicios de Atenci\u00f3n a Emergencias Extrahospitalarias\",\"description\":\"\",\"publisher\":{\"@id\":\"https:\/\/daeh.gob.do\/daeha2\/#organization\"},\"potentialAction\":[{\"@type\":\"SearchAction\",\"target\":{\"@type\":\"EntryPoint\",\"urlTemplate\":\"https:\/\/daeh.gob.do\/daeha2\/?s={search_term_string}\"},\"query-input\":{\"@type\":\"PropertyValueSpecification\",\"valueRequired\":true,\"valueName\":\"search_term_string\"}}],\"inLanguage\":\"es\"},{\"@type\":\"Organization\",\"@id\":\"https:\/\/daeh.gob.do\/daeha2\/#organization\",\"name\":\"Direcci\u00f3n de Servicios de Atenci\u00f3n a Emergencias Extrahospitalarias\",\"url\":\"https:\/\/daeh.gob.do\/daeha2\/\",\"logo\":{\"@type\":\"ImageObject\",\"inLanguage\":\"es\",\"@id\":\"https:\/\/daeh.gob.do\/daeha2\/#\/schema\/logo\/image\/\",\"url\":\"https:\/\/daeh.gob.do\/daeha2\/wp-content\/uploads\/sites\/9\/2023\/05\/DAEH-LATERAL-01.png\",\"contentUrl\":\"https:\/\/daeh.gob.do\/daeha2\/wp-content\/uploads\/sites\/9\/2023\/05\/DAEH-LATERAL-01.png\",\"width\":372,\"height\":59,\"caption\":\"Direcci\u00f3n de Servicios de Atenci\u00f3n a Emergencias Extrahospitalarias\"},\"image\":{\"@id\":\"https:\/\/daeh.gob.do\/daeha2\/#\/schema\/logo\/image\/\"},\"sameAs\":[\"https:\/\/www.facebook.com\/Daeh.rd\",\"https:\/\/x.com\/DaehRd\",\"https:\/\/instagram.com\/daeh.rd\"]}]}<\/script>\r\n<!-- \/ Yoast SEO plugin. -->","yoast_head_json":{"title":"Portal de Transparencia - Direcci\u00f3n de Servicios de Atenci\u00f3n a Emergencias Extrahospitalarias","robots":{"index":"noindex","follow":"follow","max-snippet":"max-snippet:-1","max-image-preview":"max-image-preview:large","max-video-preview":"max-video-preview:-1"},"og_locale":"es_ES","og_type":"article","og_title":"Portal de Transparencia - Direcci\u00f3n de Servicios de Atenci\u00f3n a Emergencias Extrahospitalarias","og_description":"En este portal interactivo hacemos disponible todo lo requerido en la Ley General de Libre Acceso a la Informaci\u00f3n P\u00fablica\u00a0 Ley 200-04 y el\u00a0 Decreto No. 130-05 que crea el reglamento de la ley. Art\u00edculo 5.-\u00a0\u00abSe dispone la informatizaci\u00f3n y la incorporaci\u00f3n al sistema de comunicaci\u00f3n por Internet, o a cualquier otro sistema similar que &hellip; Continued","og_url":"https:\/\/daeh.gob.do\/daeha2\/transparencia\/","og_site_name":"Direcci\u00f3n de Servicios de Atenci\u00f3n a Emergencias Extrahospitalarias","article_publisher":"https:\/\/www.facebook.com\/Daeh.rd","article_modified_time":"2026-03-18T14:55:04+00:00","og_image":[{"width":900,"height":386,"url":"https:\/\/daeh.gob.do\/daeha2\/wp-content\/uploads\/sites\/9\/2023\/11\/Portada-Transparencia.jpg","type":"image\/jpeg"}],"twitter_card":"summary_large_image","twitter_site":"@DaehRd","twitter_misc":{"Tiempo de lectura":"1 minuto"},"schema":{"@context":"https:\/\/schema.org","@graph":[{"@type":"WebPage","@id":"https:\/\/daeh.gob.do\/daeha2\/transparencia\/","url":"https:\/\/daeh.gob.do\/daeha2\/transparencia\/","name":"Portal de Transparencia - Direcci\u00f3n de Servicios de Atenci\u00f3n a Emergencias Extrahospitalarias","isPartOf":{"@id":"https:\/\/daeh.gob.do\/daeha2\/#website"},"primaryImageOfPage":{"@id":"https:\/\/daeh.gob.do\/daeha2\/transparencia\/#primaryimage"},"image":{"@id":"https:\/\/daeh.gob.do\/daeha2\/transparencia\/#primaryimage"},"thumbnailUrl":"https:\/\/daeh.gob.do\/daeha2\/wp-content\/uploads\/sites\/9\/2023\/11\/Portada-Transparencia.jpg","datePublished":"2023-10-23T19:26:43+00:00","dateModified":"2026-03-18T14:55:04+00:00","inLanguage":"es","potentialAction":[{"@type":"ReadAction","target":["https:\/\/daeh.gob.do\/daeha2\/transparencia\/"]}]},{"@type":"ImageObject","inLanguage":"es","@id":"https:\/\/daeh.gob.do\/daeha2\/transparencia\/#primaryimage","url":"https:\/\/daeh.gob.do\/daeha2\/wp-content\/uploads\/sites\/9\/2023\/11\/Portada-Transparencia.jpg","contentUrl":"https:\/\/daeh.gob.do\/daeha2\/wp-content\/uploads\/sites\/9\/2023\/11\/Portada-Transparencia.jpg","width":900,"height":386},{"@type":"WebSite","@id":"https:\/\/daeh.gob.do\/daeha2\/#website","url":"https:\/\/daeh.gob.do\/daeha2\/","name":"Direcci\u00f3n de Servicios de Atenci\u00f3n a Emergencias Extrahospitalarias","description":"","publisher":{"@id":"https:\/\/daeh.gob.do\/daeha2\/#organization"},"potentialAction":[{"@type":"SearchAction","target":{"@type":"EntryPoint","urlTemplate":"https:\/\/daeh.gob.do\/daeha2\/?s={search_term_string}"},"query-input":{"@type":"PropertyValueSpecification","valueRequired":true,"valueName":"search_term_string"}}],"inLanguage":"es"},{"@type":"Organization","@id":"https:\/\/daeh.gob.do\/daeha2\/#organization","name":"Direcci\u00f3n de Servicios de Atenci\u00f3n a Emergencias Extrahospitalarias","url":"https:\/\/daeh.gob.do\/daeha2\/","logo":{"@type":"ImageObject","inLanguage":"es","@id":"https:\/\/daeh.gob.do\/daeha2\/#\/schema\/logo\/image\/","url":"https:\/\/daeh.gob.do\/daeha2\/wp-content\/uploads\/sites\/9\/2023\/05\/DAEH-LATERAL-01.png","contentUrl":"https:\/\/daeh.gob.do\/daeha2\/wp-content\/uploads\/sites\/9\/2023\/05\/DAEH-LATERAL-01.png","width":372,"height":59,"caption":"Direcci\u00f3n de Servicios de Atenci\u00f3n a Emergencias Extrahospitalarias"},"image":{"@id":"https:\/\/daeh.gob.do\/daeha2\/#\/schema\/logo\/image\/"},"sameAs":["https:\/\/www.facebook.com\/Daeh.rd","https:\/\/x.com\/DaehRd","https:\/\/instagram.com\/daeh.rd"]}]}},"_links":{"self":[{"href":"https:\/\/daeh.gob.do\/daeha2\/wp-json\/wp\/v2\/pages\/33645","targetHints":{"allow":["GET"]}}],"collection":[{"href":"https:\/\/daeh.gob.do\/daeha2\/wp-json\/wp\/v2\/pages"}],"about":[{"href":"https:\/\/daeh.gob.do\/daeha2\/wp-json\/wp\/v2\/types\/page"}],"author":[{"embeddable":true,"href":"https:\/\/daeh.gob.do\/daeha2\/wp-json\/wp\/v2\/users\/4"}],"replies":[{"embeddable":true,"href":"https:\/\/daeh.gob.do\/daeha2\/wp-json\/wp\/v2\/comments?post=33645"}],"version-history":[{"count":21,"href":"https:\/\/daeh.gob.do\/daeha2\/wp-json\/wp\/v2\/pages\/33645\/revisions"}],"predecessor-version":[{"id":39043,"href":"https:\/\/daeh.gob.do\/daeha2\/wp-json\/wp\/v2\/pages\/33645\/revisions\/39043"}],"wp:attachment":[{"href":"https:\/\/daeh.gob.do\/daeha2\/wp-json\/wp\/v2\/media?parent=33645"}],"curies":[{"name":"wp","href":"https:\/\/api.w.org\/{rel}","templated":true}]}}