{"id":33462,"date":"2023-10-23T18:01:33","date_gmt":"2023-10-23T18:01:33","guid":{"rendered":"https:\/\/daeh.gob.do\/daeha2\/?page_id=33462"},"modified":"2025-12-17T08:44:49","modified_gmt":"2025-12-17T12:44:49","slug":"declaraciones-juradas-de-patrimonio","status":"publish","type":"page","link":"https:\/\/daeh.gob.do\/daeha2\/transparencia\/declaraciones-juradas-de-patrimonio\/","title":{"rendered":"Declaraciones Juradas de Patrimonio"},"content":{"rendered":"[et_pb_section fb_built=\u00bb1&#8243; admin_label=\u00bbsection\u00bb _builder_version=\u00bb4.16&#8243; global_colors_info=\u00bb{}\u00bb custom_padding=\u00bb20px|||||\u00bb][et_pb_row admin_label=\u00bbrow\u00bb _builder_version=\u00bb4.16&#8243; background_size=\u00bbinitial\u00bb background_position=\u00bbtop_left\u00bb background_repeat=\u00bbrepeat\u00bb global_colors_info=\u00bb{}\u00bb][et_pb_column type=\u00bb4_4&#8243; _builder_version=\u00bb4.16&#8243; custom_padding=\u00bb|||\u00bb global_colors_info=\u00bb{}\u00bb custom_padding__hover=\u00bb|||\u00bb][et_pb_text admin_label=\u00bbText\u00bb _builder_version=\u00bb4.27.4&#8243; background_size=\u00bbinitial\u00bb background_position=\u00bbtop_left\u00bb background_repeat=\u00bbrepeat\u00bb hover_enabled=\u00bb0&#8243; global_colors_info=\u00bb{}\u00bb sticky_enabled=\u00bb0&#8243; border_width_all=\u00bb2px\u00bb border_color_all=\u00bb#003876&#8243;]<table class=\"content-table\" style=\"height: 121px;\" width=\"630\">\n<thead>\n<tr>\n<th>Nombre De Funcionario<\/th>\n<th>Decreto<\/th>\n<th>Declaraci\u00f3n Jurada De Patrimonio<\/th>\n<\/tr>\n<\/thead>\n<tbody>\n<tr>\n<td>Juan Manuel M\u00e9ndez Garc\u00eda<\/td>\n<td><a href=\"https:\/\/daeh.gob.do\/wp-content\/uploads\/2024\/06\/Decreto-290-22-designa-al-mayor-general-abogado-r-Juan-Manuel-Me\u0301ndez-Garci\u0301a-ERD-Director-de-Emergencias-Me\u0301dicas.pdf\">Decreto 290-22<\/a><\/td>\n<td><a href=\"https:\/\/daeh.gob.do\/wp-content\/uploads\/2024\/09\/Declaracio\u0301n-Jurada-de-Patrimonio-Juan-Manuel-Mendez-Garci\u0301a.pdf\">Declaracion Jurada<\/a><\/td>\n<\/tr>\n<tr>\n<td>Pablo Casimiro Mateo Santos<\/td>\n<td>N\/A<\/td>\n<td><a href=\"https:\/\/daeh.gob.do\/wp-content\/uploads\/2024\/06\/Declaracion-Pablo-Casimiro-Mateo-Santos.pdf\">Declaracion Jurada <\/a><\/td>\n<\/tr>\n<tr>\n<td>Erik Feliz Feliz<\/td>\n<td>N\/A<\/td>\n<td><a href=\"https:\/\/daeh.gob.do\/wp-content\/uploads\/2025\/05\/DJP-Erik-Feliz-Feliz.pdf\">Declaracion Jurada <\/a><\/td>\n<\/tr>\n<tr>\n<td>Wanda Calder\u00f3n<\/td>\n<td>N\/A<\/td>\n<td><a href=\"https:\/\/daeh.gob.do\/wp-content\/uploads\/2025\/09\/DJP-Wanda-Madaly-Calderon-Martinez.pdf\" data-wplink-edit=\"true\">Declaracion Jurada<\/a><\/td>\n<\/tr>\n<\/tbody>\n<\/table>\n[\/et_pb_text][\/et_pb_column][\/et_pb_row][et_pb_row _builder_version=\u00bb4.27.4&#8243; _module_preset=\u00bbdefault\u00bb][et_pb_column _builder_version=\u00bb4.27.4&#8243; _module_preset=\u00bbdefault\u00bb type=\u00bb4_4&#8243;][et_pb_text _builder_version=\u00bb4.27.4&#8243; _module_preset=\u00bbdefault\u00bb hover_enabled=\u00bb0&#8243; sticky_enabled=\u00bb0&#8243;]<p style=\"text-align: center;\"><a href=\"https:\/\/consultadjp.camaradecuentas.gob.do\/\"><img loading=\"lazy\" decoding=\"async\" class=\"alignnone wp-image-35087 size-full\" src=\"https:\/\/daeh.gob.do\/wp-content\/uploads\/2024\/04\/banner_declajura_online.jpg\" alt=\"\" width=\"314\" height=\"156\" \/><\/a><\/p>\n<p>\n<div class=\"wp-block-group is-layout-constrained wp-block-group-is-layout-constrained\">\n<figure class=\"wp-block-image aligncenter size-full\"><img loading=\"lazy\" decoding=\"async\" width=\"100\" height=\"123\" src=\"https:\/\/daeh.gob.do\/daeha2\/wp-content\/uploads\/sites\/9\/2023\/11\/Imagen-pdf.png\" alt=\"\" class=\"wp-image-34065\"\/><\/figure>\n\n\n\n<h6 class=\"wp-block-heading has-text-align-center\">Visor de documentos <strong>PDF<\/strong><\/h6>\n\n\n\n<p class=\"has-text-align-center has-small-font-size\">Si no puede visualizar los documentos en esta secci\u00f3n es posible que necesite descargar el programa Adobe Reader. Haga click en el bot\u00f3n de abajo:<\/p>\n\n\n\n<div class=\"wp-block-buttons is-content-justification-center is-layout-flex wp-container-core-buttons-is-layout-16018d1d wp-block-buttons-is-layout-flex\">\n<div class=\"wp-block-button\"><a class=\"wp-block-button__link has-white-color has-text-color has-background wp-element-button\" href=\"https:\/\/get.adobe.com\/es\/reader\/\" style=\"background-color:#c4113c\" target=\"_blank\" rel=\"noreferrer noopener\">Descargar<\/a><\/div>\n<\/div>\n<\/div>\n<\/p>\n[\/et_pb_text][\/et_pb_column][\/et_pb_row][\/et_pb_section]","protected":false},"excerpt":{"rendered":"<p>Nombre De Funcionario Decreto Declaraci\u00f3n Jurada De&#8230;<\/p>\n","protected":false},"author":4,"featured_media":0,"parent":33645,"menu_order":0,"comment_status":"closed","ping_status":"closed","template":"","meta":{"_acf_changed":false,"_et_pb_use_builder":"on","_et_pb_old_content":"<table class=\"content-table\" style=\"height: 121px;\" width=\"630\">\r\n<thead>\r\n<tr>\r\n<th>Nombre De Funcionario<\/th>\r\n<th>Decreto<\/th>\r\n<th>Declaraci\u00f3n Jurada De Patrimonio<\/th>\r\n<\/tr>\r\n<\/thead>\r\n<tbody>\r\n<tr>\r\n<td>Juan Manuel M\u00e9ndez Garc\u00eda<\/td>\r\n<td><a href=\"https:\/\/daeh.gob.do\/wp-content\/uploads\/2024\/06\/Decreto-290-22-designa-al-mayor-general-abogado-r-Juan-Manuel-Me\u0301ndez-Garci\u0301a-ERD-Director-de-Emergencias-Me\u0301dicas.pdf\">Decreto 290-22<\/a><\/td>\r\n<td><a href=\"https:\/\/daeh.gob.do\/wp-content\/uploads\/2024\/09\/Declaracio\u0301n-Jurada-de-Patrimonio-Juan-Manuel-Mendez-Garci\u0301a.pdf\">Declaracion Jurada<\/a>\u00a0<\/td>\r\n<\/tr>\r\n<tr>\r\n<td>Pablo Casimiro Mateo Santos<\/td>\r\n<td>N\/A<\/td>\r\n<td><a href=\"https:\/\/daeh.gob.do\/wp-content\/uploads\/2024\/06\/Declaracion-Pablo-Casimiro-Mateo-Santos.pdf\">Declaracion Jurada <\/a><\/td>\r\n<\/tr>\r\n<tr>\r\n<td>Erik Feliz Feliz<\/td>\r\n<td>N\/A<\/td>\r\n<td><a href=\"https:\/\/daeh.gob.do\/wp-content\/uploads\/2025\/05\/DJP-Erik-Feliz-Feliz.pdf\">Declaracion Jurada <\/a><\/td>\r\n<\/tr>\r\n<tr>\r\n<td>Wanda Calder\u00f3n<\/td>\r\n<td>N\/A<\/td>\r\n<td><a href=\"https:\/\/daeh.gob.do\/wp-content\/uploads\/2025\/09\/DJP-Wanda-Madaly-Calderon-Martinez.pdf\" data-wplink-edit=\"true\">Declaracion Jurada<\/a><\/td>\r\n<\/tr>\r\n<\/tbody>\r\n<\/table>\r\n<p style=\"text-align: center;\"><a href=\"https:\/\/consultadjp.camaradecuentas.gob.do\/\"><img class=\"alignnone wp-image-35087 size-full\" src=\"https:\/\/daeh.gob.do\/wp-content\/uploads\/2024\/04\/banner_declajura_online.jpg\" alt=\"\" width=\"314\" height=\"156\" \/><\/a><\/p>\r\n\r\n<!-- wp:block {\"ref\":33671} \/-->","_et_gb_content_width":"","_monsterinsights_skip_tracking":false,"_monsterinsights_sitenote_active":false,"_monsterinsights_sitenote_note":"","_monsterinsights_sitenote_category":0,"footnotes":""},"class_list":["post-33462","page","type-page","status-publish","hentry"],"acf":[],"yoast_head":"<!-- This site is optimized with the Yoast SEO plugin v27.2 - https:\/\/yoast.com\/product\/yoast-seo-wordpress\/ -->\r\n<title>Declaraciones Juradas de Patrimonio - Direcci\u00f3n de Servicios de Atenci\u00f3n a Emergencias Extrahospitalarias<\/title>\r\n<meta name=\"robots\" content=\"noindex, follow, max-snippet:-1, max-image-preview:large, max-video-preview:-1\" \/>\r\n<meta property=\"og:locale\" content=\"es_ES\" \/>\r\n<meta property=\"og:type\" content=\"article\" \/>\r\n<meta property=\"og:title\" content=\"Declaraciones Juradas de Patrimonio - Direcci\u00f3n de Servicios de Atenci\u00f3n a Emergencias Extrahospitalarias\" \/>\r\n<meta property=\"og:description\" content=\"Nombre De Funcionario Decreto Declaraci\u00f3n Jurada De...\" \/>\r\n<meta property=\"og:url\" content=\"https:\/\/daeh.gob.do\/daeha2\/transparencia\/declaraciones-juradas-de-patrimonio\/\" \/>\r\n<meta property=\"og:site_name\" content=\"Direcci\u00f3n de Servicios de Atenci\u00f3n a Emergencias Extrahospitalarias\" \/>\r\n<meta property=\"article:publisher\" content=\"https:\/\/www.facebook.com\/Daeh.rd\" \/>\r\n<meta property=\"article:modified_time\" content=\"2025-12-17T12:44:49+00:00\" \/>\r\n<meta property=\"og:image\" content=\"https:\/\/daeh.gob.do\/daeha2\/wp-content\/uploads\/sites\/9\/2024\/04\/banner_declajura_online.jpg\" \/>\r\n\t<meta property=\"og:image:width\" content=\"314\" \/>\r\n\t<meta property=\"og:image:height\" content=\"156\" \/>\r\n\t<meta property=\"og:image:type\" content=\"image\/jpeg\" \/>\r\n<meta name=\"twitter:card\" content=\"summary_large_image\" \/>\r\n<meta name=\"twitter:site\" content=\"@DaehRd\" \/>\r\n<meta name=\"twitter:label1\" content=\"Tiempo de lectura\" \/>\n\t<meta name=\"twitter:data1\" content=\"1 minuto\" \/>\r\n<script type=\"application\/ld+json\" class=\"yoast-schema-graph\">{\"@context\":\"https:\/\/schema.org\",\"@graph\":[{\"@type\":\"WebPage\",\"@id\":\"https:\/\/daeh.gob.do\/daeha2\/transparencia\/declaraciones-juradas-de-patrimonio\/\",\"url\":\"https:\/\/daeh.gob.do\/daeha2\/transparencia\/declaraciones-juradas-de-patrimonio\/\",\"name\":\"Declaraciones Juradas de Patrimonio - Direcci\u00f3n de Servicios de Atenci\u00f3n a Emergencias Extrahospitalarias\",\"isPartOf\":{\"@id\":\"https:\/\/daeh.gob.do\/daeha2\/#website\"},\"primaryImageOfPage\":{\"@id\":\"https:\/\/daeh.gob.do\/daeha2\/transparencia\/declaraciones-juradas-de-patrimonio\/#primaryimage\"},\"image\":{\"@id\":\"https:\/\/daeh.gob.do\/daeha2\/transparencia\/declaraciones-juradas-de-patrimonio\/#primaryimage\"},\"thumbnailUrl\":\"https:\/\/daeh.gob.do\/wp-content\/uploads\/2024\/04\/banner_declajura_online.jpg\",\"datePublished\":\"2023-10-23T18:01:33+00:00\",\"dateModified\":\"2025-12-17T12:44:49+00:00\",\"breadcrumb\":{\"@id\":\"https:\/\/daeh.gob.do\/daeha2\/transparencia\/declaraciones-juradas-de-patrimonio\/#breadcrumb\"},\"inLanguage\":\"es\",\"potentialAction\":[{\"@type\":\"ReadAction\",\"target\":[\"https:\/\/daeh.gob.do\/daeha2\/transparencia\/declaraciones-juradas-de-patrimonio\/\"]}]},{\"@type\":\"ImageObject\",\"inLanguage\":\"es\",\"@id\":\"https:\/\/daeh.gob.do\/daeha2\/transparencia\/declaraciones-juradas-de-patrimonio\/#primaryimage\",\"url\":\"https:\/\/daeh.gob.do\/wp-content\/uploads\/2024\/04\/banner_declajura_online.jpg\",\"contentUrl\":\"https:\/\/daeh.gob.do\/wp-content\/uploads\/2024\/04\/banner_declajura_online.jpg\"},{\"@type\":\"BreadcrumbList\",\"@id\":\"https:\/\/daeh.gob.do\/daeha2\/transparencia\/declaraciones-juradas-de-patrimonio\/#breadcrumb\",\"itemListElement\":[{\"@type\":\"ListItem\",\"position\":1,\"name\":\"Portal de Transparencia\",\"item\":\"https:\/\/daeh.gob.do\/daeha2\/transparencia\/\"},{\"@type\":\"ListItem\",\"position\":2,\"name\":\"Declaraciones Juradas de Patrimonio\"}]},{\"@type\":\"WebSite\",\"@id\":\"https:\/\/daeh.gob.do\/daeha2\/#website\",\"url\":\"https:\/\/daeh.gob.do\/daeha2\/\",\"name\":\"Direcci\u00f3n de Servicios de Atenci\u00f3n a Emergencias Extrahospitalarias\",\"description\":\"\",\"publisher\":{\"@id\":\"https:\/\/daeh.gob.do\/daeha2\/#organization\"},\"potentialAction\":[{\"@type\":\"SearchAction\",\"target\":{\"@type\":\"EntryPoint\",\"urlTemplate\":\"https:\/\/daeh.gob.do\/daeha2\/?s={search_term_string}\"},\"query-input\":{\"@type\":\"PropertyValueSpecification\",\"valueRequired\":true,\"valueName\":\"search_term_string\"}}],\"inLanguage\":\"es\"},{\"@type\":\"Organization\",\"@id\":\"https:\/\/daeh.gob.do\/daeha2\/#organization\",\"name\":\"Direcci\u00f3n de Servicios de Atenci\u00f3n a Emergencias Extrahospitalarias\",\"url\":\"https:\/\/daeh.gob.do\/daeha2\/\",\"logo\":{\"@type\":\"ImageObject\",\"inLanguage\":\"es\",\"@id\":\"https:\/\/daeh.gob.do\/daeha2\/#\/schema\/logo\/image\/\",\"url\":\"https:\/\/daeh.gob.do\/daeha2\/wp-content\/uploads\/sites\/9\/2023\/05\/DAEH-LATERAL-01.png\",\"contentUrl\":\"https:\/\/daeh.gob.do\/daeha2\/wp-content\/uploads\/sites\/9\/2023\/05\/DAEH-LATERAL-01.png\",\"width\":372,\"height\":59,\"caption\":\"Direcci\u00f3n de Servicios de Atenci\u00f3n a Emergencias Extrahospitalarias\"},\"image\":{\"@id\":\"https:\/\/daeh.gob.do\/daeha2\/#\/schema\/logo\/image\/\"},\"sameAs\":[\"https:\/\/www.facebook.com\/Daeh.rd\",\"https:\/\/x.com\/DaehRd\",\"https:\/\/instagram.com\/daeh.rd\"]}]}<\/script>\r\n<!-- \/ Yoast SEO plugin. -->","yoast_head_json":{"title":"Declaraciones Juradas de Patrimonio - Direcci\u00f3n de Servicios de Atenci\u00f3n a Emergencias Extrahospitalarias","robots":{"index":"noindex","follow":"follow","max-snippet":"max-snippet:-1","max-image-preview":"max-image-preview:large","max-video-preview":"max-video-preview:-1"},"og_locale":"es_ES","og_type":"article","og_title":"Declaraciones Juradas de Patrimonio - Direcci\u00f3n de Servicios de Atenci\u00f3n a Emergencias Extrahospitalarias","og_description":"Nombre De Funcionario Decreto Declaraci\u00f3n Jurada De...","og_url":"https:\/\/daeh.gob.do\/daeha2\/transparencia\/declaraciones-juradas-de-patrimonio\/","og_site_name":"Direcci\u00f3n de Servicios de Atenci\u00f3n a Emergencias Extrahospitalarias","article_publisher":"https:\/\/www.facebook.com\/Daeh.rd","article_modified_time":"2025-12-17T12:44:49+00:00","og_image":[{"width":314,"height":156,"url":"https:\/\/daeh.gob.do\/daeha2\/wp-content\/uploads\/sites\/9\/2024\/04\/banner_declajura_online.jpg","type":"image\/jpeg"}],"twitter_card":"summary_large_image","twitter_site":"@DaehRd","twitter_misc":{"Tiempo de lectura":"1 minuto"},"schema":{"@context":"https:\/\/schema.org","@graph":[{"@type":"WebPage","@id":"https:\/\/daeh.gob.do\/daeha2\/transparencia\/declaraciones-juradas-de-patrimonio\/","url":"https:\/\/daeh.gob.do\/daeha2\/transparencia\/declaraciones-juradas-de-patrimonio\/","name":"Declaraciones Juradas de Patrimonio - Direcci\u00f3n de Servicios de Atenci\u00f3n a Emergencias Extrahospitalarias","isPartOf":{"@id":"https:\/\/daeh.gob.do\/daeha2\/#website"},"primaryImageOfPage":{"@id":"https:\/\/daeh.gob.do\/daeha2\/transparencia\/declaraciones-juradas-de-patrimonio\/#primaryimage"},"image":{"@id":"https:\/\/daeh.gob.do\/daeha2\/transparencia\/declaraciones-juradas-de-patrimonio\/#primaryimage"},"thumbnailUrl":"https:\/\/daeh.gob.do\/wp-content\/uploads\/2024\/04\/banner_declajura_online.jpg","datePublished":"2023-10-23T18:01:33+00:00","dateModified":"2025-12-17T12:44:49+00:00","breadcrumb":{"@id":"https:\/\/daeh.gob.do\/daeha2\/transparencia\/declaraciones-juradas-de-patrimonio\/#breadcrumb"},"inLanguage":"es","potentialAction":[{"@type":"ReadAction","target":["https:\/\/daeh.gob.do\/daeha2\/transparencia\/declaraciones-juradas-de-patrimonio\/"]}]},{"@type":"ImageObject","inLanguage":"es","@id":"https:\/\/daeh.gob.do\/daeha2\/transparencia\/declaraciones-juradas-de-patrimonio\/#primaryimage","url":"https:\/\/daeh.gob.do\/wp-content\/uploads\/2024\/04\/banner_declajura_online.jpg","contentUrl":"https:\/\/daeh.gob.do\/wp-content\/uploads\/2024\/04\/banner_declajura_online.jpg"},{"@type":"BreadcrumbList","@id":"https:\/\/daeh.gob.do\/daeha2\/transparencia\/declaraciones-juradas-de-patrimonio\/#breadcrumb","itemListElement":[{"@type":"ListItem","position":1,"name":"Portal de Transparencia","item":"https:\/\/daeh.gob.do\/daeha2\/transparencia\/"},{"@type":"ListItem","position":2,"name":"Declaraciones Juradas de Patrimonio"}]},{"@type":"WebSite","@id":"https:\/\/daeh.gob.do\/daeha2\/#website","url":"https:\/\/daeh.gob.do\/daeha2\/","name":"Direcci\u00f3n de Servicios de Atenci\u00f3n a Emergencias Extrahospitalarias","description":"","publisher":{"@id":"https:\/\/daeh.gob.do\/daeha2\/#organization"},"potentialAction":[{"@type":"SearchAction","target":{"@type":"EntryPoint","urlTemplate":"https:\/\/daeh.gob.do\/daeha2\/?s={search_term_string}"},"query-input":{"@type":"PropertyValueSpecification","valueRequired":true,"valueName":"search_term_string"}}],"inLanguage":"es"},{"@type":"Organization","@id":"https:\/\/daeh.gob.do\/daeha2\/#organization","name":"Direcci\u00f3n de Servicios de Atenci\u00f3n a Emergencias Extrahospitalarias","url":"https:\/\/daeh.gob.do\/daeha2\/","logo":{"@type":"ImageObject","inLanguage":"es","@id":"https:\/\/daeh.gob.do\/daeha2\/#\/schema\/logo\/image\/","url":"https:\/\/daeh.gob.do\/daeha2\/wp-content\/uploads\/sites\/9\/2023\/05\/DAEH-LATERAL-01.png","contentUrl":"https:\/\/daeh.gob.do\/daeha2\/wp-content\/uploads\/sites\/9\/2023\/05\/DAEH-LATERAL-01.png","width":372,"height":59,"caption":"Direcci\u00f3n de Servicios de Atenci\u00f3n a Emergencias Extrahospitalarias"},"image":{"@id":"https:\/\/daeh.gob.do\/daeha2\/#\/schema\/logo\/image\/"},"sameAs":["https:\/\/www.facebook.com\/Daeh.rd","https:\/\/x.com\/DaehRd","https:\/\/instagram.com\/daeh.rd"]}]}},"_links":{"self":[{"href":"https:\/\/daeh.gob.do\/daeha2\/wp-json\/wp\/v2\/pages\/33462","targetHints":{"allow":["GET"]}}],"collection":[{"href":"https:\/\/daeh.gob.do\/daeha2\/wp-json\/wp\/v2\/pages"}],"about":[{"href":"https:\/\/daeh.gob.do\/daeha2\/wp-json\/wp\/v2\/types\/page"}],"author":[{"embeddable":true,"href":"https:\/\/daeh.gob.do\/daeha2\/wp-json\/wp\/v2\/users\/4"}],"replies":[{"embeddable":true,"href":"https:\/\/daeh.gob.do\/daeha2\/wp-json\/wp\/v2\/comments?post=33462"}],"version-history":[{"count":32,"href":"https:\/\/daeh.gob.do\/daeha2\/wp-json\/wp\/v2\/pages\/33462\/revisions"}],"predecessor-version":[{"id":38424,"href":"https:\/\/daeh.gob.do\/daeha2\/wp-json\/wp\/v2\/pages\/33462\/revisions\/38424"}],"up":[{"embeddable":true,"href":"https:\/\/daeh.gob.do\/daeha2\/wp-json\/wp\/v2\/pages\/33645"}],"wp:attachment":[{"href":"https:\/\/daeh.gob.do\/daeha2\/wp-json\/wp\/v2\/media?parent=33462"}],"curies":[{"name":"wp","href":"https:\/\/api.w.org\/{rel}","templated":true}]}}