{"id":33453,"date":"2023-10-23T18:01:32","date_gmt":"2023-10-23T18:01:32","guid":{"rendered":"https:\/\/daeh.gob.do\/daeha2\/?page_id=33453"},"modified":"2023-11-15T17:49:42","modified_gmt":"2023-11-15T17:49:42","slug":"enlace-al-portal-unico-de-solicitud-de-acceso-a-la-informacion-publica-saip","status":"publish","type":"page","link":"https:\/\/daeh.gob.do\/daeha2\/transparencia\/oficina-de-libre-acceso-a-la-informacion\/enlace-al-portal-unico-de-solicitud-de-acceso-a-la-informacion-publica-saip\/","title":{"rendered":"Enlace al Portal \u00danico de Solicitud de Acceso a la Informaci\u00f3n P\u00fablica (SAIP)"},"content":{"rendered":"\n<figure class=\"wp-block-image size-full\"><a href=\"https:\/\/saip.gob.do\/\" target=\"_blank\" rel=\"noreferrer noopener\"><img loading=\"lazy\" decoding=\"async\" width=\"442\" height=\"114\" src=\"https:\/\/daeh.gob.do\/daeha2\/wp-content\/uploads\/sites\/9\/2023\/10\/logo-saip.png\" alt=\"\" class=\"wp-image-33769\"\/><\/a><\/figure>\n\n\n\n<p><a href=\"https:\/\/saip.gob.do\/\" target=\"_blank\" rel=\"noreferrer noopener nofollow\">Enlace al portal \u00danico de Solicitud de Acceso a la Informaci\u00f3n P\u00fablica (SAIP)<\/a><\/p>\n\n\n\n<div class=\"wp-block-group is-layout-constrained wp-block-group-is-layout-constrained\">\n<figure class=\"wp-block-image aligncenter size-full\"><img loading=\"lazy\" decoding=\"async\" width=\"100\" height=\"123\" src=\"https:\/\/daeh.gob.do\/daeha2\/wp-content\/uploads\/sites\/9\/2023\/11\/Imagen-pdf.png\" alt=\"\" class=\"wp-image-34065\"\/><\/figure>\n\n\n\n<h6 class=\"wp-block-heading has-text-align-center\">Visor de documentos <strong>PDF<\/strong><\/h6>\n\n\n\n<p class=\"has-text-align-center has-small-font-size\">Si no puede visualizar los documentos en esta secci\u00f3n es posible que necesite descargar el programa Adobe Reader. Haga click en el bot\u00f3n de abajo:<\/p>\n\n\n\n<div class=\"wp-block-buttons is-content-justification-center is-layout-flex wp-container-core-buttons-is-layout-16018d1d wp-block-buttons-is-layout-flex\">\n<div class=\"wp-block-button\"><a class=\"wp-block-button__link has-white-color has-text-color has-background wp-element-button\" href=\"https:\/\/get.adobe.com\/es\/reader\/\" style=\"background-color:#c4113c\" target=\"_blank\" rel=\"noreferrer noopener\">Descargar<\/a><\/div>\n<\/div>\n<\/div>\n","protected":false},"excerpt":{"rendered":"<p>Enlace al portal \u00danico de Solicitud de Acceso a la Informaci\u00f3n P\u00fablica (SAIP)<\/p>\n","protected":false},"author":4,"featured_media":0,"parent":33445,"menu_order":0,"comment_status":"closed","ping_status":"closed","template":"","meta":{"_acf_changed":false,"_et_pb_use_builder":"","_et_pb_old_content":"","_et_gb_content_width":"","_monsterinsights_skip_tracking":false,"_monsterinsights_sitenote_active":false,"_monsterinsights_sitenote_note":"","_monsterinsights_sitenote_category":0,"footnotes":""},"class_list":["post-33453","page","type-page","status-publish","hentry"],"acf":[],"yoast_head":"<!-- This site is optimized with the Yoast SEO plugin v27.2 - https:\/\/yoast.com\/product\/yoast-seo-wordpress\/ -->\r\n<title>Enlace al Portal \u00danico de Solicitud de Acceso a la Informaci\u00f3n P\u00fablica (SAIP) - Direcci\u00f3n de Servicios de Atenci\u00f3n a Emergencias Extrahospitalarias<\/title>\r\n<meta name=\"robots\" content=\"noindex, follow, max-snippet:-1, max-image-preview:large, max-video-preview:-1\" \/>\r\n<meta property=\"og:locale\" content=\"es_ES\" \/>\r\n<meta property=\"og:type\" content=\"article\" \/>\r\n<meta property=\"og:title\" content=\"Enlace al Portal \u00danico de Solicitud de Acceso a la Informaci\u00f3n P\u00fablica (SAIP) - Direcci\u00f3n de Servicios de Atenci\u00f3n a Emergencias Extrahospitalarias\" \/>\r\n<meta property=\"og:description\" content=\"Enlace al portal \u00danico de Solicitud de Acceso a la Informaci\u00f3n P\u00fablica (SAIP)\" \/>\r\n<meta property=\"og:url\" content=\"https:\/\/daeh.gob.do\/daeha2\/transparencia\/oficina-de-libre-acceso-a-la-informacion\/enlace-al-portal-unico-de-solicitud-de-acceso-a-la-informacion-publica-saip\/\" \/>\r\n<meta property=\"og:site_name\" content=\"Direcci\u00f3n de Servicios de Atenci\u00f3n a Emergencias Extrahospitalarias\" \/>\r\n<meta property=\"article:publisher\" content=\"https:\/\/www.facebook.com\/Daeh.rd\" \/>\r\n<meta property=\"article:modified_time\" content=\"2023-11-15T17:49:42+00:00\" \/>\r\n<meta property=\"og:image\" content=\"https:\/\/daeh.gob.do\/daeha2\/wp-content\/uploads\/sites\/9\/2023\/10\/logo-saip.png\" \/>\r\n\t<meta property=\"og:image:width\" content=\"442\" \/>\r\n\t<meta property=\"og:image:height\" content=\"114\" \/>\r\n\t<meta property=\"og:image:type\" content=\"image\/png\" \/>\r\n<meta name=\"twitter:card\" content=\"summary_large_image\" \/>\r\n<meta name=\"twitter:site\" content=\"@DaehRd\" \/>\r\n<meta name=\"twitter:label1\" content=\"Tiempo de lectura\" \/>\n\t<meta name=\"twitter:data1\" content=\"1 minuto\" \/>\r\n<script type=\"application\/ld+json\" class=\"yoast-schema-graph\">{\"@context\":\"https:\/\/schema.org\",\"@graph\":[{\"@type\":\"WebPage\",\"@id\":\"https:\/\/daeh.gob.do\/daeha2\/transparencia\/oficina-de-libre-acceso-a-la-informacion\/enlace-al-portal-unico-de-solicitud-de-acceso-a-la-informacion-publica-saip\/\",\"url\":\"https:\/\/daeh.gob.do\/daeha2\/transparencia\/oficina-de-libre-acceso-a-la-informacion\/enlace-al-portal-unico-de-solicitud-de-acceso-a-la-informacion-publica-saip\/\",\"name\":\"Enlace al Portal \u00danico de Solicitud de Acceso a la Informaci\u00f3n P\u00fablica (SAIP) - Direcci\u00f3n de Servicios de Atenci\u00f3n a Emergencias Extrahospitalarias\",\"isPartOf\":{\"@id\":\"https:\/\/daeh.gob.do\/daeha2\/#website\"},\"primaryImageOfPage\":{\"@id\":\"https:\/\/daeh.gob.do\/daeha2\/transparencia\/oficina-de-libre-acceso-a-la-informacion\/enlace-al-portal-unico-de-solicitud-de-acceso-a-la-informacion-publica-saip\/#primaryimage\"},\"image\":{\"@id\":\"https:\/\/daeh.gob.do\/daeha2\/transparencia\/oficina-de-libre-acceso-a-la-informacion\/enlace-al-portal-unico-de-solicitud-de-acceso-a-la-informacion-publica-saip\/#primaryimage\"},\"thumbnailUrl\":\"https:\/\/daeh.gob.do\/daeha2\/wp-content\/uploads\/sites\/9\/2023\/10\/logo-saip.png\",\"datePublished\":\"2023-10-23T18:01:32+00:00\",\"dateModified\":\"2023-11-15T17:49:42+00:00\",\"breadcrumb\":{\"@id\":\"https:\/\/daeh.gob.do\/daeha2\/transparencia\/oficina-de-libre-acceso-a-la-informacion\/enlace-al-portal-unico-de-solicitud-de-acceso-a-la-informacion-publica-saip\/#breadcrumb\"},\"inLanguage\":\"es\",\"potentialAction\":[{\"@type\":\"ReadAction\",\"target\":[\"https:\/\/daeh.gob.do\/daeha2\/transparencia\/oficina-de-libre-acceso-a-la-informacion\/enlace-al-portal-unico-de-solicitud-de-acceso-a-la-informacion-publica-saip\/\"]}]},{\"@type\":\"ImageObject\",\"inLanguage\":\"es\",\"@id\":\"https:\/\/daeh.gob.do\/daeha2\/transparencia\/oficina-de-libre-acceso-a-la-informacion\/enlace-al-portal-unico-de-solicitud-de-acceso-a-la-informacion-publica-saip\/#primaryimage\",\"url\":\"https:\/\/daeh.gob.do\/daeha2\/wp-content\/uploads\/sites\/9\/2023\/10\/logo-saip.png\",\"contentUrl\":\"https:\/\/daeh.gob.do\/daeha2\/wp-content\/uploads\/sites\/9\/2023\/10\/logo-saip.png\",\"width\":442,\"height\":114},{\"@type\":\"BreadcrumbList\",\"@id\":\"https:\/\/daeh.gob.do\/daeha2\/transparencia\/oficina-de-libre-acceso-a-la-informacion\/enlace-al-portal-unico-de-solicitud-de-acceso-a-la-informacion-publica-saip\/#breadcrumb\",\"itemListElement\":[{\"@type\":\"ListItem\",\"position\":1,\"name\":\"Portal de Transparencia\",\"item\":\"https:\/\/daeh.gob.do\/daeha2\/transparencia\/\"},{\"@type\":\"ListItem\",\"position\":2,\"name\":\"Oficina de Libre Acceso a la Informaci\u00f3n\",\"item\":\"https:\/\/daeh.gob.do\/daeha2\/transparencia\/oficina-de-libre-acceso-a-la-informacion\/\"},{\"@type\":\"ListItem\",\"position\":3,\"name\":\"Enlace al Portal \u00danico de Solicitud de Acceso a la Informaci\u00f3n P\u00fablica (SAIP)\"}]},{\"@type\":\"WebSite\",\"@id\":\"https:\/\/daeh.gob.do\/daeha2\/#website\",\"url\":\"https:\/\/daeh.gob.do\/daeha2\/\",\"name\":\"Direcci\u00f3n de Servicios de Atenci\u00f3n a Emergencias Extrahospitalarias\",\"description\":\"\",\"publisher\":{\"@id\":\"https:\/\/daeh.gob.do\/daeha2\/#organization\"},\"potentialAction\":[{\"@type\":\"SearchAction\",\"target\":{\"@type\":\"EntryPoint\",\"urlTemplate\":\"https:\/\/daeh.gob.do\/daeha2\/?s={search_term_string}\"},\"query-input\":{\"@type\":\"PropertyValueSpecification\",\"valueRequired\":true,\"valueName\":\"search_term_string\"}}],\"inLanguage\":\"es\"},{\"@type\":\"Organization\",\"@id\":\"https:\/\/daeh.gob.do\/daeha2\/#organization\",\"name\":\"Direcci\u00f3n de Servicios de Atenci\u00f3n a Emergencias Extrahospitalarias\",\"url\":\"https:\/\/daeh.gob.do\/daeha2\/\",\"logo\":{\"@type\":\"ImageObject\",\"inLanguage\":\"es\",\"@id\":\"https:\/\/daeh.gob.do\/daeha2\/#\/schema\/logo\/image\/\",\"url\":\"https:\/\/daeh.gob.do\/daeha2\/wp-content\/uploads\/sites\/9\/2023\/05\/DAEH-LATERAL-01.png\",\"contentUrl\":\"https:\/\/daeh.gob.do\/daeha2\/wp-content\/uploads\/sites\/9\/2023\/05\/DAEH-LATERAL-01.png\",\"width\":372,\"height\":59,\"caption\":\"Direcci\u00f3n de Servicios de Atenci\u00f3n a Emergencias Extrahospitalarias\"},\"image\":{\"@id\":\"https:\/\/daeh.gob.do\/daeha2\/#\/schema\/logo\/image\/\"},\"sameAs\":[\"https:\/\/www.facebook.com\/Daeh.rd\",\"https:\/\/x.com\/DaehRd\",\"https:\/\/instagram.com\/daeh.rd\"]}]}<\/script>\r\n<!-- \/ Yoast SEO plugin. -->","yoast_head_json":{"title":"Enlace al Portal \u00danico de Solicitud de Acceso a la Informaci\u00f3n P\u00fablica (SAIP) - Direcci\u00f3n de Servicios de Atenci\u00f3n a Emergencias Extrahospitalarias","robots":{"index":"noindex","follow":"follow","max-snippet":"max-snippet:-1","max-image-preview":"max-image-preview:large","max-video-preview":"max-video-preview:-1"},"og_locale":"es_ES","og_type":"article","og_title":"Enlace al Portal \u00danico de Solicitud de Acceso a la Informaci\u00f3n P\u00fablica (SAIP) - Direcci\u00f3n de Servicios de Atenci\u00f3n a Emergencias Extrahospitalarias","og_description":"Enlace al portal \u00danico de Solicitud de Acceso a la Informaci\u00f3n P\u00fablica (SAIP)","og_url":"https:\/\/daeh.gob.do\/daeha2\/transparencia\/oficina-de-libre-acceso-a-la-informacion\/enlace-al-portal-unico-de-solicitud-de-acceso-a-la-informacion-publica-saip\/","og_site_name":"Direcci\u00f3n de Servicios de Atenci\u00f3n a Emergencias Extrahospitalarias","article_publisher":"https:\/\/www.facebook.com\/Daeh.rd","article_modified_time":"2023-11-15T17:49:42+00:00","og_image":[{"width":442,"height":114,"url":"https:\/\/daeh.gob.do\/daeha2\/wp-content\/uploads\/sites\/9\/2023\/10\/logo-saip.png","type":"image\/png"}],"twitter_card":"summary_large_image","twitter_site":"@DaehRd","twitter_misc":{"Tiempo de lectura":"1 minuto"},"schema":{"@context":"https:\/\/schema.org","@graph":[{"@type":"WebPage","@id":"https:\/\/daeh.gob.do\/daeha2\/transparencia\/oficina-de-libre-acceso-a-la-informacion\/enlace-al-portal-unico-de-solicitud-de-acceso-a-la-informacion-publica-saip\/","url":"https:\/\/daeh.gob.do\/daeha2\/transparencia\/oficina-de-libre-acceso-a-la-informacion\/enlace-al-portal-unico-de-solicitud-de-acceso-a-la-informacion-publica-saip\/","name":"Enlace al Portal \u00danico de Solicitud de Acceso a la Informaci\u00f3n P\u00fablica (SAIP) - Direcci\u00f3n de Servicios de Atenci\u00f3n a Emergencias Extrahospitalarias","isPartOf":{"@id":"https:\/\/daeh.gob.do\/daeha2\/#website"},"primaryImageOfPage":{"@id":"https:\/\/daeh.gob.do\/daeha2\/transparencia\/oficina-de-libre-acceso-a-la-informacion\/enlace-al-portal-unico-de-solicitud-de-acceso-a-la-informacion-publica-saip\/#primaryimage"},"image":{"@id":"https:\/\/daeh.gob.do\/daeha2\/transparencia\/oficina-de-libre-acceso-a-la-informacion\/enlace-al-portal-unico-de-solicitud-de-acceso-a-la-informacion-publica-saip\/#primaryimage"},"thumbnailUrl":"https:\/\/daeh.gob.do\/daeha2\/wp-content\/uploads\/sites\/9\/2023\/10\/logo-saip.png","datePublished":"2023-10-23T18:01:32+00:00","dateModified":"2023-11-15T17:49:42+00:00","breadcrumb":{"@id":"https:\/\/daeh.gob.do\/daeha2\/transparencia\/oficina-de-libre-acceso-a-la-informacion\/enlace-al-portal-unico-de-solicitud-de-acceso-a-la-informacion-publica-saip\/#breadcrumb"},"inLanguage":"es","potentialAction":[{"@type":"ReadAction","target":["https:\/\/daeh.gob.do\/daeha2\/transparencia\/oficina-de-libre-acceso-a-la-informacion\/enlace-al-portal-unico-de-solicitud-de-acceso-a-la-informacion-publica-saip\/"]}]},{"@type":"ImageObject","inLanguage":"es","@id":"https:\/\/daeh.gob.do\/daeha2\/transparencia\/oficina-de-libre-acceso-a-la-informacion\/enlace-al-portal-unico-de-solicitud-de-acceso-a-la-informacion-publica-saip\/#primaryimage","url":"https:\/\/daeh.gob.do\/daeha2\/wp-content\/uploads\/sites\/9\/2023\/10\/logo-saip.png","contentUrl":"https:\/\/daeh.gob.do\/daeha2\/wp-content\/uploads\/sites\/9\/2023\/10\/logo-saip.png","width":442,"height":114},{"@type":"BreadcrumbList","@id":"https:\/\/daeh.gob.do\/daeha2\/transparencia\/oficina-de-libre-acceso-a-la-informacion\/enlace-al-portal-unico-de-solicitud-de-acceso-a-la-informacion-publica-saip\/#breadcrumb","itemListElement":[{"@type":"ListItem","position":1,"name":"Portal de Transparencia","item":"https:\/\/daeh.gob.do\/daeha2\/transparencia\/"},{"@type":"ListItem","position":2,"name":"Oficina de Libre Acceso a la Informaci\u00f3n","item":"https:\/\/daeh.gob.do\/daeha2\/transparencia\/oficina-de-libre-acceso-a-la-informacion\/"},{"@type":"ListItem","position":3,"name":"Enlace al Portal \u00danico de Solicitud de Acceso a la Informaci\u00f3n P\u00fablica (SAIP)"}]},{"@type":"WebSite","@id":"https:\/\/daeh.gob.do\/daeha2\/#website","url":"https:\/\/daeh.gob.do\/daeha2\/","name":"Direcci\u00f3n de Servicios de Atenci\u00f3n a Emergencias Extrahospitalarias","description":"","publisher":{"@id":"https:\/\/daeh.gob.do\/daeha2\/#organization"},"potentialAction":[{"@type":"SearchAction","target":{"@type":"EntryPoint","urlTemplate":"https:\/\/daeh.gob.do\/daeha2\/?s={search_term_string}"},"query-input":{"@type":"PropertyValueSpecification","valueRequired":true,"valueName":"search_term_string"}}],"inLanguage":"es"},{"@type":"Organization","@id":"https:\/\/daeh.gob.do\/daeha2\/#organization","name":"Direcci\u00f3n de Servicios de Atenci\u00f3n a Emergencias Extrahospitalarias","url":"https:\/\/daeh.gob.do\/daeha2\/","logo":{"@type":"ImageObject","inLanguage":"es","@id":"https:\/\/daeh.gob.do\/daeha2\/#\/schema\/logo\/image\/","url":"https:\/\/daeh.gob.do\/daeha2\/wp-content\/uploads\/sites\/9\/2023\/05\/DAEH-LATERAL-01.png","contentUrl":"https:\/\/daeh.gob.do\/daeha2\/wp-content\/uploads\/sites\/9\/2023\/05\/DAEH-LATERAL-01.png","width":372,"height":59,"caption":"Direcci\u00f3n de Servicios de Atenci\u00f3n a Emergencias Extrahospitalarias"},"image":{"@id":"https:\/\/daeh.gob.do\/daeha2\/#\/schema\/logo\/image\/"},"sameAs":["https:\/\/www.facebook.com\/Daeh.rd","https:\/\/x.com\/DaehRd","https:\/\/instagram.com\/daeh.rd"]}]}},"_links":{"self":[{"href":"https:\/\/daeh.gob.do\/daeha2\/wp-json\/wp\/v2\/pages\/33453","targetHints":{"allow":["GET"]}}],"collection":[{"href":"https:\/\/daeh.gob.do\/daeha2\/wp-json\/wp\/v2\/pages"}],"about":[{"href":"https:\/\/daeh.gob.do\/daeha2\/wp-json\/wp\/v2\/types\/page"}],"author":[{"embeddable":true,"href":"https:\/\/daeh.gob.do\/daeha2\/wp-json\/wp\/v2\/users\/4"}],"replies":[{"embeddable":true,"href":"https:\/\/daeh.gob.do\/daeha2\/wp-json\/wp\/v2\/comments?post=33453"}],"version-history":[{"count":6,"href":"https:\/\/daeh.gob.do\/daeha2\/wp-json\/wp\/v2\/pages\/33453\/revisions"}],"predecessor-version":[{"id":33995,"href":"https:\/\/daeh.gob.do\/daeha2\/wp-json\/wp\/v2\/pages\/33453\/revisions\/33995"}],"up":[{"embeddable":true,"href":"https:\/\/daeh.gob.do\/daeha2\/wp-json\/wp\/v2\/pages\/33445"}],"wp:attachment":[{"href":"https:\/\/daeh.gob.do\/daeha2\/wp-json\/wp\/v2\/media?parent=33453"}],"curies":[{"name":"wp","href":"https:\/\/api.w.org\/{rel}","templated":true}]}}