{"id":33446,"date":"2023-10-23T18:01:32","date_gmt":"2023-10-23T18:01:32","guid":{"rendered":"https:\/\/daeh.gob.do\/daeha2\/?page_id=33446"},"modified":"2025-05-09T09:34:27","modified_gmt":"2025-05-09T13:34:27","slug":"derechos-de-los-ciudadanos","status":"publish","type":"page","link":"https:\/\/daeh.gob.do\/daeha2\/transparencia\/derechos-de-los-ciudadanos\/","title":{"rendered":"Derechos de los Ciudadanos de Acceder a la Informaci\u00f3n P\u00fablica"},"content":{"rendered":"\r\n<p><strong>SOLICITAR<\/strong>\u00a0informaci\u00f3n de cualquier \u00f3rgano del Estado Dominicano y de todas las sociedades an\u00f3nimas, compa\u00f1\u00edas an\u00f3nimas o compa\u00f1\u00edas por acciones con participaci\u00f3n estatal.<\/p>\r\n\r\n\r\n\r\n<p><strong>RECIBIR<\/strong>\u00a0informaci\u00f3n completa, veraz, adecuada y oportuna de cualquier \u00f3rgano del Estado Dominicano y de todas las sociedades an\u00f3nimas, compa\u00f1\u00edas an\u00f3nimas o compa\u00f1\u00edas por acciones con participaci\u00f3n estatal.<\/p>\r\n\r\n\r\n\r\n<p><strong>ACCESO<\/strong>\u00a0gratuito a la informaci\u00f3n en tanto que no requiera reproducci\u00f3n de la misma.<\/p>\r\n\r\n\r\n\r\n<p><strong>SOLICITAR, RECIBIR y DIFUNDIR<\/strong>\u00a0informaciones pertenecientes a la administraci\u00f3n del Estado.<\/p>\r\n\r\n\r\n\r\n<p><strong>CONOCER<\/strong>\u00a0\u00a0los \u00a0proyectos \u00a0de \u00a0reglamentos \u00a0y \u00a0otras \u00a0disposiciones \u00a0de car\u00e1cter general que rigen las relaciones entre los particulares y la administraci\u00f3n.<\/p>\r\n\r\n\r\n\r\n<p><strong>OPINAR<\/strong>\u00a0sobre los proyectos de reglamentos y otras disposiciones de car\u00e1cter general que rigen las relaciones entre los particulares y la administraci\u00f3n.<\/p>\r\n\r\n\r\n\r\n<p><strong>OBTENER<\/strong>\u00a0informaci\u00f3n sobre los servicios que ofrece el Estado y sus tarifas.<\/p>\r\n\r\n\r\n\r\n<p><strong>SABER<\/strong>\u00a0 \u00a0la\u00a0 \u00a0estructura,\u00a0 \u00a0integrantes,\u00a0 \u00a0normativas\u00a0 \u00a0de\u00a0 \u00a0funcionamiento, proyectos, informes de gesti\u00f3n, y bases de datos de la administraci\u00f3n p\u00fablica.<\/p>\r\n\r\n\r\n\r\n<p><strong>CONOCER<\/strong>\u00a0\u00a0sobre \u00a0los \u00a0presupuestos \u00a0y \u00a0c\u00e1lculos \u00a0de \u00a0recursos \u00a0y \u00a0gastos aprobados, su evoluci\u00f3n y estado de ejecuci\u00f3n.<\/p>\r\n\r\n\r\n\r\n<p><strong>TENER<\/strong>\u00a0informaci\u00f3n sobre los programas y proyectos, sus presupuestos, plazos, ejecuci\u00f3n y supervisi\u00f3n.<\/p>\r\n\r\n\r\n\r\n<p><strong>ESTAR AL TANTO<\/strong>\u00a0sobre las licitaciones, concursos, compras, gastos y resultados.<\/p>\r\n\r\n\r\n\r\n<p><strong>ACCEDER<\/strong>\u00a0a la n\u00f3mina del Estado y sus remuneraciones.<\/p>\r\n\r\n\r\n\r\n<p><strong>CONOCER<\/strong>\u00a0\u00a0la \u00a0declaraci\u00f3n \u00a0jurada \u00a0patrimonial \u00a0de \u00a0los \u00a0funcionarios \u00a0del<\/p>\r\n\r\n\r\n\r\n<p>Estado cuando su presentaci\u00f3n corresponda por ley.<\/p>\r\n\r\n\r\n\r\n<p><strong>RECIBIR<\/strong>\u00a0\u00a0informaci\u00f3n \u00a0sobre \u00a0el \u00a0listado \u00a0de \u00a0beneficiarios \u00a0de \u00a0programas asistenciales, subsidios, becas, jubilaciones, pensiones y retiros.<\/p>\r\n\r\n\r\n\r\n<p><strong>SABER<\/strong>\u00a0sobre el estado de cuentas de la deuda p\u00fablica, sus vencimientos y pagos.<\/p>\r\n\r\n\r\n\r\n<p><strong>BUSCAR<\/strong>\u00a0\u00a0 las\u00a0\u00a0\u00a0 leyes,\u00a0\u00a0\u00a0 decretos,\u00a0\u00a0\u00a0 resoluciones,\u00a0\u00a0 disposiciones,\u00a0\u00a0 marcos regulatorios y cualquier tipo de normativa.<\/p>\r\n\r\n\r\n\r\n<p><strong>SOLICITAR Y RECIBIR<\/strong>\u00a0oportunamente cualquier tipo de documentaci\u00f3n financiera relativa al presupuesto p\u00fablico.<\/p>\r\n","protected":false},"excerpt":{"rendered":"<p>SOLICITAR\u00a0informaci\u00f3n de cualquier \u00f3rgano del Estado Dominicano y de todas las sociedades an\u00f3nimas, compa\u00f1\u00edas an\u00f3nimas o compa\u00f1\u00edas por acciones con participaci\u00f3n estatal. RECIBIR\u00a0informaci\u00f3n completa, veraz, adecuada y oportuna de cualquier \u00f3rgano del Estado Dominicano y de todas las sociedades an\u00f3nimas, compa\u00f1\u00edas an\u00f3nimas o compa\u00f1\u00edas por acciones con participaci\u00f3n estatal. ACCESO\u00a0gratuito a la informaci\u00f3n en tanto &hellip; <a href=\"https:\/\/daeh.gob.do\/daeha2\/transparencia\/derechos-de-los-ciudadanos\/\">Continued<\/a><\/p>\n","protected":false},"author":4,"featured_media":0,"parent":33645,"menu_order":0,"comment_status":"closed","ping_status":"closed","template":"template-custom.blade.php","meta":{"_acf_changed":false,"_et_pb_use_builder":"","_et_pb_old_content":"","_et_gb_content_width":"","_monsterinsights_skip_tracking":false,"_monsterinsights_sitenote_active":false,"_monsterinsights_sitenote_note":"","_monsterinsights_sitenote_category":0,"footnotes":""},"class_list":["post-33446","page","type-page","status-publish","hentry"],"acf":[],"yoast_head":"<!-- This site is optimized with the Yoast SEO plugin v27.2 - https:\/\/yoast.com\/product\/yoast-seo-wordpress\/ -->\r\n<title>Derechos de los Ciudadanos de Acceder a la Informaci\u00f3n P\u00fablica - Direcci\u00f3n de Servicios de Atenci\u00f3n a Emergencias Extrahospitalarias<\/title>\r\n<meta name=\"robots\" content=\"noindex, follow, max-snippet:-1, max-image-preview:large, max-video-preview:-1\" \/>\r\n<meta property=\"og:locale\" content=\"es_ES\" \/>\r\n<meta property=\"og:type\" content=\"article\" \/>\r\n<meta property=\"og:title\" content=\"Derechos de los Ciudadanos de Acceder a la Informaci\u00f3n P\u00fablica - Direcci\u00f3n de Servicios de Atenci\u00f3n a Emergencias Extrahospitalarias\" \/>\r\n<meta property=\"og:description\" content=\"SOLICITAR\u00a0informaci\u00f3n de cualquier \u00f3rgano del Estado Dominicano y de todas las sociedades an\u00f3nimas, compa\u00f1\u00edas an\u00f3nimas o compa\u00f1\u00edas por acciones con participaci\u00f3n estatal. RECIBIR\u00a0informaci\u00f3n completa, veraz, adecuada y oportuna de cualquier \u00f3rgano del Estado Dominicano y de todas las sociedades an\u00f3nimas, compa\u00f1\u00edas an\u00f3nimas o compa\u00f1\u00edas por acciones con participaci\u00f3n estatal. ACCESO\u00a0gratuito a la informaci\u00f3n en tanto &hellip; Continued\" \/>\r\n<meta property=\"og:url\" content=\"https:\/\/daeh.gob.do\/daeha2\/transparencia\/derechos-de-los-ciudadanos\/\" \/>\r\n<meta property=\"og:site_name\" content=\"Direcci\u00f3n de Servicios de Atenci\u00f3n a Emergencias Extrahospitalarias\" \/>\r\n<meta property=\"article:publisher\" content=\"https:\/\/www.facebook.com\/Daeh.rd\" \/>\r\n<meta property=\"article:modified_time\" content=\"2025-05-09T13:34:27+00:00\" \/>\r\n<meta name=\"twitter:card\" content=\"summary_large_image\" \/>\r\n<meta name=\"twitter:site\" content=\"@DaehRd\" \/>\r\n<meta name=\"twitter:label1\" content=\"Tiempo de lectura\" \/>\n\t<meta name=\"twitter:data1\" content=\"2 minutos\" \/>\r\n<script type=\"application\/ld+json\" class=\"yoast-schema-graph\">{\"@context\":\"https:\/\/schema.org\",\"@graph\":[{\"@type\":\"WebPage\",\"@id\":\"https:\/\/daeh.gob.do\/daeha2\/transparencia\/derechos-de-los-ciudadanos\/\",\"url\":\"https:\/\/daeh.gob.do\/daeha2\/transparencia\/derechos-de-los-ciudadanos\/\",\"name\":\"Derechos de los Ciudadanos de Acceder a la Informaci\u00f3n P\u00fablica - Direcci\u00f3n de Servicios de Atenci\u00f3n a Emergencias Extrahospitalarias\",\"isPartOf\":{\"@id\":\"https:\/\/daeh.gob.do\/daeha2\/#website\"},\"datePublished\":\"2023-10-23T18:01:32+00:00\",\"dateModified\":\"2025-05-09T13:34:27+00:00\",\"breadcrumb\":{\"@id\":\"https:\/\/daeh.gob.do\/daeha2\/transparencia\/derechos-de-los-ciudadanos\/#breadcrumb\"},\"inLanguage\":\"es\",\"potentialAction\":[{\"@type\":\"ReadAction\",\"target\":[\"https:\/\/daeh.gob.do\/daeha2\/transparencia\/derechos-de-los-ciudadanos\/\"]}]},{\"@type\":\"BreadcrumbList\",\"@id\":\"https:\/\/daeh.gob.do\/daeha2\/transparencia\/derechos-de-los-ciudadanos\/#breadcrumb\",\"itemListElement\":[{\"@type\":\"ListItem\",\"position\":1,\"name\":\"Portal de Transparencia\",\"item\":\"https:\/\/daeh.gob.do\/daeha2\/transparencia\/\"},{\"@type\":\"ListItem\",\"position\":2,\"name\":\"Derechos de los Ciudadanos de Acceder a la Informaci\u00f3n P\u00fablica\"}]},{\"@type\":\"WebSite\",\"@id\":\"https:\/\/daeh.gob.do\/daeha2\/#website\",\"url\":\"https:\/\/daeh.gob.do\/daeha2\/\",\"name\":\"Direcci\u00f3n de Servicios de Atenci\u00f3n a Emergencias Extrahospitalarias\",\"description\":\"\",\"publisher\":{\"@id\":\"https:\/\/daeh.gob.do\/daeha2\/#organization\"},\"potentialAction\":[{\"@type\":\"SearchAction\",\"target\":{\"@type\":\"EntryPoint\",\"urlTemplate\":\"https:\/\/daeh.gob.do\/daeha2\/?s={search_term_string}\"},\"query-input\":{\"@type\":\"PropertyValueSpecification\",\"valueRequired\":true,\"valueName\":\"search_term_string\"}}],\"inLanguage\":\"es\"},{\"@type\":\"Organization\",\"@id\":\"https:\/\/daeh.gob.do\/daeha2\/#organization\",\"name\":\"Direcci\u00f3n de Servicios de Atenci\u00f3n a Emergencias Extrahospitalarias\",\"url\":\"https:\/\/daeh.gob.do\/daeha2\/\",\"logo\":{\"@type\":\"ImageObject\",\"inLanguage\":\"es\",\"@id\":\"https:\/\/daeh.gob.do\/daeha2\/#\/schema\/logo\/image\/\",\"url\":\"https:\/\/daeh.gob.do\/daeha2\/wp-content\/uploads\/sites\/9\/2023\/05\/DAEH-LATERAL-01.png\",\"contentUrl\":\"https:\/\/daeh.gob.do\/daeha2\/wp-content\/uploads\/sites\/9\/2023\/05\/DAEH-LATERAL-01.png\",\"width\":372,\"height\":59,\"caption\":\"Direcci\u00f3n de Servicios de Atenci\u00f3n a Emergencias Extrahospitalarias\"},\"image\":{\"@id\":\"https:\/\/daeh.gob.do\/daeha2\/#\/schema\/logo\/image\/\"},\"sameAs\":[\"https:\/\/www.facebook.com\/Daeh.rd\",\"https:\/\/x.com\/DaehRd\",\"https:\/\/instagram.com\/daeh.rd\"]}]}<\/script>\r\n<!-- \/ Yoast SEO plugin. -->","yoast_head_json":{"title":"Derechos de los Ciudadanos de Acceder a la Informaci\u00f3n P\u00fablica - Direcci\u00f3n de Servicios de Atenci\u00f3n a Emergencias Extrahospitalarias","robots":{"index":"noindex","follow":"follow","max-snippet":"max-snippet:-1","max-image-preview":"max-image-preview:large","max-video-preview":"max-video-preview:-1"},"og_locale":"es_ES","og_type":"article","og_title":"Derechos de los Ciudadanos de Acceder a la Informaci\u00f3n P\u00fablica - Direcci\u00f3n de Servicios de Atenci\u00f3n a Emergencias Extrahospitalarias","og_description":"SOLICITAR\u00a0informaci\u00f3n de cualquier \u00f3rgano del Estado Dominicano y de todas las sociedades an\u00f3nimas, compa\u00f1\u00edas an\u00f3nimas o compa\u00f1\u00edas por acciones con participaci\u00f3n estatal. RECIBIR\u00a0informaci\u00f3n completa, veraz, adecuada y oportuna de cualquier \u00f3rgano del Estado Dominicano y de todas las sociedades an\u00f3nimas, compa\u00f1\u00edas an\u00f3nimas o compa\u00f1\u00edas por acciones con participaci\u00f3n estatal. ACCESO\u00a0gratuito a la informaci\u00f3n en tanto &hellip; Continued","og_url":"https:\/\/daeh.gob.do\/daeha2\/transparencia\/derechos-de-los-ciudadanos\/","og_site_name":"Direcci\u00f3n de Servicios de Atenci\u00f3n a Emergencias Extrahospitalarias","article_publisher":"https:\/\/www.facebook.com\/Daeh.rd","article_modified_time":"2025-05-09T13:34:27+00:00","twitter_card":"summary_large_image","twitter_site":"@DaehRd","twitter_misc":{"Tiempo de lectura":"2 minutos"},"schema":{"@context":"https:\/\/schema.org","@graph":[{"@type":"WebPage","@id":"https:\/\/daeh.gob.do\/daeha2\/transparencia\/derechos-de-los-ciudadanos\/","url":"https:\/\/daeh.gob.do\/daeha2\/transparencia\/derechos-de-los-ciudadanos\/","name":"Derechos de los Ciudadanos de Acceder a la Informaci\u00f3n P\u00fablica - Direcci\u00f3n de Servicios de Atenci\u00f3n a Emergencias Extrahospitalarias","isPartOf":{"@id":"https:\/\/daeh.gob.do\/daeha2\/#website"},"datePublished":"2023-10-23T18:01:32+00:00","dateModified":"2025-05-09T13:34:27+00:00","breadcrumb":{"@id":"https:\/\/daeh.gob.do\/daeha2\/transparencia\/derechos-de-los-ciudadanos\/#breadcrumb"},"inLanguage":"es","potentialAction":[{"@type":"ReadAction","target":["https:\/\/daeh.gob.do\/daeha2\/transparencia\/derechos-de-los-ciudadanos\/"]}]},{"@type":"BreadcrumbList","@id":"https:\/\/daeh.gob.do\/daeha2\/transparencia\/derechos-de-los-ciudadanos\/#breadcrumb","itemListElement":[{"@type":"ListItem","position":1,"name":"Portal de Transparencia","item":"https:\/\/daeh.gob.do\/daeha2\/transparencia\/"},{"@type":"ListItem","position":2,"name":"Derechos de los Ciudadanos de Acceder a la Informaci\u00f3n P\u00fablica"}]},{"@type":"WebSite","@id":"https:\/\/daeh.gob.do\/daeha2\/#website","url":"https:\/\/daeh.gob.do\/daeha2\/","name":"Direcci\u00f3n de Servicios de Atenci\u00f3n a Emergencias Extrahospitalarias","description":"","publisher":{"@id":"https:\/\/daeh.gob.do\/daeha2\/#organization"},"potentialAction":[{"@type":"SearchAction","target":{"@type":"EntryPoint","urlTemplate":"https:\/\/daeh.gob.do\/daeha2\/?s={search_term_string}"},"query-input":{"@type":"PropertyValueSpecification","valueRequired":true,"valueName":"search_term_string"}}],"inLanguage":"es"},{"@type":"Organization","@id":"https:\/\/daeh.gob.do\/daeha2\/#organization","name":"Direcci\u00f3n de Servicios de Atenci\u00f3n a Emergencias Extrahospitalarias","url":"https:\/\/daeh.gob.do\/daeha2\/","logo":{"@type":"ImageObject","inLanguage":"es","@id":"https:\/\/daeh.gob.do\/daeha2\/#\/schema\/logo\/image\/","url":"https:\/\/daeh.gob.do\/daeha2\/wp-content\/uploads\/sites\/9\/2023\/05\/DAEH-LATERAL-01.png","contentUrl":"https:\/\/daeh.gob.do\/daeha2\/wp-content\/uploads\/sites\/9\/2023\/05\/DAEH-LATERAL-01.png","width":372,"height":59,"caption":"Direcci\u00f3n de Servicios de Atenci\u00f3n a Emergencias Extrahospitalarias"},"image":{"@id":"https:\/\/daeh.gob.do\/daeha2\/#\/schema\/logo\/image\/"},"sameAs":["https:\/\/www.facebook.com\/Daeh.rd","https:\/\/x.com\/DaehRd","https:\/\/instagram.com\/daeh.rd"]}]}},"_links":{"self":[{"href":"https:\/\/daeh.gob.do\/daeha2\/wp-json\/wp\/v2\/pages\/33446","targetHints":{"allow":["GET"]}}],"collection":[{"href":"https:\/\/daeh.gob.do\/daeha2\/wp-json\/wp\/v2\/pages"}],"about":[{"href":"https:\/\/daeh.gob.do\/daeha2\/wp-json\/wp\/v2\/types\/page"}],"author":[{"embeddable":true,"href":"https:\/\/daeh.gob.do\/daeha2\/wp-json\/wp\/v2\/users\/4"}],"replies":[{"embeddable":true,"href":"https:\/\/daeh.gob.do\/daeha2\/wp-json\/wp\/v2\/comments?post=33446"}],"version-history":[{"count":4,"href":"https:\/\/daeh.gob.do\/daeha2\/wp-json\/wp\/v2\/pages\/33446\/revisions"}],"predecessor-version":[{"id":37034,"href":"https:\/\/daeh.gob.do\/daeha2\/wp-json\/wp\/v2\/pages\/33446\/revisions\/37034"}],"up":[{"embeddable":true,"href":"https:\/\/daeh.gob.do\/daeha2\/wp-json\/wp\/v2\/pages\/33645"}],"wp:attachment":[{"href":"https:\/\/daeh.gob.do\/daeha2\/wp-json\/wp\/v2\/media?parent=33446"}],"curies":[{"name":"wp","href":"https:\/\/api.w.org\/{rel}","templated":true}]}}