{"id":32755,"date":"2023-05-25T18:09:08","date_gmt":"2023-05-25T18:09:08","guid":{"rendered":"http:\/\/daeh.gob.do\/daeha2\/?page_id=32755"},"modified":"2024-04-01T16:54:41","modified_gmt":"2024-04-01T16:54:41","slug":"atencion-domiciliaria","status":"publish","type":"page","link":"https:\/\/daeh.gob.do\/daeha2\/servicios\/atencion-domiciliaria\/","title":{"rendered":"Atenci\u00f3n Domiciliaria"},"content":{"rendered":"\r\n\r\n<h5 class=\"wp-block-heading subtitulos-servicios\">Descripci\u00f3n del servicio<\/h5>\r\n\r\n\r\n\r\n<p>Nuestros servicios domiciliarios est\u00e1n dise\u00f1ados para atender a pacientes que requieren atenci\u00f3n m\u00e9dica, pero que no necesitan ser hospitalizados y prefieren recibir cuidados en la comodidad de su propio hogar.<\/p>\r\n\r\n\r\n\r\n<h5 class=\"wp-block-heading subtitulos-servicios\">\u00bfA qui\u00e9n va dirigido?<\/h5>\r\n\r\n\r\n\r\n<p>A todo el p\u00fablico o usuarios que requieran este servicio.<\/p>\r\n\r\n\r\n\r\n<h5 class=\"wp-block-heading subtitulos-servicios\">Tipos de Emergencias<\/h5>\r\n\r\n\r\n\r\n<ul class=\"wp-block-list\">\r\n<li>Estos pueden variar segun su nivel de atenci\u00f3n.<\/li>\r\n<\/ul>\r\n\r\n\r\n\r\n<h5 class=\"wp-block-heading subtitulos-servicios\">Departamento que lo ofrece<\/h5>\r\n\r\n\r\n\r\n<p>Departamento de Atenci\u00f3n Domiciliaria.<\/p>\r\n\r\n\r\n<div class=\"gb-grid-wrapper gb-grid-wrapper-6ea2de32 info-contacto-servicio\">\r\n\r\n<div class=\"gb-grid-column gb-grid-column-aa2ea30a\"><div class=\"gb-container gb-container-aa2ea30a\"><div class=\"gb-inside-container\">\r\n\r\n\r\n<h5 class=\"gb-headline gb-headline-1f5fc794 gb-headline-text subtitulos-servicios\">Informaci\u00f3n de contacto<\/h5>\r\n\r\n\r\n\r\n<p><strong>Direcci\u00f3n:<\/strong><a href=\"https:\/\/maps.app.goo.gl\/qNEMLJtPQAJWsu45A\">Lugar: Local Comercial \u201cLA CASONA\u201d Av. Los Pr\u00f3ceres, esquina Erick Leonard, del sector Arroyo Hondo, Santo Domingo de Guzm\u00e1n, Distrito Nacional, Rep\u00fablica Dominicana.<\/a><br \/><strong>Tel\u00e9fono:<\/strong> <a href=\"http:\/\/8297350354\/\">(829) 735-0354<\/a><br \/><strong>Correo electr\u00f3nico:<\/strong> <a href=\"mailto:info@daeh.gob.do\/daeha2\">info@daeh.gob.do\/daeha2<\/a><\/p>\r\n<\/div><\/div><\/div><\/div>\r\n\r\n\r\n<h5 class=\"wp-block-heading subtitulos-servicios\">Requisitos o requerimientos<\/h5>\r\n\r\n\r\n\r\n<ul class=\"wp-block-list\">\r\n<li>C\u00e9dula de Identidad y Electoral o Pasaporte<\/li>\r\n\r\n\r\n\r\n<li>Tarjeta de Citas M\u00e9dicas, en caso de poseerla.<\/li>\r\n<\/ul>\r\n\r\n\r\n\r\n<h5 class=\"wp-block-heading subtitulos-servicios\">Procedimiento a seguir<\/h5>\r\n\r\n\r\n\r\n<ol class=\"wp-block-list\">\r\n<li>Pacientes pueden ser referidos a centros hospitalarios segun gravedad<\/li>\r\n<\/ol>\r\n\r\n\r\n<div class=\"gb-grid-wrapper gb-grid-wrapper-3e0d4460\">\r\n\r\n<div class=\"gb-grid-column gb-grid-column-a805fa2b\"><div class=\"gb-container gb-container-a805fa2b\"><div class=\"gb-inside-container\">\r\n\r\n\r\n<div class=\"descripcion-servicios\"><i class=\"lni lni-calendar\"><\/i>\r\n<p><strong>Horario de prestaci\u00f3n<\/strong><br \/>24 horas todos los d\u00edas.<\/p>\r\n<\/div>\r\n<\/div><\/div><\/div>\r\n\r\n<div class=\"gb-grid-column gb-grid-column-6c45e3b1\"><div class=\"gb-container gb-container-6c45e3b1\"><div class=\"gb-inside-container\">\r\n\r\n\r\n<div class=\"descripcion-servicios\"><i class=\"lni lni-dollar\"><\/i>\r\n<p><strong>Costo<\/strong><br \/>Gratis<\/p>\r\n<\/div>\r\n<\/div><\/div><\/div><\/div>\r\n\r\n<div class=\"gb-grid-wrapper gb-grid-wrapper-bf1ad54f\">\r\n\r\n<div class=\"gb-grid-column gb-grid-column-2354a764\"><div class=\"gb-container gb-container-2354a764\"><div class=\"gb-inside-container\">\r\n\r\n\r\n<div class=\"descripcion-servicios\"><i class=\"lni lni-timer\"><\/i>\r\n<p><strong>Tiempo de respuesta<\/strong><br \/>De inmediato.<\/p>\r\n<\/div>\r\n<\/div><\/div><\/div>\r\n\r\n<div class=\"gb-grid-column gb-grid-column-db16b451\"><div class=\"gb-container gb-container-db16b451\"><div class=\"gb-inside-container\">\r\n\r\n\r\n<div class=\"descripcion-servicios\"><i class=\"lni lni-reload\"><\/i>\r\n<p><strong>Canal de prestaci\u00f3n<\/strong><br \/>Presencial.<\/p>\r\n<\/div>\r\n<\/div><\/div><\/div><\/div>\r\n\r\n\r\n<h5 class=\"wp-block-heading subtitulos-servicios info-adicional\">Informaci\u00f3n adicional<\/h5>\r\n\r\n\r\n\r\n<p>La atenci\u00f3n domiciliaria brinda comodidad y conveniencia a los pacientes, permiti\u00e9ndoles recibir cuidados m\u00e9dicos adecuados sin la necesidad de una hospitalizaci\u00f3n prolongada. Adem\u00e1s, puede ayudar a reducir los costos de atenci\u00f3n m\u00e9dica y promover la recuperaci\u00f3n m\u00e1s r\u00e1pida al proporcionar un entorno familiar y de apoyo para el paciente.<\/p>\r\n","protected":false},"excerpt":{"rendered":"<p>Descripci\u00f3n del servicio Nuestros servicios domiciliarios est\u00e1n dise\u00f1ados para atender a pacientes que requieren atenci\u00f3n m\u00e9dica, pero que no necesitan ser hospitalizados y prefieren recibir cuidados en la comodidad de su propio hogar. \u00bfA qui\u00e9n va dirigido? A todo el p\u00fablico o usuarios que requieran este servicio. Tipos de Emergencias Departamento que lo ofrece Departamento &hellip; <a href=\"https:\/\/daeh.gob.do\/daeha2\/servicios\/atencion-domiciliaria\/\">Continued<\/a><\/p>\n","protected":false},"author":1,"featured_media":0,"parent":69,"menu_order":0,"comment_status":"closed","ping_status":"closed","template":"","meta":{"_acf_changed":false,"_et_pb_use_builder":"","_et_pb_old_content":"","_et_gb_content_width":"","_monsterinsights_skip_tracking":false,"_monsterinsights_sitenote_active":false,"_monsterinsights_sitenote_note":"","_monsterinsights_sitenote_category":0,"footnotes":""},"class_list":["post-32755","page","type-page","status-publish","hentry"],"acf":[],"yoast_head":"<!-- This site is optimized with the Yoast SEO plugin v27.2 - https:\/\/yoast.com\/product\/yoast-seo-wordpress\/ -->\r\n<title>Atenci\u00f3n Domiciliaria - Direcci\u00f3n de Servicios de Atenci\u00f3n a Emergencias Extrahospitalarias<\/title>\r\n<meta name=\"description\" content=\"La atenci\u00f3n domiciliaria brinda comodidad y conveniencia a los pacientes, permiti\u00e9ndoles recibir cuidados m\u00e9dicos adecuados sin la necesidad de una hospitalizaci\u00f3n prolongada. Adem\u00e1s, puede ayudar a reducir los costos de atenci\u00f3n m\u00e9dica y promover la recuperaci\u00f3n m\u00e1s r\u00e1pida al proporcionar un entorno familiar y de apoyo para el paciente.\" \/>\r\n<meta name=\"robots\" content=\"noindex, follow, max-snippet:-1, max-image-preview:large, max-video-preview:-1\" \/>\r\n<meta property=\"og:locale\" content=\"es_ES\" \/>\r\n<meta property=\"og:type\" content=\"article\" \/>\r\n<meta property=\"og:title\" content=\"Atenci\u00f3n Domiciliaria - Direcci\u00f3n de Servicios de Atenci\u00f3n a Emergencias Extrahospitalarias\" \/>\r\n<meta property=\"og:description\" content=\"La atenci\u00f3n domiciliaria brinda comodidad y conveniencia a los pacientes, permiti\u00e9ndoles recibir cuidados m\u00e9dicos adecuados sin la necesidad de una hospitalizaci\u00f3n prolongada. Adem\u00e1s, puede ayudar a reducir los costos de atenci\u00f3n m\u00e9dica y promover la recuperaci\u00f3n m\u00e1s r\u00e1pida al proporcionar un entorno familiar y de apoyo para el paciente.\" \/>\r\n<meta property=\"og:url\" content=\"https:\/\/daeh.gob.do\/daeha2\/servicios\/atencion-domiciliaria\/\" \/>\r\n<meta property=\"og:site_name\" content=\"Direcci\u00f3n de Servicios de Atenci\u00f3n a Emergencias Extrahospitalarias\" \/>\r\n<meta property=\"article:publisher\" content=\"https:\/\/www.facebook.com\/Daeh.rd\" \/>\r\n<meta property=\"article:modified_time\" content=\"2024-04-01T16:54:41+00:00\" \/>\r\n<meta name=\"twitter:card\" content=\"summary_large_image\" \/>\r\n<meta name=\"twitter:site\" content=\"@DaehRd\" \/>\r\n<meta name=\"twitter:label1\" content=\"Tiempo de lectura\" \/>\n\t<meta name=\"twitter:data1\" content=\"1 minuto\" \/>\r\n<script type=\"application\/ld+json\" class=\"yoast-schema-graph\">{\"@context\":\"https:\/\/schema.org\",\"@graph\":[{\"@type\":\"WebPage\",\"@id\":\"https:\/\/daeh.gob.do\/daeha2\/servicios\/atencion-domiciliaria\/\",\"url\":\"https:\/\/daeh.gob.do\/daeha2\/servicios\/atencion-domiciliaria\/\",\"name\":\"Atenci\u00f3n Domiciliaria - Direcci\u00f3n de Servicios de Atenci\u00f3n a Emergencias Extrahospitalarias\",\"isPartOf\":{\"@id\":\"https:\/\/daeh.gob.do\/daeha2\/#website\"},\"datePublished\":\"2023-05-25T18:09:08+00:00\",\"dateModified\":\"2024-04-01T16:54:41+00:00\",\"description\":\"La atenci\u00f3n domiciliaria brinda comodidad y conveniencia a los pacientes, permiti\u00e9ndoles recibir cuidados m\u00e9dicos adecuados sin la necesidad de una hospitalizaci\u00f3n prolongada. Adem\u00e1s, puede ayudar a reducir los costos de atenci\u00f3n m\u00e9dica y promover la recuperaci\u00f3n m\u00e1s r\u00e1pida al proporcionar un entorno familiar y de apoyo para el paciente.\",\"breadcrumb\":{\"@id\":\"https:\/\/daeh.gob.do\/daeha2\/servicios\/atencion-domiciliaria\/#breadcrumb\"},\"inLanguage\":\"es\",\"potentialAction\":[{\"@type\":\"ReadAction\",\"target\":[\"https:\/\/daeh.gob.do\/daeha2\/servicios\/atencion-domiciliaria\/\"]}]},{\"@type\":\"BreadcrumbList\",\"@id\":\"https:\/\/daeh.gob.do\/daeha2\/servicios\/atencion-domiciliaria\/#breadcrumb\",\"itemListElement\":[{\"@type\":\"ListItem\",\"position\":1,\"name\":\"Servicios\",\"item\":\"https:\/\/daeh.gob.do\/daeha2\/servicios\/\"},{\"@type\":\"ListItem\",\"position\":2,\"name\":\"Atenci\u00f3n Domiciliaria\"}]},{\"@type\":\"WebSite\",\"@id\":\"https:\/\/daeh.gob.do\/daeha2\/#website\",\"url\":\"https:\/\/daeh.gob.do\/daeha2\/\",\"name\":\"Direcci\u00f3n de Servicios de Atenci\u00f3n a Emergencias Extrahospitalarias\",\"description\":\"\",\"publisher\":{\"@id\":\"https:\/\/daeh.gob.do\/daeha2\/#organization\"},\"potentialAction\":[{\"@type\":\"SearchAction\",\"target\":{\"@type\":\"EntryPoint\",\"urlTemplate\":\"https:\/\/daeh.gob.do\/daeha2\/?s={search_term_string}\"},\"query-input\":{\"@type\":\"PropertyValueSpecification\",\"valueRequired\":true,\"valueName\":\"search_term_string\"}}],\"inLanguage\":\"es\"},{\"@type\":\"Organization\",\"@id\":\"https:\/\/daeh.gob.do\/daeha2\/#organization\",\"name\":\"Direcci\u00f3n de Servicios de Atenci\u00f3n a Emergencias Extrahospitalarias\",\"url\":\"https:\/\/daeh.gob.do\/daeha2\/\",\"logo\":{\"@type\":\"ImageObject\",\"inLanguage\":\"es\",\"@id\":\"https:\/\/daeh.gob.do\/daeha2\/#\/schema\/logo\/image\/\",\"url\":\"https:\/\/daeh.gob.do\/daeha2\/wp-content\/uploads\/sites\/9\/2023\/05\/DAEH-LATERAL-01.png\",\"contentUrl\":\"https:\/\/daeh.gob.do\/daeha2\/wp-content\/uploads\/sites\/9\/2023\/05\/DAEH-LATERAL-01.png\",\"width\":372,\"height\":59,\"caption\":\"Direcci\u00f3n de Servicios de Atenci\u00f3n a Emergencias Extrahospitalarias\"},\"image\":{\"@id\":\"https:\/\/daeh.gob.do\/daeha2\/#\/schema\/logo\/image\/\"},\"sameAs\":[\"https:\/\/www.facebook.com\/Daeh.rd\",\"https:\/\/x.com\/DaehRd\",\"https:\/\/instagram.com\/daeh.rd\"]}]}<\/script>\r\n<!-- \/ Yoast SEO plugin. -->","yoast_head_json":{"title":"Atenci\u00f3n Domiciliaria - Direcci\u00f3n de Servicios de Atenci\u00f3n a Emergencias Extrahospitalarias","description":"La atenci\u00f3n domiciliaria brinda comodidad y conveniencia a los pacientes, permiti\u00e9ndoles recibir cuidados m\u00e9dicos adecuados sin la necesidad de una hospitalizaci\u00f3n prolongada. Adem\u00e1s, puede ayudar a reducir los costos de atenci\u00f3n m\u00e9dica y promover la recuperaci\u00f3n m\u00e1s r\u00e1pida al proporcionar un entorno familiar y de apoyo para el paciente.","robots":{"index":"noindex","follow":"follow","max-snippet":"max-snippet:-1","max-image-preview":"max-image-preview:large","max-video-preview":"max-video-preview:-1"},"og_locale":"es_ES","og_type":"article","og_title":"Atenci\u00f3n Domiciliaria - Direcci\u00f3n de Servicios de Atenci\u00f3n a Emergencias Extrahospitalarias","og_description":"La atenci\u00f3n domiciliaria brinda comodidad y conveniencia a los pacientes, permiti\u00e9ndoles recibir cuidados m\u00e9dicos adecuados sin la necesidad de una hospitalizaci\u00f3n prolongada. Adem\u00e1s, puede ayudar a reducir los costos de atenci\u00f3n m\u00e9dica y promover la recuperaci\u00f3n m\u00e1s r\u00e1pida al proporcionar un entorno familiar y de apoyo para el paciente.","og_url":"https:\/\/daeh.gob.do\/daeha2\/servicios\/atencion-domiciliaria\/","og_site_name":"Direcci\u00f3n de Servicios de Atenci\u00f3n a Emergencias Extrahospitalarias","article_publisher":"https:\/\/www.facebook.com\/Daeh.rd","article_modified_time":"2024-04-01T16:54:41+00:00","twitter_card":"summary_large_image","twitter_site":"@DaehRd","twitter_misc":{"Tiempo de lectura":"1 minuto"},"schema":{"@context":"https:\/\/schema.org","@graph":[{"@type":"WebPage","@id":"https:\/\/daeh.gob.do\/daeha2\/servicios\/atencion-domiciliaria\/","url":"https:\/\/daeh.gob.do\/daeha2\/servicios\/atencion-domiciliaria\/","name":"Atenci\u00f3n Domiciliaria - Direcci\u00f3n de Servicios de Atenci\u00f3n a Emergencias Extrahospitalarias","isPartOf":{"@id":"https:\/\/daeh.gob.do\/daeha2\/#website"},"datePublished":"2023-05-25T18:09:08+00:00","dateModified":"2024-04-01T16:54:41+00:00","description":"La atenci\u00f3n domiciliaria brinda comodidad y conveniencia a los pacientes, permiti\u00e9ndoles recibir cuidados m\u00e9dicos adecuados sin la necesidad de una hospitalizaci\u00f3n prolongada. Adem\u00e1s, puede ayudar a reducir los costos de atenci\u00f3n m\u00e9dica y promover la recuperaci\u00f3n m\u00e1s r\u00e1pida al proporcionar un entorno familiar y de apoyo para el paciente.","breadcrumb":{"@id":"https:\/\/daeh.gob.do\/daeha2\/servicios\/atencion-domiciliaria\/#breadcrumb"},"inLanguage":"es","potentialAction":[{"@type":"ReadAction","target":["https:\/\/daeh.gob.do\/daeha2\/servicios\/atencion-domiciliaria\/"]}]},{"@type":"BreadcrumbList","@id":"https:\/\/daeh.gob.do\/daeha2\/servicios\/atencion-domiciliaria\/#breadcrumb","itemListElement":[{"@type":"ListItem","position":1,"name":"Servicios","item":"https:\/\/daeh.gob.do\/daeha2\/servicios\/"},{"@type":"ListItem","position":2,"name":"Atenci\u00f3n Domiciliaria"}]},{"@type":"WebSite","@id":"https:\/\/daeh.gob.do\/daeha2\/#website","url":"https:\/\/daeh.gob.do\/daeha2\/","name":"Direcci\u00f3n de Servicios de Atenci\u00f3n a Emergencias Extrahospitalarias","description":"","publisher":{"@id":"https:\/\/daeh.gob.do\/daeha2\/#organization"},"potentialAction":[{"@type":"SearchAction","target":{"@type":"EntryPoint","urlTemplate":"https:\/\/daeh.gob.do\/daeha2\/?s={search_term_string}"},"query-input":{"@type":"PropertyValueSpecification","valueRequired":true,"valueName":"search_term_string"}}],"inLanguage":"es"},{"@type":"Organization","@id":"https:\/\/daeh.gob.do\/daeha2\/#organization","name":"Direcci\u00f3n de Servicios de Atenci\u00f3n a Emergencias Extrahospitalarias","url":"https:\/\/daeh.gob.do\/daeha2\/","logo":{"@type":"ImageObject","inLanguage":"es","@id":"https:\/\/daeh.gob.do\/daeha2\/#\/schema\/logo\/image\/","url":"https:\/\/daeh.gob.do\/daeha2\/wp-content\/uploads\/sites\/9\/2023\/05\/DAEH-LATERAL-01.png","contentUrl":"https:\/\/daeh.gob.do\/daeha2\/wp-content\/uploads\/sites\/9\/2023\/05\/DAEH-LATERAL-01.png","width":372,"height":59,"caption":"Direcci\u00f3n de Servicios de Atenci\u00f3n a Emergencias Extrahospitalarias"},"image":{"@id":"https:\/\/daeh.gob.do\/daeha2\/#\/schema\/logo\/image\/"},"sameAs":["https:\/\/www.facebook.com\/Daeh.rd","https:\/\/x.com\/DaehRd","https:\/\/instagram.com\/daeh.rd"]}]}},"_links":{"self":[{"href":"https:\/\/daeh.gob.do\/daeha2\/wp-json\/wp\/v2\/pages\/32755","targetHints":{"allow":["GET"]}}],"collection":[{"href":"https:\/\/daeh.gob.do\/daeha2\/wp-json\/wp\/v2\/pages"}],"about":[{"href":"https:\/\/daeh.gob.do\/daeha2\/wp-json\/wp\/v2\/types\/page"}],"author":[{"embeddable":true,"href":"https:\/\/daeh.gob.do\/daeha2\/wp-json\/wp\/v2\/users\/1"}],"replies":[{"embeddable":true,"href":"https:\/\/daeh.gob.do\/daeha2\/wp-json\/wp\/v2\/comments?post=32755"}],"version-history":[{"count":11,"href":"https:\/\/daeh.gob.do\/daeha2\/wp-json\/wp\/v2\/pages\/32755\/revisions"}],"predecessor-version":[{"id":35021,"href":"https:\/\/daeh.gob.do\/daeha2\/wp-json\/wp\/v2\/pages\/32755\/revisions\/35021"}],"up":[{"embeddable":true,"href":"https:\/\/daeh.gob.do\/daeha2\/wp-json\/wp\/v2\/pages\/69"}],"wp:attachment":[{"href":"https:\/\/daeh.gob.do\/daeha2\/wp-json\/wp\/v2\/media?parent=32755"}],"curies":[{"name":"wp","href":"https:\/\/api.w.org\/{rel}","templated":true}]}}