{"id":32186,"date":"2023-04-30T19:00:15","date_gmt":"2023-04-30T19:00:15","guid":{"rendered":"http:\/\/daeh.gob.do\/daeha2\/hospital2021\/?page_id=32186"},"modified":"2024-06-10T09:56:21","modified_gmt":"2024-06-10T13:56:21","slug":"emergencias-prehospitalarias","status":"publish","type":"page","link":"https:\/\/daeh.gob.do\/daeha2\/servicios\/emergencias-prehospitalarias\/","title":{"rendered":"Emergencia Prehospitalaria"},"content":{"rendered":"\r\n\r\n<h5 class=\"wp-block-heading subtitulos-servicios\">Descripci\u00f3n del servicio<\/h5>\r\n\r\n\r\n\r\n<p>Creaci\u00f3n del evento seg\u00fan los datos facilitados por el usuario.<\/p>\r\n\r\n\r\n\r\n<h5 class=\"wp-block-heading subtitulos-servicios\">\u00bfA qui\u00e9n va dirigido?<\/h5>\r\n\r\n\r\n\r\n<p>A todo el p\u00fablico o usuarios que requieran este servicio.<\/p>\r\n\r\n\r\n\r\n<h5 class=\"wp-block-heading subtitulos-servicios\">Tipos de Emergencias<\/h5>\r\n\r\n\r\n\r\n<ul class=\"wp-block-list\">\r\n<li>Estas varian segun su tipo.<\/li>\r\n<\/ul>\r\n\r\n\r\n\r\n<h5 class=\"wp-block-heading subtitulos-servicios\">Departamento que lo ofrece<\/h5>\r\n\r\n\r\n\r\n<p><em>Direccion de servicios de atencion a emergencias extrahospitalaria.<\/em><\/p>\r\n\r\n\r\n<div class=\"gb-grid-wrapper gb-grid-wrapper-6ea2de32 info-contacto-servicio\">\r\n\r\n<div class=\"gb-grid-column gb-grid-column-aa2ea30a\"><div class=\"gb-container gb-container-aa2ea30a\"><div class=\"gb-inside-container\">\r\n\r\n\r\n<h5 class=\"gb-headline gb-headline-1f5fc794 gb-headline-text subtitulos-servicios\">Informaci\u00f3n de contacto<\/h5>\r\n\r\n\r\n\r\n<p><strong>Direcci\u00f3n:<\/strong> No aplica\u00a0<br \/><strong>Tel\u00e9fono: <\/strong>911<br \/><strong>Correo electr\u00f3nico:<\/strong> No aplica<\/p>\r\n<\/div><\/div><\/div><\/div>\r\n\r\n\r\n<h5 class=\"wp-block-heading subtitulos-servicios\">Requisitos o requerimientos<\/h5>\r\n\r\n\r\n\r\n<ul class=\"wp-block-list\">\r\n<li>Clasificaci\u00f3n de la Emergencia y registro de la direcci\u00f3n donde esta ocurre.<\/li>\r\n<\/ul>\r\n\r\n\r\n\r\n<h5 class=\"wp-block-heading subtitulos-servicios\">Procedimiento a seguir<\/h5>\r\n<ol>\r\n<li data-uw-styling-context=\"true\"><em data-uw-styling-context=\"true\">Usuario realiza llamada al 9-1-1 ante una situaci\u00f3n de Emergencia.<\/em><\/li>\r\n<li data-uw-styling-context=\"true\"><em data-uw-styling-context=\"true\">Operador recibe llamada, obtiene datos del tipo de Emergencia y la Direcci\u00f3n.<\/em><\/li>\r\n<li data-uw-styling-context=\"true\"><em data-uw-styling-context=\"true\">Crea Evento en el Sistema, el cual lo asigna de forma autom\u00e1tica a la(s) agencia(s) correspondiente(s) seg\u00fan el tipo de evento.<\/em><\/li>\r\n<\/ol>\r\n\r\n\r\n<div class=\"gb-grid-wrapper gb-grid-wrapper-3e0d4460\">\r\n\r\n<div class=\"gb-grid-column gb-grid-column-a805fa2b\"><div class=\"gb-container gb-container-a805fa2b\"><div class=\"gb-inside-container\">\r\n\r\n\r\n<div class=\"descripcion-servicios\"><i class=\"lni lni-calendar\"><\/i>\r\n<p><strong>Horario de prestaci\u00f3n<\/strong><br \/>24 horas todos los d\u00edas.<\/p>\r\n<\/div>\r\n<\/div><\/div><\/div>\r\n\r\n<div class=\"gb-grid-column gb-grid-column-6c45e3b1\"><div class=\"gb-container gb-container-6c45e3b1\"><div class=\"gb-inside-container\">\r\n\r\n\r\n<div class=\"descripcion-servicios\"><i class=\"lni lni-dollar\"><\/i>\r\n<p><strong>Costo<\/strong><br \/>Gratis<\/p>\r\n<\/div>\r\n<\/div><\/div><\/div><\/div>\r\n\r\n<div class=\"gb-grid-wrapper gb-grid-wrapper-bf1ad54f\">\r\n\r\n<div class=\"gb-grid-column gb-grid-column-2354a764\"><div class=\"gb-container gb-container-2354a764\"><div class=\"gb-inside-container\">\r\n\r\n\r\n<div class=\"descripcion-servicios\"><i class=\"lni lni-timer\"><\/i>\r\n<p><strong>Tiempo de respuesta<\/strong><br \/>1 a 3 Minutos desde que se recibe la llamada<\/p>\r\n<\/div>\r\n<\/div><\/div><\/div>\r\n\r\n<div class=\"gb-grid-column gb-grid-column-db16b451\"><div class=\"gb-container gb-container-db16b451\"><div class=\"gb-inside-container\">\r\n\r\n\r\n<div class=\"descripcion-servicios\"><i class=\"lni lni-reload\"><\/i>\r\n<p><strong>Canal de prestaci\u00f3n<\/strong><\/p>\r\n<ol>\r\n<li>Este servicio se activa \u00fanicamente via telef\u00f3nica.<\/li>\r\n<\/ol>\r\n<\/div>\r\n<\/div><\/div><\/div><\/div>\r\n\r\n\r\n<h5 class=\"wp-block-heading subtitulos-servicios info-adicional\">Informaci\u00f3n adicional<\/h5>\r\n\r\n\r\n\r\n<p>Una emergencia prehospitalaria se refiere a una situaci\u00f3n m\u00e9dica cr\u00edtica que ocurre fuera de un entorno hospitalario y requiere atenci\u00f3n m\u00e9dica inmediata. Estas emergencias pueden variar desde eventos card\u00edacos graves, como el paro card\u00edaco, hasta accidentes cerebrovasculares, traumatismos graves y reacciones al\u00e9rgicas graves (anafilaxia). En estos casos, la atenci\u00f3n m\u00e9dica temprana es crucial para estabilizar al paciente, controlar cualquier complicaci\u00f3n potencialmente mortal y brindar los primeros auxilios necesarios antes de que la persona sea trasladada a un hospital para recibir atenci\u00f3n m\u00e9dica adicional.<\/p>\r\n","protected":false},"excerpt":{"rendered":"<p>Descripci\u00f3n del servicio Creaci\u00f3n del evento seg\u00fan los datos facilitados por el usuario. \u00bfA qui\u00e9n va dirigido? A todo el p\u00fablico o usuarios que requieran este servicio. Tipos de Emergencias Departamento que lo ofrece Direccion de servicios de atencion a emergencias extrahospitalaria. Requisitos o requerimientos Procedimiento a seguir Usuario realiza llamada al 9-1-1 ante una &hellip; <a href=\"https:\/\/daeh.gob.do\/daeha2\/servicios\/emergencias-prehospitalarias\/\">Continued<\/a><\/p>\n","protected":false},"author":1,"featured_media":0,"parent":69,"menu_order":0,"comment_status":"closed","ping_status":"closed","template":"","meta":{"_acf_changed":false,"_et_pb_use_builder":"","_et_pb_old_content":"","_et_gb_content_width":"","_monsterinsights_skip_tracking":false,"_monsterinsights_sitenote_active":false,"_monsterinsights_sitenote_note":"","_monsterinsights_sitenote_category":0,"footnotes":""},"class_list":["post-32186","page","type-page","status-publish","hentry"],"acf":[],"yoast_head":"<!-- This site is optimized with the Yoast SEO plugin v27.2 - https:\/\/yoast.com\/product\/yoast-seo-wordpress\/ -->\r\n<title>Emergencia Prehospitalaria - Direcci\u00f3n de Servicios de Atenci\u00f3n a Emergencias Extrahospitalarias<\/title>\r\n<meta name=\"description\" content=\"Estas emergencias pueden variar desde eventos card\u00edacos graves, como el paro card\u00edaco, hasta accidentes cerebrovasculares, traumatismos graves y reacciones al\u00e9rgicas graves (anafilaxia). En estos casos, la atenci\u00f3n m\u00e9dica temprana es crucial para estabilizar al paciente, controlar cualquier complicaci\u00f3n potencialmente mortal y brindar los primeros auxilios necesarios antes de que la persona sea trasladada a un hospital para recibir atenci\u00f3n m\u00e9dica adicional.\" \/>\r\n<meta name=\"robots\" content=\"noindex, follow, max-snippet:-1, max-image-preview:large, max-video-preview:-1\" \/>\r\n<meta property=\"og:locale\" content=\"es_ES\" \/>\r\n<meta property=\"og:type\" content=\"article\" \/>\r\n<meta property=\"og:title\" content=\"Emergencia Prehospitalaria - Direcci\u00f3n de Servicios de Atenci\u00f3n a Emergencias Extrahospitalarias\" \/>\r\n<meta property=\"og:description\" content=\"Estas emergencias pueden variar desde eventos card\u00edacos graves, como el paro card\u00edaco, hasta accidentes cerebrovasculares, traumatismos graves y reacciones al\u00e9rgicas graves (anafilaxia). En estos casos, la atenci\u00f3n m\u00e9dica temprana es crucial para estabilizar al paciente, controlar cualquier complicaci\u00f3n potencialmente mortal y brindar los primeros auxilios necesarios antes de que la persona sea trasladada a un hospital para recibir atenci\u00f3n m\u00e9dica adicional.\" \/>\r\n<meta property=\"og:url\" content=\"https:\/\/daeh.gob.do\/daeha2\/servicios\/emergencias-prehospitalarias\/\" \/>\r\n<meta property=\"og:site_name\" content=\"Direcci\u00f3n de Servicios de Atenci\u00f3n a Emergencias Extrahospitalarias\" \/>\r\n<meta property=\"article:publisher\" content=\"https:\/\/www.facebook.com\/Daeh.rd\" \/>\r\n<meta property=\"article:modified_time\" content=\"2024-06-10T13:56:21+00:00\" \/>\r\n<meta name=\"twitter:card\" content=\"summary_large_image\" \/>\r\n<meta name=\"twitter:site\" content=\"@DaehRd\" \/>\r\n<meta name=\"twitter:label1\" content=\"Tiempo de lectura\" \/>\n\t<meta name=\"twitter:data1\" content=\"2 minutos\" \/>\r\n<script type=\"application\/ld+json\" class=\"yoast-schema-graph\">{\"@context\":\"https:\/\/schema.org\",\"@graph\":[{\"@type\":\"WebPage\",\"@id\":\"https:\/\/daeh.gob.do\/daeha2\/servicios\/emergencias-prehospitalarias\/\",\"url\":\"https:\/\/daeh.gob.do\/daeha2\/servicios\/emergencias-prehospitalarias\/\",\"name\":\"Emergencia Prehospitalaria - Direcci\u00f3n de Servicios de Atenci\u00f3n a Emergencias Extrahospitalarias\",\"isPartOf\":{\"@id\":\"https:\/\/daeh.gob.do\/daeha2\/#website\"},\"datePublished\":\"2023-04-30T19:00:15+00:00\",\"dateModified\":\"2024-06-10T13:56:21+00:00\",\"description\":\"Estas emergencias pueden variar desde eventos card\u00edacos graves, como el paro card\u00edaco, hasta accidentes cerebrovasculares, traumatismos graves y reacciones al\u00e9rgicas graves (anafilaxia). En estos casos, la atenci\u00f3n m\u00e9dica temprana es crucial para estabilizar al paciente, controlar cualquier complicaci\u00f3n potencialmente mortal y brindar los primeros auxilios necesarios antes de que la persona sea trasladada a un hospital para recibir atenci\u00f3n m\u00e9dica adicional.\",\"breadcrumb\":{\"@id\":\"https:\/\/daeh.gob.do\/daeha2\/servicios\/emergencias-prehospitalarias\/#breadcrumb\"},\"inLanguage\":\"es\",\"potentialAction\":[{\"@type\":\"ReadAction\",\"target\":[\"https:\/\/daeh.gob.do\/daeha2\/servicios\/emergencias-prehospitalarias\/\"]}]},{\"@type\":\"BreadcrumbList\",\"@id\":\"https:\/\/daeh.gob.do\/daeha2\/servicios\/emergencias-prehospitalarias\/#breadcrumb\",\"itemListElement\":[{\"@type\":\"ListItem\",\"position\":1,\"name\":\"Servicios\",\"item\":\"https:\/\/daeh.gob.do\/daeha2\/servicios\/\"},{\"@type\":\"ListItem\",\"position\":2,\"name\":\"Emergencia Prehospitalaria\"}]},{\"@type\":\"WebSite\",\"@id\":\"https:\/\/daeh.gob.do\/daeha2\/#website\",\"url\":\"https:\/\/daeh.gob.do\/daeha2\/\",\"name\":\"Direcci\u00f3n de Servicios de Atenci\u00f3n a Emergencias Extrahospitalarias\",\"description\":\"\",\"publisher\":{\"@id\":\"https:\/\/daeh.gob.do\/daeha2\/#organization\"},\"potentialAction\":[{\"@type\":\"SearchAction\",\"target\":{\"@type\":\"EntryPoint\",\"urlTemplate\":\"https:\/\/daeh.gob.do\/daeha2\/?s={search_term_string}\"},\"query-input\":{\"@type\":\"PropertyValueSpecification\",\"valueRequired\":true,\"valueName\":\"search_term_string\"}}],\"inLanguage\":\"es\"},{\"@type\":\"Organization\",\"@id\":\"https:\/\/daeh.gob.do\/daeha2\/#organization\",\"name\":\"Direcci\u00f3n de Servicios de Atenci\u00f3n a Emergencias Extrahospitalarias\",\"url\":\"https:\/\/daeh.gob.do\/daeha2\/\",\"logo\":{\"@type\":\"ImageObject\",\"inLanguage\":\"es\",\"@id\":\"https:\/\/daeh.gob.do\/daeha2\/#\/schema\/logo\/image\/\",\"url\":\"https:\/\/daeh.gob.do\/daeha2\/wp-content\/uploads\/sites\/9\/2023\/05\/DAEH-LATERAL-01.png\",\"contentUrl\":\"https:\/\/daeh.gob.do\/daeha2\/wp-content\/uploads\/sites\/9\/2023\/05\/DAEH-LATERAL-01.png\",\"width\":372,\"height\":59,\"caption\":\"Direcci\u00f3n de Servicios de Atenci\u00f3n a Emergencias Extrahospitalarias\"},\"image\":{\"@id\":\"https:\/\/daeh.gob.do\/daeha2\/#\/schema\/logo\/image\/\"},\"sameAs\":[\"https:\/\/www.facebook.com\/Daeh.rd\",\"https:\/\/x.com\/DaehRd\",\"https:\/\/instagram.com\/daeh.rd\"]}]}<\/script>\r\n<!-- \/ Yoast SEO plugin. -->","yoast_head_json":{"title":"Emergencia Prehospitalaria - Direcci\u00f3n de Servicios de Atenci\u00f3n a Emergencias Extrahospitalarias","description":"Estas emergencias pueden variar desde eventos card\u00edacos graves, como el paro card\u00edaco, hasta accidentes cerebrovasculares, traumatismos graves y reacciones al\u00e9rgicas graves (anafilaxia). En estos casos, la atenci\u00f3n m\u00e9dica temprana es crucial para estabilizar al paciente, controlar cualquier complicaci\u00f3n potencialmente mortal y brindar los primeros auxilios necesarios antes de que la persona sea trasladada a un hospital para recibir atenci\u00f3n m\u00e9dica adicional.","robots":{"index":"noindex","follow":"follow","max-snippet":"max-snippet:-1","max-image-preview":"max-image-preview:large","max-video-preview":"max-video-preview:-1"},"og_locale":"es_ES","og_type":"article","og_title":"Emergencia Prehospitalaria - Direcci\u00f3n de Servicios de Atenci\u00f3n a Emergencias Extrahospitalarias","og_description":"Estas emergencias pueden variar desde eventos card\u00edacos graves, como el paro card\u00edaco, hasta accidentes cerebrovasculares, traumatismos graves y reacciones al\u00e9rgicas graves (anafilaxia). En estos casos, la atenci\u00f3n m\u00e9dica temprana es crucial para estabilizar al paciente, controlar cualquier complicaci\u00f3n potencialmente mortal y brindar los primeros auxilios necesarios antes de que la persona sea trasladada a un hospital para recibir atenci\u00f3n m\u00e9dica adicional.","og_url":"https:\/\/daeh.gob.do\/daeha2\/servicios\/emergencias-prehospitalarias\/","og_site_name":"Direcci\u00f3n de Servicios de Atenci\u00f3n a Emergencias Extrahospitalarias","article_publisher":"https:\/\/www.facebook.com\/Daeh.rd","article_modified_time":"2024-06-10T13:56:21+00:00","twitter_card":"summary_large_image","twitter_site":"@DaehRd","twitter_misc":{"Tiempo de lectura":"2 minutos"},"schema":{"@context":"https:\/\/schema.org","@graph":[{"@type":"WebPage","@id":"https:\/\/daeh.gob.do\/daeha2\/servicios\/emergencias-prehospitalarias\/","url":"https:\/\/daeh.gob.do\/daeha2\/servicios\/emergencias-prehospitalarias\/","name":"Emergencia Prehospitalaria - Direcci\u00f3n de Servicios de Atenci\u00f3n a Emergencias Extrahospitalarias","isPartOf":{"@id":"https:\/\/daeh.gob.do\/daeha2\/#website"},"datePublished":"2023-04-30T19:00:15+00:00","dateModified":"2024-06-10T13:56:21+00:00","description":"Estas emergencias pueden variar desde eventos card\u00edacos graves, como el paro card\u00edaco, hasta accidentes cerebrovasculares, traumatismos graves y reacciones al\u00e9rgicas graves (anafilaxia). En estos casos, la atenci\u00f3n m\u00e9dica temprana es crucial para estabilizar al paciente, controlar cualquier complicaci\u00f3n potencialmente mortal y brindar los primeros auxilios necesarios antes de que la persona sea trasladada a un hospital para recibir atenci\u00f3n m\u00e9dica adicional.","breadcrumb":{"@id":"https:\/\/daeh.gob.do\/daeha2\/servicios\/emergencias-prehospitalarias\/#breadcrumb"},"inLanguage":"es","potentialAction":[{"@type":"ReadAction","target":["https:\/\/daeh.gob.do\/daeha2\/servicios\/emergencias-prehospitalarias\/"]}]},{"@type":"BreadcrumbList","@id":"https:\/\/daeh.gob.do\/daeha2\/servicios\/emergencias-prehospitalarias\/#breadcrumb","itemListElement":[{"@type":"ListItem","position":1,"name":"Servicios","item":"https:\/\/daeh.gob.do\/daeha2\/servicios\/"},{"@type":"ListItem","position":2,"name":"Emergencia Prehospitalaria"}]},{"@type":"WebSite","@id":"https:\/\/daeh.gob.do\/daeha2\/#website","url":"https:\/\/daeh.gob.do\/daeha2\/","name":"Direcci\u00f3n de Servicios de Atenci\u00f3n a Emergencias Extrahospitalarias","description":"","publisher":{"@id":"https:\/\/daeh.gob.do\/daeha2\/#organization"},"potentialAction":[{"@type":"SearchAction","target":{"@type":"EntryPoint","urlTemplate":"https:\/\/daeh.gob.do\/daeha2\/?s={search_term_string}"},"query-input":{"@type":"PropertyValueSpecification","valueRequired":true,"valueName":"search_term_string"}}],"inLanguage":"es"},{"@type":"Organization","@id":"https:\/\/daeh.gob.do\/daeha2\/#organization","name":"Direcci\u00f3n de Servicios de Atenci\u00f3n a Emergencias Extrahospitalarias","url":"https:\/\/daeh.gob.do\/daeha2\/","logo":{"@type":"ImageObject","inLanguage":"es","@id":"https:\/\/daeh.gob.do\/daeha2\/#\/schema\/logo\/image\/","url":"https:\/\/daeh.gob.do\/daeha2\/wp-content\/uploads\/sites\/9\/2023\/05\/DAEH-LATERAL-01.png","contentUrl":"https:\/\/daeh.gob.do\/daeha2\/wp-content\/uploads\/sites\/9\/2023\/05\/DAEH-LATERAL-01.png","width":372,"height":59,"caption":"Direcci\u00f3n de Servicios de Atenci\u00f3n a Emergencias Extrahospitalarias"},"image":{"@id":"https:\/\/daeh.gob.do\/daeha2\/#\/schema\/logo\/image\/"},"sameAs":["https:\/\/www.facebook.com\/Daeh.rd","https:\/\/x.com\/DaehRd","https:\/\/instagram.com\/daeh.rd"]}]}},"_links":{"self":[{"href":"https:\/\/daeh.gob.do\/daeha2\/wp-json\/wp\/v2\/pages\/32186","targetHints":{"allow":["GET"]}}],"collection":[{"href":"https:\/\/daeh.gob.do\/daeha2\/wp-json\/wp\/v2\/pages"}],"about":[{"href":"https:\/\/daeh.gob.do\/daeha2\/wp-json\/wp\/v2\/types\/page"}],"author":[{"embeddable":true,"href":"https:\/\/daeh.gob.do\/daeha2\/wp-json\/wp\/v2\/users\/1"}],"replies":[{"embeddable":true,"href":"https:\/\/daeh.gob.do\/daeha2\/wp-json\/wp\/v2\/comments?post=32186"}],"version-history":[{"count":15,"href":"https:\/\/daeh.gob.do\/daeha2\/wp-json\/wp\/v2\/pages\/32186\/revisions"}],"predecessor-version":[{"id":35269,"href":"https:\/\/daeh.gob.do\/daeha2\/wp-json\/wp\/v2\/pages\/32186\/revisions\/35269"}],"up":[{"embeddable":true,"href":"https:\/\/daeh.gob.do\/daeha2\/wp-json\/wp\/v2\/pages\/69"}],"wp:attachment":[{"href":"https:\/\/daeh.gob.do\/daeha2\/wp-json\/wp\/v2\/media?parent=32186"}],"curies":[{"name":"wp","href":"https:\/\/api.w.org\/{rel}","templated":true}]}}