{"id":12,"date":"2023-03-30T19:24:07","date_gmt":"2023-03-30T19:24:07","guid":{"rendered":"http:\/\/daeh.gob.do\/daeha2\/?page_id=12"},"modified":"2026-04-21T07:47:06","modified_gmt":"2026-04-21T11:47:06","slug":"noticias","status":"publish","type":"page","link":"https:\/\/daeh.gob.do\/daeha2\/noticias\/","title":{"rendered":"Noticias"},"content":{"rendered":"<p>[et_pb_section fb_built=\u00bb1&#8243; fullwidth=\u00bbon\u00bb admin_label=\u00bbHeader\u00bb _builder_version=\u00bb4.27.4&#8243; background_enable_color=\u00bboff\u00bb background_image=\u00bbhttps:\/\/daeh.gob.do\/daeha2\/wp-content\/uploads\/sites\/9\/2024\/10\/Portada1.jpg\u00bb parallax=\u00bbon\u00bb custom_padding=\u00bb0|0px|0|0px|false|false\u00bb hover_enabled=\u00bb0&#8243; global_colors_info=\u00bb{}\u00bb sticky_enabled=\u00bb0&#8243;][et_pb_fullwidth_header title=\u00bbMes a Mes: Bolet\u00edn Institucional DAEH\u00bb button_one_text=\u00bbVer Bolet\u00edn\u00bb button_one_url=\u00bbhttps:\/\/daeh.gob.do\/daeha2\/boletines\u00bb content_max_width=\u00bb650px\u00bb content_max_width_tablet=\u00bb480px\u00bb content_max_width_phone=\u00bb\u00bb content_max_width_last_edited=\u00bbon|phone\u00bb _builder_version=\u00bb4.27.4&#8243; title_level=\u00bbh2&#8243; title_font=\u00bbNeue Haas Display Mediu||||||||\u00bb title_text_color=\u00bb#003876&#8243; title_font_size=\u00bb48px\u00bb title_line_height=\u00bb1.2em\u00bb content_font=\u00bbNeueHaas Display Roman||||||||\u00bb content_font_size=\u00bb16px\u00bb content_line_height=\u00bb2em\u00bb background_color=\u00bbrgba(255,255,255,0)\u00bb use_background_color_gradient=\u00bbon\u00bb background_color_gradient_type=\u00bbcircular\u00bb background_color_gradient_direction_radial=\u00bbright\u00bb background_color_gradient_stops=\u00bbrgba(255,255,255,0) 40%|#ffffff 60%\u00bb background_color_gradient_start=\u00bbrgba(255,255,255,0)\u00bb background_color_gradient_start_position=\u00bb40%\u00bb background_color_gradient_end=\u00bb#ffffff\u00bb background_color_gradient_end_position=\u00bb60%\u00bb background_position=\u00bbcenter_left\u00bb custom_button_one=\u00bbon\u00bb button_one_text_size=\u00bb12px\u00bb button_one_text_color=\u00bb#FFFFFF\u00bb button_one_bg_color=\u00bb#003876&#8243; button_one_border_width=\u00bb7px\u00bb button_one_border_color=\u00bb#003876&#8243; button_one_border_radius=\u00bb4px\u00bb button_one_letter_spacing=\u00bb3px\u00bb button_one_font=\u00bbNeue Haas Grotesk Text Pro|700||on|||||\u00bb custom_button_two=\u00bbon\u00bb button_two_text_size=\u00bb16px\u00bb button_two_text_color=\u00bb#ffffff\u00bb button_two_bg_color=\u00bb#ff6d4a\u00bb button_two_border_width=\u00bb15px\u00bb button_two_border_color=\u00bb#ff6d4a\u00bb button_two_border_radius=\u00bb4px\u00bb button_two_letter_spacing=\u00bb3px\u00bb button_two_font=\u00bbCabin|700||on|||||\u00bb background_layout=\u00bblight\u00bb custom_margin=\u00bb|||\u00bb custom_padding=\u00bb37px||37px||true|\u00bb hover_enabled=\u00bb0&#8243; title_font_size_tablet=\u00bb\u00bb title_font_size_phone=\u00bb40px\u00bb title_font_size_last_edited=\u00bbon|phone\u00bb title_line_height_tablet=\u00bb\u00bb title_line_height_phone=\u00bb1.2em\u00bb title_line_height_last_edited=\u00bbon|phone\u00bb button_one_border_radius_hover=\u00bb4px\u00bb button_two_border_radius_hover=\u00bb4px\u00bb button_one_letter_spacing_hover=\u00bb3px\u00bb button_two_letter_spacing_hover=\u00bb3px\u00bb global_colors_info=\u00bb{}\u00bb button_one_text_size__hover_enabled=\u00bboff\u00bb button_two_text_size__hover_enabled=\u00bboff\u00bb button_one_text_color__hover_enabled=\u00bboff\u00bb button_two_text_color__hover_enabled=\u00bboff\u00bb button_one_border_width__hover_enabled=\u00bboff\u00bb button_two_border_width__hover_enabled=\u00bboff\u00bb button_one_border_color__hover_enabled=\u00bboff\u00bb button_two_border_color__hover_enabled=\u00bboff\u00bb button_one_border_radius__hover_enabled=\u00bbon\u00bb button_one_border_radius__hover=\u00bb4px\u00bb button_two_border_radius__hover_enabled=\u00bbon\u00bb button_two_border_radius__hover=\u00bb4px\u00bb button_one_letter_spacing__hover_enabled=\u00bbon\u00bb button_one_letter_spacing__hover=\u00bb3px\u00bb button_two_letter_spacing__hover_enabled=\u00bbon\u00bb button_two_letter_spacing__hover=\u00bb3px\u00bb button_one_bg_color__hover_enabled=\u00bboff\u00bb button_two_bg_color__hover_enabled=\u00bboff\u00bb sticky_enabled=\u00bb0&#8243;]<\/p>\n<div class=\"n2-ss-layer n2-ow n-uc-1Cs2i6G6jjIp\" data-pm=\"normal\" data-sstype=\"layer\">\n<div id=\"n2-ss-1item1\" class=\"n2-font-b684a72081189bf23caee3f9e4fb907c-hover   n2-ss-item-content n2-ss-text n2-ow\"><span data-olk-copy-source=\"MessageBody\">Presenta un resumen claro y actualizado de las acciones, logros y actividades m\u00e1s relevantes del mes, con el objetivo de mantener informados a los colaboradores y fortalecer la identidad institucional.\u00a0<\/span><\/div>\n<\/div>\n<p>[\/et_pb_fullwidth_header][\/et_pb_section][et_pb_section fb_built=\u00bb1&#8243; admin_label=\u00bbBlog Section\u00bb _builder_version=\u00bb4.16&#8243; custom_padding=\u00bb18px||25px|||\u00bb global_colors_info=\u00bb{}\u00bb][et_pb_row column_structure=\u00bb3_4,1_4&#8243; _builder_version=\u00bb4.27.4&#8243; width=\u00bb100%\u00bb max_width=\u00bb1280px\u00bb global_colors_info=\u00bb{}\u00bb][et_pb_column type=\u00bb3_4&#8243; _builder_version=\u00bb4.16&#8243; custom_padding=\u00bb|||\u00bb global_colors_info=\u00bb{}\u00bb custom_padding__hover=\u00bb|||\u00bb][et_pb_blog posts_number=\u00bb1&#8243; include_categories=\u00bb1&#8243; show_author=\u00bboff\u00bb show_pagination=\u00bboff\u00bb _builder_version=\u00bb4.27.4&#8243; header_level=\u00bbh4&#8243; header_font=\u00bbNeue Haas Display Mediu||||||||\u00bb header_text_color=\u00bb#003876&#8243; header_font_size=\u00bb24px\u00bb header_line_height=\u00bb1.2em\u00bb body_font=\u00bbNeueHaas Display Roman||||||||\u00bb body_font_size=\u00bb16px\u00bb body_line_height=\u00bb2em\u00bb meta_font=\u00bbNeue Haa sDisplay Light||||||||\u00bb meta_text_color=\u00bb#dc052d\u00bb meta_line_height=\u00bb2em\u00bb read_more_font=\u00bbNeueHaas Display Roman||||||||\u00bb read_more_text_color=\u00bb#E02B20&#8243; pagination_font=\u00bbNeueHaas Display Roman||||||||\u00bb header_font_size_tablet=\u00bb\u00bb header_font_size_phone=\u00bb20px\u00bb header_font_size_last_edited=\u00bbon|desktop\u00bb global_colors_info=\u00bb{}\u00bb][\/et_pb_blog][et_pb_blog fullwidth=\u00bboff\u00bb posts_number=\u00bb4&#8243; include_categories=\u00bb1&#8243; show_author=\u00bboff\u00bb offset_number=\u00bb1&#8243; _builder_version=\u00bb4.27.4&#8243; header_level=\u00bbh4&#8243; header_font=\u00bbNeue Haas Display Mediu||||||||\u00bb header_text_color=\u00bb#003876&#8243; header_font_size=\u00bb24px\u00bb header_line_height=\u00bb1.2em\u00bb body_font=\u00bbNeueHaas Display Roman||||||||\u00bb body_line_height=\u00bb2em\u00bb meta_font=\u00bbNeue Haa sDisplay Light||||||||\u00bb meta_text_color=\u00bb#DC052D\u00bb meta_line_height=\u00bb2em\u00bb pagination_font=\u00bbNeue Haas Display Mediu||||||||\u00bb pagination_text_color=\u00bb#DC052D\u00bb pagination_font_size=\u00bb16px\u00bb header_font_size_tablet=\u00bb\u00bb header_font_size_phone=\u00bb20px\u00bb header_font_size_last_edited=\u00bbon|desktop\u00bb border_width_all=\u00bb0px\u00bb global_colors_info=\u00bb{}\u00bb][\/et_pb_blog][\/et_pb_column][et_pb_column type=\u00bb1_4&#8243; _builder_version=\u00bb4.16&#8243; custom_padding=\u00bb|||\u00bb global_colors_info=\u00bb{}\u00bb custom_padding__hover=\u00bb|||\u00bb][et_pb_text _builder_version=\u00bb4.27.4&#8243; _module_preset=\u00bbdefault\u00bb header_2_font=\u00bbNeue Haas Display Mediu||||||||\u00bb header_2_text_color=\u00bb#003876&#8243; global_colors_info=\u00bb{}\u00bb]<\/p>\n<h2>Novedades<\/h2>\n<p>[\/et_pb_text][et_pb_blog posts_number=\u00bb2&#8243; include_categories=\u00bb426&#8243; excerpt_length=\u00bb100&#8243; show_author=\u00bboff\u00bb _builder_version=\u00bb4.27.4&#8243; _module_preset=\u00bbdefault\u00bb header_font=\u00bbNeue Haas Display Mediu||||||||\u00bb header_text_color=\u00bb#003876&#8243; header_font_size=\u00bb18px\u00bb body_font=\u00bbNeueHaas Display Roman||||||||\u00bb meta_font=\u00bbNeue Haa sDisplay Light||||||||\u00bb meta_text_color=\u00bb#DC052D\u00bb pagination_font=\u00bbNeue Haas Display Mediu||||||||\u00bb pagination_text_color=\u00bb#DC052D\u00bb global_colors_info=\u00bb{}\u00bb][\/et_pb_blog][\/et_pb_column][\/et_pb_row][\/et_pb_section]<\/p>\n","protected":false},"excerpt":{"rendered":"<p>Mes a Mes: Bolet\u00edn Institucional DAEH Presenta un&#8230;<\/p>\n","protected":false},"author":1,"featured_media":0,"parent":0,"menu_order":0,"comment_status":"closed","ping_status":"closed","template":"","meta":{"_acf_changed":false,"_et_pb_use_builder":"on","_et_pb_old_content":"<!-- wp:rttpg\/tpg-list-layout {\"uniqueId\":\"9d8a44\",\"show_pagination\":\"show\",\"display_per_page\":\"6\",\"show_section_title\":\"\",\"show_meta\":\"\",\"section_title_text\":\"\",\"read_more_label\":\"Seguir leyendo...\",\"readmore_style_tabs\":\"hover\",\"title_box_hover_tab\":\"hover\",\"title_color\":\"rgba(0,56,118,1)\",\"title_hover_color\":\"rgba(2,71,144,1)\",\"readmore_typography\":{\"openTypography\":1,\"size\":{\"unit\":\"px\"},\"spacing\":{\"lg\":\"\",\"unit\":\"px\"},\"height\":{\"lg\":\"\",\"unit\":\"px\"},\"transform\":\"\",\"weight\":\"500\"},\"readmore_text_color\":\"rgba(238,42,36,1)\",\"readmore_bg\":\"rgba(255,255,255,1)\",\"border_radius\":{\"lg\":{\"isLinked\":true,\"unit\":\"px\",\"value\":\"4 4 4 4\"},\"type\":\"borderRadius\"},\"readmore_border\":{\"openTpgBorder\":1,\"color\":\"#000000\",\"style\":\"\",\"width\":\"2px\"},\"readmore_bg_hover\":\"rgba(243,243,243,1)\",\"pagination_style_tabs\":\"active\",\"pagination_btn_height\":{\"lg\":29,\"md\":\"\",\"sm\":\"\",\"unit\":\"px\"},\"pagination_border_radius\":{\"lg\":{\"isLinked\":true,\"unit\":\"px\",\"value\":\"4 4 4 4\"},\"type\":\"borderRadius\"},\"pagination_color\":\"rgba(220,5,45,1)\",\"pagination_bg\":\"rgba(255,255,255,1)\",\"pagination_bg_hover\":\"rgba(2,71,144,1)\",\"pagination_color_active\":\"rgba(0,65,135,1)\"} \/-->\r\n\r\n<!-- wp:paragraph -->\r\n<p><\/p>\r\n<!-- \/wp:paragraph -->","_et_gb_content_width":"","_monsterinsights_skip_tracking":false,"_monsterinsights_sitenote_active":false,"_monsterinsights_sitenote_note":"","_monsterinsights_sitenote_category":0,"footnotes":""},"class_list":["post-12","page","type-page","status-publish","hentry"],"acf":[],"yoast_head":"<!-- This site is optimized with the Yoast SEO plugin v27.2 - https:\/\/yoast.com\/product\/yoast-seo-wordpress\/ -->\r\n<title>Noticias - Direcci\u00f3n de Servicios de Atenci\u00f3n a Emergencias Extrahospitalarias<\/title>\r\n<meta name=\"robots\" content=\"noindex, follow, max-snippet:-1, max-image-preview:large, max-video-preview:-1\" \/>\r\n<meta property=\"og:locale\" content=\"es_ES\" \/>\r\n<meta property=\"og:type\" content=\"article\" \/>\r\n<meta property=\"og:title\" content=\"Noticias - Direcci\u00f3n de Servicios de Atenci\u00f3n a Emergencias Extrahospitalarias\" \/>\r\n<meta property=\"og:description\" content=\"Mes a Mes: Bolet\u00edn Institucional DAEH Presenta un...\" \/>\r\n<meta property=\"og:url\" content=\"https:\/\/daeh.gob.do\/daeha2\/noticias\/\" \/>\r\n<meta property=\"og:site_name\" content=\"Direcci\u00f3n de Servicios de Atenci\u00f3n a Emergencias Extrahospitalarias\" \/>\r\n<meta property=\"article:publisher\" content=\"https:\/\/www.facebook.com\/Daeh.rd\" \/>\r\n<meta property=\"article:modified_time\" content=\"2026-04-21T11:47:06+00:00\" \/>\r\n<meta name=\"twitter:card\" content=\"summary_large_image\" \/>\r\n<meta name=\"twitter:site\" content=\"@DaehRd\" \/>\r\n<meta name=\"twitter:label1\" content=\"Tiempo de lectura\" \/>\n\t<meta name=\"twitter:data1\" content=\"4 minutos\" \/>\r\n<script type=\"application\/ld+json\" class=\"yoast-schema-graph\">{\"@context\":\"https:\/\/schema.org\",\"@graph\":[{\"@type\":\"WebPage\",\"@id\":\"https:\/\/daeh.gob.do\/daeha2\/noticias\/\",\"url\":\"https:\/\/daeh.gob.do\/daeha2\/noticias\/\",\"name\":\"Noticias - Direcci\u00f3n de Servicios de Atenci\u00f3n a Emergencias Extrahospitalarias\",\"isPartOf\":{\"@id\":\"https:\/\/daeh.gob.do\/daeha2\/#website\"},\"datePublished\":\"2023-03-30T19:24:07+00:00\",\"dateModified\":\"2026-04-21T11:47:06+00:00\",\"inLanguage\":\"es\",\"potentialAction\":[{\"@type\":\"ReadAction\",\"target\":[\"https:\/\/daeh.gob.do\/daeha2\/noticias\/\"]}]},{\"@type\":\"WebSite\",\"@id\":\"https:\/\/daeh.gob.do\/daeha2\/#website\",\"url\":\"https:\/\/daeh.gob.do\/daeha2\/\",\"name\":\"Direcci\u00f3n de Servicios de Atenci\u00f3n a Emergencias Extrahospitalarias\",\"description\":\"\",\"publisher\":{\"@id\":\"https:\/\/daeh.gob.do\/daeha2\/#organization\"},\"potentialAction\":[{\"@type\":\"SearchAction\",\"target\":{\"@type\":\"EntryPoint\",\"urlTemplate\":\"https:\/\/daeh.gob.do\/daeha2\/?s={search_term_string}\"},\"query-input\":{\"@type\":\"PropertyValueSpecification\",\"valueRequired\":true,\"valueName\":\"search_term_string\"}}],\"inLanguage\":\"es\"},{\"@type\":\"Organization\",\"@id\":\"https:\/\/daeh.gob.do\/daeha2\/#organization\",\"name\":\"Direcci\u00f3n de Servicios de Atenci\u00f3n a Emergencias Extrahospitalarias\",\"url\":\"https:\/\/daeh.gob.do\/daeha2\/\",\"logo\":{\"@type\":\"ImageObject\",\"inLanguage\":\"es\",\"@id\":\"https:\/\/daeh.gob.do\/daeha2\/#\/schema\/logo\/image\/\",\"url\":\"https:\/\/daeh.gob.do\/daeha2\/wp-content\/uploads\/sites\/9\/2023\/05\/DAEH-LATERAL-01.png\",\"contentUrl\":\"https:\/\/daeh.gob.do\/daeha2\/wp-content\/uploads\/sites\/9\/2023\/05\/DAEH-LATERAL-01.png\",\"width\":372,\"height\":59,\"caption\":\"Direcci\u00f3n de Servicios de Atenci\u00f3n a Emergencias Extrahospitalarias\"},\"image\":{\"@id\":\"https:\/\/daeh.gob.do\/daeha2\/#\/schema\/logo\/image\/\"},\"sameAs\":[\"https:\/\/www.facebook.com\/Daeh.rd\",\"https:\/\/x.com\/DaehRd\",\"https:\/\/instagram.com\/daeh.rd\"]}]}<\/script>\r\n<!-- \/ Yoast SEO plugin. -->","yoast_head_json":{"title":"Noticias - Direcci\u00f3n de Servicios de Atenci\u00f3n a Emergencias Extrahospitalarias","robots":{"index":"noindex","follow":"follow","max-snippet":"max-snippet:-1","max-image-preview":"max-image-preview:large","max-video-preview":"max-video-preview:-1"},"og_locale":"es_ES","og_type":"article","og_title":"Noticias - Direcci\u00f3n de Servicios de Atenci\u00f3n a Emergencias Extrahospitalarias","og_description":"Mes a Mes: Bolet\u00edn Institucional DAEH Presenta un...","og_url":"https:\/\/daeh.gob.do\/daeha2\/noticias\/","og_site_name":"Direcci\u00f3n de Servicios de Atenci\u00f3n a Emergencias Extrahospitalarias","article_publisher":"https:\/\/www.facebook.com\/Daeh.rd","article_modified_time":"2026-04-21T11:47:06+00:00","twitter_card":"summary_large_image","twitter_site":"@DaehRd","twitter_misc":{"Tiempo de lectura":"4 minutos"},"schema":{"@context":"https:\/\/schema.org","@graph":[{"@type":"WebPage","@id":"https:\/\/daeh.gob.do\/daeha2\/noticias\/","url":"https:\/\/daeh.gob.do\/daeha2\/noticias\/","name":"Noticias - Direcci\u00f3n de Servicios de Atenci\u00f3n a Emergencias Extrahospitalarias","isPartOf":{"@id":"https:\/\/daeh.gob.do\/daeha2\/#website"},"datePublished":"2023-03-30T19:24:07+00:00","dateModified":"2026-04-21T11:47:06+00:00","inLanguage":"es","potentialAction":[{"@type":"ReadAction","target":["https:\/\/daeh.gob.do\/daeha2\/noticias\/"]}]},{"@type":"WebSite","@id":"https:\/\/daeh.gob.do\/daeha2\/#website","url":"https:\/\/daeh.gob.do\/daeha2\/","name":"Direcci\u00f3n de Servicios de Atenci\u00f3n a Emergencias Extrahospitalarias","description":"","publisher":{"@id":"https:\/\/daeh.gob.do\/daeha2\/#organization"},"potentialAction":[{"@type":"SearchAction","target":{"@type":"EntryPoint","urlTemplate":"https:\/\/daeh.gob.do\/daeha2\/?s={search_term_string}"},"query-input":{"@type":"PropertyValueSpecification","valueRequired":true,"valueName":"search_term_string"}}],"inLanguage":"es"},{"@type":"Organization","@id":"https:\/\/daeh.gob.do\/daeha2\/#organization","name":"Direcci\u00f3n de Servicios de Atenci\u00f3n a Emergencias Extrahospitalarias","url":"https:\/\/daeh.gob.do\/daeha2\/","logo":{"@type":"ImageObject","inLanguage":"es","@id":"https:\/\/daeh.gob.do\/daeha2\/#\/schema\/logo\/image\/","url":"https:\/\/daeh.gob.do\/daeha2\/wp-content\/uploads\/sites\/9\/2023\/05\/DAEH-LATERAL-01.png","contentUrl":"https:\/\/daeh.gob.do\/daeha2\/wp-content\/uploads\/sites\/9\/2023\/05\/DAEH-LATERAL-01.png","width":372,"height":59,"caption":"Direcci\u00f3n de Servicios de Atenci\u00f3n a Emergencias Extrahospitalarias"},"image":{"@id":"https:\/\/daeh.gob.do\/daeha2\/#\/schema\/logo\/image\/"},"sameAs":["https:\/\/www.facebook.com\/Daeh.rd","https:\/\/x.com\/DaehRd","https:\/\/instagram.com\/daeh.rd"]}]}},"_links":{"self":[{"href":"https:\/\/daeh.gob.do\/daeha2\/wp-json\/wp\/v2\/pages\/12","targetHints":{"allow":["GET"]}}],"collection":[{"href":"https:\/\/daeh.gob.do\/daeha2\/wp-json\/wp\/v2\/pages"}],"about":[{"href":"https:\/\/daeh.gob.do\/daeha2\/wp-json\/wp\/v2\/types\/page"}],"author":[{"embeddable":true,"href":"https:\/\/daeh.gob.do\/daeha2\/wp-json\/wp\/v2\/users\/1"}],"replies":[{"embeddable":true,"href":"https:\/\/daeh.gob.do\/daeha2\/wp-json\/wp\/v2\/comments?post=12"}],"version-history":[{"count":68,"href":"https:\/\/daeh.gob.do\/daeha2\/wp-json\/wp\/v2\/pages\/12\/revisions"}],"predecessor-version":[{"id":39553,"href":"https:\/\/daeh.gob.do\/daeha2\/wp-json\/wp\/v2\/pages\/12\/revisions\/39553"}],"wp:attachment":[{"href":"https:\/\/daeh.gob.do\/daeha2\/wp-json\/wp\/v2\/media?parent=12"}],"curies":[{"name":"wp","href":"https:\/\/api.w.org\/{rel}","templated":true}]}}