{"id":33445,"date":"2023-10-23T18:01:32","date_gmt":"2023-10-23T18:01:32","guid":{"rendered":"https:\/\/daeh.gob.do\/copia\/?page_id=33445"},"modified":"2024-08-19T17:10:51","modified_gmt":"2024-08-19T17:10:51","slug":"oficina-de-libre-acceso-a-la-informacion","status":"publish","type":"page","link":"https:\/\/daeh.gob.do\/copia\/transparencia\/oficina-de-libre-acceso-a-la-informacion\/","title":{"rendered":"Oficina de Libre Acceso a la Informaci\u00f3n"},"content":{"rendered":"[et_pb_section fb_built=\u00bb1&#8243; admin_label=\u00bbsection\u00bb _builder_version=\u00bb4.16&#8243; global_colors_info=\u00bb{}\u00bb custom_padding=\u00bb1px|||||\u00bb][et_pb_row use_custom_gutter=\u00bbon\u00bb _builder_version=\u00bb4.24.3&#8243; _module_preset=\u00bbdefault\u00bb background_color=\u00bb#003666&#8243; width=\u00bb100%\u00bb max_width=\u00bb2560px\u00bb hover_enabled=\u00bb0&#8243; locked=\u00bboff\u00bb global_colors_info=\u00bb{}\u00bb min_height=\u00bb85px\u00bb sticky_enabled=\u00bb0&#8243; custom_margin=\u00bb-4px||||false|false\u00bb][et_pb_column type=\u00bb4_4&#8243; _builder_version=\u00bb4.24.3&#8243; _module_preset=\u00bbdefault\u00bb hover_enabled=\u00bb0&#8243; global_colors_info=\u00bb{}\u00bb sticky_enabled=\u00bb0&#8243;][et_pb_post_title meta=\u00bboff\u00bb featured_image=\u00bboff\u00bb _builder_version=\u00bb4.24.3&#8243; _module_preset=\u00bbdefault\u00bb title_text_color=\u00bb#FFFFFF\u00bb text_orientation=\u00bbcenter\u00bb global_colors_info=\u00bb{}\u00bb][\/et_pb_post_title][\/et_pb_column][\/et_pb_row][et_pb_row _builder_version=\u00bb4.24.3&#8243; _module_preset=\u00bbdefault\u00bb custom_margin=\u00bb|auto|-10px|auto||\u00bb global_colors_info=\u00bb{}\u00bb locked=\u00bboff\u00bb custom_padding=\u00bb||15px|||\u00bb][et_pb_column type=\u00bb4_4&#8243; _builder_version=\u00bb4.24.3&#8243; _module_preset=\u00bbdefault\u00bb global_colors_info=\u00bb{}\u00bb][lwp_divi_breadcrumbs home_text=\u00bbInicio\u00bb _builder_version=\u00bb4.24.3&#8243; _module_preset=\u00bbdefault\u00bb custom_margin=\u00bb-21px|||||\u00bb global_colors_info=\u00bb{}\u00bb][\/lwp_divi_breadcrumbs][\/et_pb_column][\/et_pb_row][et_pb_row admin_label=\u00bbrow\u00bb _builder_version=\u00bb4.16&#8243; background_size=\u00bbinitial\u00bb background_position=\u00bbtop_left\u00bb background_repeat=\u00bbrepeat\u00bb global_colors_info=\u00bb{}\u00bb column_structure=\u00bb2_5,3_5&#8243; custom_padding=\u00bb0px|||||\u00bb][et_pb_column type=\u00bb2_5&#8243; _builder_version=\u00bb4.16&#8243; custom_padding=\u00bb|||\u00bb global_colors_info=\u00bb{}\u00bb custom_padding__hover=\u00bb|||\u00bb][et_pb_text _builder_version=\u00bb4.24.3&#8243; _module_preset=\u00bbdefault\u00bb hover_enabled=\u00bb0&#8243; sticky_enabled=\u00bb0&#8243; custom_padding=\u00bb0px|||||\u00bb min_height=\u00bb1192.3px\u00bb]<p>[bellows config_id=\u00bbmain\u00bb]<\/p>[\/et_pb_text][\/et_pb_column][et_pb_column type=\u00bb3_5&#8243; _builder_version=\u00bb4.16&#8243; custom_padding=\u00bb|||\u00bb global_colors_info=\u00bb{}\u00bb custom_padding__hover=\u00bb|||\u00bb][et_pb_text admin_label=\u00bbText\u00bb _builder_version=\u00bb4.24.3&#8243; background_size=\u00bbinitial\u00bb background_position=\u00bbtop_left\u00bb background_repeat=\u00bbrepeat\u00bb hover_enabled=\u00bb0&#8243; global_colors_info=\u00bb{}\u00bb sticky_enabled=\u00bb0&#8243; custom_padding=\u00bb27px|||||\u00bb]<p>La Oficina de Acceso a la Informaci\u00f3n p\u00fablica (OAI) de la Direcci\u00f3n de Servicios de Atenci\u00f3n a Emergencias Extrahospitalarias es la instancia concebida para cumplir con los preceptos de la\u00a0<em>\u201cLey General de Acceso a la Informaci\u00f3n P\u00fablica\u201d<\/em>\u00a0<strong>(Ley 200-04)<\/strong>, el\u00a0<strong>Decreto No. 130-05<\/strong>\u00a0que crea el reglamento de dicha ley, y dem\u00e1s normativas relativas al libre acceso a la informaci\u00f3n. A trav\u00e9s de las m\u00faltiples funciones que le otorga la ley, garantiza que la ciudadan\u00eda ejerza el derecho de libre acceso a la informaci\u00f3n p\u00fablica.<\/p>\n<p><\/p>\n<p><\/p>\n<h3 class=\"wp-block-heading\"><strong>Misi\u00f3n<\/strong><\/h3>\n<p><\/p>\n<p>Somos la oficina responsable de hacer efectivo el ejercicio del derecho a la informaci\u00f3n p\u00fablica de la ciudadan\u00eda. colaboramos en el fortalecimiento de las actividades que transparentan y rinde cuentas de la gesti\u00f3n institucional.<\/p>\n<p><\/p>\n<p><\/p>\n<h3 class=\"wp-block-heading\"><strong>Visi\u00f3n<\/strong><\/h3>\n<p><\/p>\n<p>Ser reconocida como la Oficina de Acceso a la Informaci\u00f3n de referencia en el Estado Dominicano por la calidad y oportunidad en los servicios que ofrecemos.<\/p>\n<p><\/p>\n<p><\/p>\n<h3 class=\"wp-block-heading\"><strong>Valores<\/strong><\/h3>\n<ul>\n<ul>\n<li>Transparencia<\/li>\n<\/ul>\n<\/ul>\n<ul>\n<ul>\n<li>Servicio<\/li>\n<\/ul>\n<\/ul>\n<ul>\n<ul>\n<li>Eficiencia<\/li>\n<\/ul>\n<\/ul>\n<ul>\n<ul>\n<li>Eficacia<\/li>\n<\/ul>\n<\/ul>\n<ul>\n<ul>\n<li>Humanizaci\u00f3n<\/li>\n<\/ul>\n<\/ul>\n<p><\/p>\n<p><!-- \/wp:post-content --><\/p>[\/et_pb_text][\/et_pb_column][\/et_pb_row][\/et_pb_section]","protected":false},"excerpt":{"rendered":"<p>[et_pb_section fb_built=\u00bb1&#8243; admin_label=\u00bbsection\u00bb _builder_version=\u00bb4.16&#8243; global_colors_info=\u00bb{}\u00bb custom_padding=\u00bb1px|||||\u00bb][et_pb_row use_custom_gutter=\u00bbon\u00bb _builder_version=\u00bb4.24.3&#8243; _module_preset=\u00bbdefault\u00bb background_color=\u00bb#003666&#8243; width=\u00bb100%\u00bb max_width=\u00bb2560px\u00bb hover_enabled=\u00bb0&#8243; locked=\u00bboff\u00bb global_colors_info=\u00bb{}\u00bb min_height=\u00bb85px\u00bb sticky_enabled=\u00bb0&#8243; custom_margin=\u00bb-4px||||false|false\u00bb][et_pb_column type=\u00bb4_4&#8243; _builder_version=\u00bb4.24.3&#8243; _module_preset=\u00bbdefault\u00bb hover_enabled=\u00bb0&#8243; global_colors_info=\u00bb{}\u00bb sticky_enabled=\u00bb0&#8243;][et_pb_post_title meta=\u00bboff\u00bb featured_image=\u00bboff\u00bb _builder_version=\u00bb4.24.3&#8243; _module_preset=\u00bbdefault\u00bb title_text_color=\u00bb#FFFFFF\u00bb text_orientation=\u00bbcenter\u00bb global_colors_info=\u00bb{}\u00bb][\/et_pb_post_title][\/et_pb_column][\/et_pb_row][et_pb_row _builder_version=\u00bb4.24.3&#8243; _module_preset=\u00bbdefault\u00bb custom_margin=\u00bb|auto|-10px|auto||\u00bb global_colors_info=\u00bb{}\u00bb locked=\u00bboff\u00bb custom_padding=\u00bb||15px|||\u00bb][et_pb_column type=\u00bb4_4&#8243; _builder_version=\u00bb4.24.3&#8243; _module_preset=\u00bbdefault\u00bb global_colors_info=\u00bb{}\u00bb][lwp_divi_breadcrumbs home_text=\u00bbInicio\u00bb _builder_version=\u00bb4.24.3&#8243; _module_preset=\u00bbdefault\u00bb custom_margin=\u00bb-21px|||||\u00bb global_colors_info=\u00bb{}\u00bb][\/lwp_divi_breadcrumbs][\/et_pb_column][\/et_pb_row][et_pb_row admin_label=\u00bbrow\u00bb _builder_version=\u00bb4.16&#8243; background_size=\u00bbinitial\u00bb background_position=\u00bbtop_left\u00bb background_repeat=\u00bbrepeat\u00bb global_colors_info=\u00bb{}\u00bb column_structure=\u00bb2_5,3_5&#8243; custom_padding=\u00bb0px|||||\u00bb][et_pb_column type=\u00bb2_5&#8243; &hellip; <a href=\"https:\/\/daeh.gob.do\/copia\/transparencia\/oficina-de-libre-acceso-a-la-informacion\/\">Continued<\/a><\/p>\n","protected":false},"author":4,"featured_media":0,"parent":33645,"menu_order":0,"comment_status":"closed","ping_status":"closed","template":"","meta":{"_acf_changed":false,"_monsterinsights_skip_tracking":false,"_monsterinsights_sitenote_active":false,"_monsterinsights_sitenote_note":"","_monsterinsights_sitenote_category":0,"footnotes":""},"class_list":["post-33445","page","type-page","status-publish","hentry"],"acf":[],"yoast_head":"<!-- This site is optimized with the Yoast SEO plugin v27.2 - https:\/\/yoast.com\/product\/yoast-seo-wordpress\/ -->\r\n<title>Oficina de Libre Acceso a la Informaci\u00f3n - Copia-Daeh<\/title>\r\n<meta name=\"robots\" content=\"index, follow, max-snippet:-1, max-image-preview:large, max-video-preview:-1\" \/>\r\n<link rel=\"canonical\" href=\"https:\/\/daeh.gob.do\/copia\/transparencia\/oficina-de-libre-acceso-a-la-informacion\/\" \/>\r\n<meta property=\"og:locale\" content=\"es_ES\" \/>\r\n<meta property=\"og:type\" content=\"article\" \/>\r\n<meta property=\"og:title\" content=\"Oficina de Libre Acceso a la Informaci\u00f3n - Copia-Daeh\" \/>\r\n<meta property=\"og:description\" content=\"[et_pb_section fb_built=\u00bb1&#8243; admin_label=\u00bbsection\u00bb _builder_version=\u00bb4.16&#8243; global_colors_info=\u00bb{}\u00bb custom_padding=\u00bb1px|||||\u00bb][et_pb_row use_custom_gutter=\u00bbon\u00bb _builder_version=\u00bb4.24.3&#8243; _module_preset=\u00bbdefault\u00bb background_color=\u00bb#003666&#8243; width=\u00bb100%\u00bb max_width=\u00bb2560px\u00bb hover_enabled=\u00bb0&#8243; locked=\u00bboff\u00bb global_colors_info=\u00bb{}\u00bb min_height=\u00bb85px\u00bb sticky_enabled=\u00bb0&#8243; custom_margin=\u00bb-4px||||false|false\u00bb][et_pb_column type=\u00bb4_4&#8243; _builder_version=\u00bb4.24.3&#8243; _module_preset=\u00bbdefault\u00bb hover_enabled=\u00bb0&#8243; global_colors_info=\u00bb{}\u00bb sticky_enabled=\u00bb0&#8243;][et_pb_post_title meta=\u00bboff\u00bb featured_image=\u00bboff\u00bb _builder_version=\u00bb4.24.3&#8243; _module_preset=\u00bbdefault\u00bb title_text_color=\u00bb#FFFFFF\u00bb text_orientation=\u00bbcenter\u00bb global_colors_info=\u00bb{}\u00bb][\/et_pb_post_title][\/et_pb_column][\/et_pb_row][et_pb_row _builder_version=\u00bb4.24.3&#8243; _module_preset=\u00bbdefault\u00bb custom_margin=\u00bb|auto|-10px|auto||\u00bb global_colors_info=\u00bb{}\u00bb locked=\u00bboff\u00bb custom_padding=\u00bb||15px|||\u00bb][et_pb_column type=\u00bb4_4&#8243; _builder_version=\u00bb4.24.3&#8243; _module_preset=\u00bbdefault\u00bb global_colors_info=\u00bb{}\u00bb][lwp_divi_breadcrumbs home_text=\u00bbInicio\u00bb _builder_version=\u00bb4.24.3&#8243; _module_preset=\u00bbdefault\u00bb custom_margin=\u00bb-21px|||||\u00bb global_colors_info=\u00bb{}\u00bb][\/lwp_divi_breadcrumbs][\/et_pb_column][\/et_pb_row][et_pb_row admin_label=\u00bbrow\u00bb _builder_version=\u00bb4.16&#8243; background_size=\u00bbinitial\u00bb background_position=\u00bbtop_left\u00bb background_repeat=\u00bbrepeat\u00bb global_colors_info=\u00bb{}\u00bb column_structure=\u00bb2_5,3_5&#8243; custom_padding=\u00bb0px|||||\u00bb][et_pb_column type=\u00bb2_5&#8243; &hellip; Continued\" \/>\r\n<meta property=\"og:url\" content=\"https:\/\/daeh.gob.do\/copia\/transparencia\/oficina-de-libre-acceso-a-la-informacion\/\" \/>\r\n<meta property=\"og:site_name\" content=\"Copia-Daeh\" \/>\r\n<meta property=\"article:publisher\" content=\"https:\/\/www.facebook.com\/Daeh.rd\" \/>\r\n<meta property=\"article:modified_time\" content=\"2024-08-19T17:10:51+00:00\" \/>\r\n<meta name=\"twitter:card\" content=\"summary_large_image\" \/>\r\n<meta name=\"twitter:site\" content=\"@DaehRd\" \/>\r\n<meta name=\"twitter:label1\" content=\"Tiempo de lectura\" \/>\n\t<meta name=\"twitter:data1\" content=\"1 minuto\" \/>\r\n<script type=\"application\/ld+json\" class=\"yoast-schema-graph\">{\"@context\":\"https:\/\/schema.org\",\"@graph\":[{\"@type\":\"WebPage\",\"@id\":\"https:\/\/daeh.gob.do\/copia\/transparencia\/oficina-de-libre-acceso-a-la-informacion\/\",\"url\":\"https:\/\/daeh.gob.do\/copia\/transparencia\/oficina-de-libre-acceso-a-la-informacion\/\",\"name\":\"Oficina de Libre Acceso a la Informaci\u00f3n - Copia-Daeh\",\"isPartOf\":{\"@id\":\"https:\/\/daeh.gob.do\/copia\/#website\"},\"datePublished\":\"2023-10-23T18:01:32+00:00\",\"dateModified\":\"2024-08-19T17:10:51+00:00\",\"breadcrumb\":{\"@id\":\"https:\/\/daeh.gob.do\/copia\/transparencia\/oficina-de-libre-acceso-a-la-informacion\/#breadcrumb\"},\"inLanguage\":\"es\",\"potentialAction\":[{\"@type\":\"ReadAction\",\"target\":[\"https:\/\/daeh.gob.do\/copia\/transparencia\/oficina-de-libre-acceso-a-la-informacion\/\"]}]},{\"@type\":\"BreadcrumbList\",\"@id\":\"https:\/\/daeh.gob.do\/copia\/transparencia\/oficina-de-libre-acceso-a-la-informacion\/#breadcrumb\",\"itemListElement\":[{\"@type\":\"ListItem\",\"position\":1,\"name\":\"Transparencia\",\"item\":\"https:\/\/daeh.gob.do\/copia\/transparencia\/\"},{\"@type\":\"ListItem\",\"position\":2,\"name\":\"Oficina de Libre Acceso a la Informaci\u00f3n\"}]},{\"@type\":\"WebSite\",\"@id\":\"https:\/\/daeh.gob.do\/copia\/#website\",\"url\":\"https:\/\/daeh.gob.do\/copia\/\",\"name\":\"Copia-Daeh\",\"description\":\"\",\"publisher\":{\"@id\":\"https:\/\/daeh.gob.do\/copia\/#organization\"},\"potentialAction\":[{\"@type\":\"SearchAction\",\"target\":{\"@type\":\"EntryPoint\",\"urlTemplate\":\"https:\/\/daeh.gob.do\/copia\/?s={search_term_string}\"},\"query-input\":{\"@type\":\"PropertyValueSpecification\",\"valueRequired\":true,\"valueName\":\"search_term_string\"}}],\"inLanguage\":\"es\"},{\"@type\":\"Organization\",\"@id\":\"https:\/\/daeh.gob.do\/copia\/#organization\",\"name\":\"Copia-Daeh\",\"url\":\"https:\/\/daeh.gob.do\/copia\/\",\"logo\":{\"@type\":\"ImageObject\",\"inLanguage\":\"es\",\"@id\":\"https:\/\/daeh.gob.do\/copia\/#\/schema\/logo\/image\/\",\"url\":\"https:\/\/daeh.gob.do\/copia\/wp-content\/uploads\/sites\/6\/2023\/05\/DAEH-LATERAL-01.png\",\"contentUrl\":\"https:\/\/daeh.gob.do\/copia\/wp-content\/uploads\/sites\/6\/2023\/05\/DAEH-LATERAL-01.png\",\"width\":372,\"height\":59,\"caption\":\"Copia-Daeh\"},\"image\":{\"@id\":\"https:\/\/daeh.gob.do\/copia\/#\/schema\/logo\/image\/\"},\"sameAs\":[\"https:\/\/www.facebook.com\/Daeh.rd\",\"https:\/\/x.com\/DaehRd\",\"https:\/\/instagram.com\/daeh.rd\"]}]}<\/script>\r\n<!-- \/ Yoast SEO plugin. -->","yoast_head_json":{"title":"Oficina de Libre Acceso a la Informaci\u00f3n - Copia-Daeh","robots":{"index":"index","follow":"follow","max-snippet":"max-snippet:-1","max-image-preview":"max-image-preview:large","max-video-preview":"max-video-preview:-1"},"canonical":"https:\/\/daeh.gob.do\/copia\/transparencia\/oficina-de-libre-acceso-a-la-informacion\/","og_locale":"es_ES","og_type":"article","og_title":"Oficina de Libre Acceso a la Informaci\u00f3n - Copia-Daeh","og_description":"[et_pb_section fb_built=\u00bb1&#8243; admin_label=\u00bbsection\u00bb _builder_version=\u00bb4.16&#8243; global_colors_info=\u00bb{}\u00bb custom_padding=\u00bb1px|||||\u00bb][et_pb_row use_custom_gutter=\u00bbon\u00bb _builder_version=\u00bb4.24.3&#8243; _module_preset=\u00bbdefault\u00bb background_color=\u00bb#003666&#8243; width=\u00bb100%\u00bb max_width=\u00bb2560px\u00bb hover_enabled=\u00bb0&#8243; locked=\u00bboff\u00bb global_colors_info=\u00bb{}\u00bb min_height=\u00bb85px\u00bb sticky_enabled=\u00bb0&#8243; custom_margin=\u00bb-4px||||false|false\u00bb][et_pb_column type=\u00bb4_4&#8243; _builder_version=\u00bb4.24.3&#8243; _module_preset=\u00bbdefault\u00bb hover_enabled=\u00bb0&#8243; global_colors_info=\u00bb{}\u00bb sticky_enabled=\u00bb0&#8243;][et_pb_post_title meta=\u00bboff\u00bb featured_image=\u00bboff\u00bb _builder_version=\u00bb4.24.3&#8243; _module_preset=\u00bbdefault\u00bb title_text_color=\u00bb#FFFFFF\u00bb text_orientation=\u00bbcenter\u00bb global_colors_info=\u00bb{}\u00bb][\/et_pb_post_title][\/et_pb_column][\/et_pb_row][et_pb_row _builder_version=\u00bb4.24.3&#8243; _module_preset=\u00bbdefault\u00bb custom_margin=\u00bb|auto|-10px|auto||\u00bb global_colors_info=\u00bb{}\u00bb locked=\u00bboff\u00bb custom_padding=\u00bb||15px|||\u00bb][et_pb_column type=\u00bb4_4&#8243; _builder_version=\u00bb4.24.3&#8243; _module_preset=\u00bbdefault\u00bb global_colors_info=\u00bb{}\u00bb][lwp_divi_breadcrumbs home_text=\u00bbInicio\u00bb _builder_version=\u00bb4.24.3&#8243; _module_preset=\u00bbdefault\u00bb custom_margin=\u00bb-21px|||||\u00bb global_colors_info=\u00bb{}\u00bb][\/lwp_divi_breadcrumbs][\/et_pb_column][\/et_pb_row][et_pb_row admin_label=\u00bbrow\u00bb _builder_version=\u00bb4.16&#8243; background_size=\u00bbinitial\u00bb background_position=\u00bbtop_left\u00bb background_repeat=\u00bbrepeat\u00bb global_colors_info=\u00bb{}\u00bb column_structure=\u00bb2_5,3_5&#8243; custom_padding=\u00bb0px|||||\u00bb][et_pb_column type=\u00bb2_5&#8243; &hellip; Continued","og_url":"https:\/\/daeh.gob.do\/copia\/transparencia\/oficina-de-libre-acceso-a-la-informacion\/","og_site_name":"Copia-Daeh","article_publisher":"https:\/\/www.facebook.com\/Daeh.rd","article_modified_time":"2024-08-19T17:10:51+00:00","twitter_card":"summary_large_image","twitter_site":"@DaehRd","twitter_misc":{"Tiempo de lectura":"1 minuto"},"schema":{"@context":"https:\/\/schema.org","@graph":[{"@type":"WebPage","@id":"https:\/\/daeh.gob.do\/copia\/transparencia\/oficina-de-libre-acceso-a-la-informacion\/","url":"https:\/\/daeh.gob.do\/copia\/transparencia\/oficina-de-libre-acceso-a-la-informacion\/","name":"Oficina de Libre Acceso a la Informaci\u00f3n - Copia-Daeh","isPartOf":{"@id":"https:\/\/daeh.gob.do\/copia\/#website"},"datePublished":"2023-10-23T18:01:32+00:00","dateModified":"2024-08-19T17:10:51+00:00","breadcrumb":{"@id":"https:\/\/daeh.gob.do\/copia\/transparencia\/oficina-de-libre-acceso-a-la-informacion\/#breadcrumb"},"inLanguage":"es","potentialAction":[{"@type":"ReadAction","target":["https:\/\/daeh.gob.do\/copia\/transparencia\/oficina-de-libre-acceso-a-la-informacion\/"]}]},{"@type":"BreadcrumbList","@id":"https:\/\/daeh.gob.do\/copia\/transparencia\/oficina-de-libre-acceso-a-la-informacion\/#breadcrumb","itemListElement":[{"@type":"ListItem","position":1,"name":"Transparencia","item":"https:\/\/daeh.gob.do\/copia\/transparencia\/"},{"@type":"ListItem","position":2,"name":"Oficina de Libre Acceso a la Informaci\u00f3n"}]},{"@type":"WebSite","@id":"https:\/\/daeh.gob.do\/copia\/#website","url":"https:\/\/daeh.gob.do\/copia\/","name":"Copia-Daeh","description":"","publisher":{"@id":"https:\/\/daeh.gob.do\/copia\/#organization"},"potentialAction":[{"@type":"SearchAction","target":{"@type":"EntryPoint","urlTemplate":"https:\/\/daeh.gob.do\/copia\/?s={search_term_string}"},"query-input":{"@type":"PropertyValueSpecification","valueRequired":true,"valueName":"search_term_string"}}],"inLanguage":"es"},{"@type":"Organization","@id":"https:\/\/daeh.gob.do\/copia\/#organization","name":"Copia-Daeh","url":"https:\/\/daeh.gob.do\/copia\/","logo":{"@type":"ImageObject","inLanguage":"es","@id":"https:\/\/daeh.gob.do\/copia\/#\/schema\/logo\/image\/","url":"https:\/\/daeh.gob.do\/copia\/wp-content\/uploads\/sites\/6\/2023\/05\/DAEH-LATERAL-01.png","contentUrl":"https:\/\/daeh.gob.do\/copia\/wp-content\/uploads\/sites\/6\/2023\/05\/DAEH-LATERAL-01.png","width":372,"height":59,"caption":"Copia-Daeh"},"image":{"@id":"https:\/\/daeh.gob.do\/copia\/#\/schema\/logo\/image\/"},"sameAs":["https:\/\/www.facebook.com\/Daeh.rd","https:\/\/x.com\/DaehRd","https:\/\/instagram.com\/daeh.rd"]}]}},"_links":{"self":[{"href":"https:\/\/daeh.gob.do\/copia\/wp-json\/wp\/v2\/pages\/33445","targetHints":{"allow":["GET"]}}],"collection":[{"href":"https:\/\/daeh.gob.do\/copia\/wp-json\/wp\/v2\/pages"}],"about":[{"href":"https:\/\/daeh.gob.do\/copia\/wp-json\/wp\/v2\/types\/page"}],"author":[{"embeddable":true,"href":"https:\/\/daeh.gob.do\/copia\/wp-json\/wp\/v2\/users\/4"}],"replies":[{"embeddable":true,"href":"https:\/\/daeh.gob.do\/copia\/wp-json\/wp\/v2\/comments?post=33445"}],"version-history":[{"count":8,"href":"https:\/\/daeh.gob.do\/copia\/wp-json\/wp\/v2\/pages\/33445\/revisions"}],"predecessor-version":[{"id":35831,"href":"https:\/\/daeh.gob.do\/copia\/wp-json\/wp\/v2\/pages\/33445\/revisions\/35831"}],"up":[{"embeddable":true,"href":"https:\/\/daeh.gob.do\/copia\/wp-json\/wp\/v2\/pages\/33645"}],"wp:attachment":[{"href":"https:\/\/daeh.gob.do\/copia\/wp-json\/wp\/v2\/media?parent=33445"}],"curies":[{"name":"wp","href":"https:\/\/api.w.org\/{rel}","templated":true}]}}