{"id":32755,"date":"2023-05-25T18:09:08","date_gmt":"2023-05-25T18:09:08","guid":{"rendered":"http:\/\/daeh.gob.do\/copia\/?page_id=32755"},"modified":"2024-05-31T19:03:17","modified_gmt":"2024-05-31T19:03:17","slug":"atencion-domiciliaria","status":"publish","type":"page","link":"https:\/\/daeh.gob.do\/copia\/servicios\/atencion-domiciliaria\/","title":{"rendered":"Atenci\u00f3n Domiciliaria"},"content":{"rendered":"<p>[et_pb_section fb_built=\u00bb1&#8243; admin_label=\u00bbsection\u00bb _builder_version=\u00bb4.16&#8243; custom_padding=\u00bb0px||0px|||\u00bb locked=\u00bboff\u00bb global_colors_info=\u00bb{}\u00bb][et_pb_row use_custom_gutter=\u00bbon\u00bb _builder_version=\u00bb4.24.3&#8243; _module_preset=\u00bbdefault\u00bb background_color=\u00bb#003666&#8243; width=\u00bb100%\u00bb max_width=\u00bb2560px\u00bb locked=\u00bboff\u00bb global_colors_info=\u00bb{}\u00bb][et_pb_column type=\u00bb4_4&#8243; _builder_version=\u00bb4.24.3&#8243; _module_preset=\u00bbdefault\u00bb global_colors_info=\u00bb{}\u00bb][et_pb_post_title meta=\u00bboff\u00bb featured_image=\u00bboff\u00bb _builder_version=\u00bb4.24.3&#8243; _module_preset=\u00bbdefault\u00bb title_text_color=\u00bb#FFFFFF\u00bb text_orientation=\u00bbcenter\u00bb global_colors_info=\u00bb{}\u00bb][\/et_pb_post_title][\/et_pb_column][\/et_pb_row][et_pb_row _builder_version=\u00bb4.24.3&#8243; _module_preset=\u00bbdefault\u00bb custom_margin=\u00bb|auto|-10px|auto||\u00bb custom_css_free_form=\u00bb\/*Menu lateral 2*\/||#menu-munu-dereche {||    border-bottom: solid 5px #006BA7;||    width: 290px;||    list-style: none;||    padding-left: 10px;||    font-weight: 700;||    font-weight: 600;||    background-color: #C4113C;||    padding: 50px 40px 20px 20PX;||}||.et_pb_widget a  {||    text-decoration: none;||    color: #ffffff!important;||}\u00bb locked=\u00bboff\u00bb global_colors_info=\u00bb{}\u00bb][et_pb_column type=\u00bb4_4&#8243; _builder_version=\u00bb4.24.3&#8243; _module_preset=\u00bbdefault\u00bb global_colors_info=\u00bb{}\u00bb][lwp_divi_breadcrumbs home_text=\u00bbInicio\u00bb _builder_version=\u00bb4.24.3&#8243; _module_preset=\u00bbdefault\u00bb custom_margin=\u00bb-21px|||||\u00bb global_colors_info=\u00bb{}\u00bb][\/lwp_divi_breadcrumbs][\/et_pb_column][\/et_pb_row][\/et_pb_section][et_pb_section fb_built=\u00bb1&#8243; admin_label=\u00bbsection\u00bb _builder_version=\u00bb4.16&#8243; custom_padding=\u00bb0px|||||\u00bb global_colors_info=\u00bb{}\u00bb][et_pb_row admin_label=\u00bbrow\u00bb _builder_version=\u00bb4.16&#8243; background_size=\u00bbinitial\u00bb background_position=\u00bbtop_left\u00bb background_repeat=\u00bbrepeat\u00bb global_colors_info=\u00bb{}\u00bb custom_padding=\u00bb4px|||||\u00bb][et_pb_column type=\u00bb4_4&#8243; _builder_version=\u00bb4.16&#8243; custom_padding=\u00bb|||\u00bb global_colors_info=\u00bb{}\u00bb custom_padding__hover=\u00bb|||\u00bb][et_pb_text _builder_version=\u00bb4.24.3&#8243; _module_preset=\u00bbdefault\u00bb global_colors_info=\u00bb{}\u00bb]<\/p>\n<h5 class=\"wp-block-heading subtitulos-servicios\"><strong>Descripci\u00f3n del servicio<\/strong><\/h5>\n<p>Nuestros servicios domiciliarios est\u00e1n dise\u00f1ados para atender a pacientes que requieren atenci\u00f3n m\u00e9dica, pero que no necesitan ser hospitalizados y prefieren recibir cuidados en la comodidad de su propio hogar.<\/p>\n<h5 class=\"wp-block-heading subtitulos-servicios\"><strong>\u00bfA qui\u00e9n va dirigido?<\/strong><\/h5>\n<p>A todo el p\u00fablico o usuarios que requieran este servicio.<\/p>\n<h5 class=\"wp-block-heading subtitulos-servicios\"><strong>Tipos de Emergencias<\/strong><\/h5>\n<ul>\n<li>Estos pueden variar segun su nivel de atenci\u00f3n.<\/li>\n<\/ul>\n<h5 class=\"wp-block-heading subtitulos-servicios\"><strong>Departamento que lo ofrece<\/strong><\/h5>\n<p>Departamento de Atenci\u00f3n Domiciliaria.<\/p>\n<p>[\/et_pb_text][\/et_pb_column][\/et_pb_row][et_pb_row _builder_version=\u00bb4.24.3&#8243; _module_preset=\u00bbdefault\u00bb custom_margin=\u00bb-22px|auto||auto||\u00bb locked=\u00bboff\u00bb global_colors_info=\u00bb{}\u00bb][et_pb_column type=\u00bb4_4&#8243; _builder_version=\u00bb4.24.3&#8243; _module_preset=\u00bbdefault\u00bb global_colors_info=\u00bb{}\u00bb][et_pb_cta _builder_version=\u00bb4.24.3&#8243; _module_preset=\u00bbdefault\u00bb body_text_color=\u00bb#FFFFFF\u00bb background_color=\u00bb#C71F3F\u00bb custom_padding=\u00bb||24px|||\u00bb box_shadow_style=\u00bbpreset6&#8243; global_colors_info=\u00bb{}\u00bb]<\/p>\n<h5 class=\"gb-headline gb-headline-1f5fc794 gb-headline-text subtitulos-servicios\" style=\"text-align: left;\"><strong>Informaci\u00f3n de contacto<\/strong><\/h5>\n<p style=\"text-align: left;\"><span style=\"color: #ffffff;\"><strong>Direcci\u00f3n:<\/strong>\u00a0<a href=\"https:\/\/maps.app.goo.gl\/qNEMLJtPQAJWsu45A\" style=\"color: #ffffff;\">Lugar: Local Comercial \u201cLA CASONA\u201d Av. Los Pr\u00f3ceres, esquina Erick Leonard, del sector Arroyo Hondo, Santo Domingo de Guzm\u00e1n, Distrito Nacional, Rep\u00fablica Dominicana.<\/a><\/span><br \/><span style=\"color: #ffffff;\"><strong>Tel\u00e9fono:<\/strong>\u00a0<a href=\"http:\/\/829735-0354\/\" style=\"color: #ffffff;\">(829) 735-0354<\/a><\/span><br \/><span style=\"color: #ffffff;\"><strong>Correo electr\u00f3nico:<\/strong>\u00a0<a href=\"mailto:info@daeh.gob.do\" style=\"color: #ffffff;\">info@daeh.gob.do<\/a><\/span><\/p>\n<p>[\/et_pb_cta][\/et_pb_column][\/et_pb_row][et_pb_row _builder_version=\u00bb4.24.3&#8243; _module_preset=\u00bbdefault\u00bb global_colors_info=\u00bb{}\u00bb][et_pb_column type=\u00bb4_4&#8243; _builder_version=\u00bb4.24.3&#8243; _module_preset=\u00bbdefault\u00bb global_colors_info=\u00bb{}\u00bb][et_pb_text _builder_version=\u00bb4.24.3&#8243; _module_preset=\u00bbdefault\u00bb global_colors_info=\u00bb{}\u00bb]<\/p>\n<h5 class=\"wp-block-heading subtitulos-servicios\"><strong>Requisitos o requerimientos<\/strong><\/h5>\n<ul>\n<li>C\u00e9dula de Identidad y Electoral o Pasaporte<\/li>\n<li>Tarjeta de Citas M\u00e9dicas, en caso de poseerla.<\/li>\n<\/ul>\n<h5 class=\"wp-block-heading subtitulos-servicios\"><strong>Procedimiento a seguir<\/strong><\/h5>\n<ol>\n<li>Pacientes pueden ser referidos a centros hospitalarios segun gravedad<\/li>\n<\/ol>\n<p>[\/et_pb_text][\/et_pb_column][\/et_pb_row][et_pb_row column_structure=\u00bb1_4,1_4,1_4,1_4&#8243; _builder_version=\u00bb4.24.3&#8243; _module_preset=\u00bbdefault\u00bb locked=\u00bboff\u00bb global_colors_info=\u00bb{}\u00bb][et_pb_column type=\u00bb1_4&#8243; _builder_version=\u00bb4.24.3&#8243; _module_preset=\u00bbdefault\u00bb custom_padding=\u00bb40px||35px||false|false\u00bb border_width_all=\u00bb1px\u00bb border_color_all=\u00bb#f2f2f2&#8243; box_shadow_style=\u00bbpreset3&#8243; global_colors_info=\u00bb{}\u00bb][et_pb_icon font_icon=\u00bb&#xf1da;||fa||900&#8243; icon_color=\u00bb#006EA0&#8243; icon_width=\u00bb52px\u00bb _builder_version=\u00bb4.24.3&#8243; _module_preset=\u00bbdefault\u00bb global_colors_info=\u00bb{}\u00bb][\/et_pb_icon][et_pb_text _builder_version=\u00bb4.24.3&#8243; _module_preset=\u00bbdefault\u00bb global_colors_info=\u00bb{}\u00bb]<\/p>\n<p style=\"text-align: center;\"><strong>Horario de prestaci\u00f3n<\/strong><br \/><span>24 horas todos los d\u00edas.<\/span><\/p>\n<p>[\/et_pb_text][\/et_pb_column][et_pb_column type=\u00bb1_4&#8243; _builder_version=\u00bb4.24.3&#8243; _module_preset=\u00bbdefault\u00bb custom_padding=\u00bb40px||35px||false|false\u00bb border_width_all=\u00bb1px\u00bb border_color_all=\u00bb#f2f2f2&#8243; box_shadow_style=\u00bbpreset3&#8243; global_colors_info=\u00bb{}\u00bb][et_pb_icon font_icon=\u00bb&#xf253;||fa||900&#8243; icon_color=\u00bb#006EA0&#8243; icon_width=\u00bb52px\u00bb _builder_version=\u00bb4.24.3&#8243; _module_preset=\u00bbdefault\u00bb global_colors_info=\u00bb{}\u00bb][\/et_pb_icon][et_pb_text _builder_version=\u00bb4.24.3&#8243; _module_preset=\u00bbdefault\u00bb global_colors_info=\u00bb{}\u00bb]<\/p>\n<p style=\"text-align: center;\"><strong>Tiempo de respuesta<\/strong><br \/><span>De inmediato.<\/span><\/p>\n<p>[\/et_pb_text][\/et_pb_column][et_pb_column type=\u00bb1_4&#8243; _builder_version=\u00bb4.24.3&#8243; _module_preset=\u00bbdefault\u00bb custom_padding=\u00bb40px||35px||false|false\u00bb border_width_all=\u00bb1px\u00bb border_color_all=\u00bb#f2f2f2&#8243; box_shadow_style=\u00bbpreset3&#8243; global_colors_info=\u00bb{}\u00bb][et_pb_icon font_icon=\u00bb&#xe100;||divi||400&#8243; icon_color=\u00bb#006EA0&#8243; icon_width=\u00bb52px\u00bb _builder_version=\u00bb4.24.3&#8243; _module_preset=\u00bbdefault\u00bb global_colors_info=\u00bb{}\u00bb][\/et_pb_icon][et_pb_text _builder_version=\u00bb4.24.3&#8243; _module_preset=\u00bbdefault\u00bb global_colors_info=\u00bb{}\u00bb]<\/p>\n<p style=\"text-align: center;\"><strong>Costo<\/strong><br \/><span>Gratis<\/span><\/p>\n<p>[\/et_pb_text][\/et_pb_column][et_pb_column type=\u00bb1_4&#8243; _builder_version=\u00bb4.24.3&#8243; _module_preset=\u00bbdefault\u00bb custom_padding=\u00bb40px||35px||false|false\u00bb border_width_all=\u00bb1px\u00bb border_color_all=\u00bb#f2f2f2&#8243; box_shadow_style=\u00bbpreset3&#8243; global_colors_info=\u00bb{}\u00bb][et_pb_icon font_icon=\u00bb&#xf4fd;||fa||900&#8243; icon_color=\u00bb#006EA0&#8243; icon_width=\u00bb52px\u00bb _builder_version=\u00bb4.24.3&#8243; _module_preset=\u00bbdefault\u00bb global_colors_info=\u00bb{}\u00bb][\/et_pb_icon][et_pb_text _builder_version=\u00bb4.24.3&#8243; _module_preset=\u00bbdefault\u00bb global_colors_info=\u00bb{}\u00bb]<\/p>\n<p style=\"text-align: center;\"><strong>Canal de prestaci\u00f3n<\/strong><br \/><span>Presencial.<\/span><\/p>\n<p>[\/et_pb_text][\/et_pb_column][\/et_pb_row][et_pb_row _builder_version=\u00bb4.24.3&#8243; _module_preset=\u00bbdefault\u00bb global_colors_info=\u00bb{}\u00bb][et_pb_column type=\u00bb4_4&#8243; _builder_version=\u00bb4.24.3&#8243; _module_preset=\u00bbdefault\u00bb global_colors_info=\u00bb{}\u00bb][et_pb_text _builder_version=\u00bb4.24.3&#8243; _module_preset=\u00bbdefault\u00bb global_colors_info=\u00bb{}\u00bb]<\/p>\n<h5 class=\"wp-block-heading subtitulos-servicios info-adicional\"><strong>Informaci\u00f3n adicional<\/strong><\/h5>\n<p>La atenci\u00f3n domiciliaria brinda comodidad y conveniencia a los pacientes, permiti\u00e9ndoles recibir cuidados m\u00e9dicos adecuados sin la necesidad de una hospitalizaci\u00f3n prolongada. Adem\u00e1s, puede ayudar a reducir los costos de atenci\u00f3n m\u00e9dica y promover la recuperaci\u00f3n m\u00e1s r\u00e1pida al proporcionar un entorno familiar y de apoyo para el paciente.<\/p>\n<p>[\/et_pb_text][\/et_pb_column][\/et_pb_row][\/et_pb_section]<\/p>\n","protected":false},"excerpt":{"rendered":"<p>[et_pb_section fb_built=\u00bb1&#8243; admin_label=\u00bbsection\u00bb _builder_version=\u00bb4.16&#8243; custom_padding=\u00bb0px||0px|||\u00bb locked=\u00bboff\u00bb global_colors_info=\u00bb{}\u00bb][et_pb_row use_custom_gutter=\u00bbon\u00bb _builder_version=\u00bb4.24.3&#8243; _module_preset=\u00bbdefault\u00bb background_color=\u00bb#003666&#8243; width=\u00bb100%\u00bb max_width=\u00bb2560px\u00bb locked=\u00bboff\u00bb global_colors_info=\u00bb{}\u00bb][et_pb_column type=\u00bb4_4&#8243; _builder_version=\u00bb4.24.3&#8243; _module_preset=\u00bbdefault\u00bb global_colors_info=\u00bb{}\u00bb][et_pb_post_title meta=\u00bboff\u00bb featured_image=\u00bboff\u00bb _builder_version=\u00bb4.24.3&#8243; _module_preset=\u00bbdefault\u00bb title_text_color=\u00bb#FFFFFF\u00bb text_orientation=\u00bbcenter\u00bb global_colors_info=\u00bb{}\u00bb][\/et_pb_post_title][\/et_pb_column][\/et_pb_row][et_pb_row _builder_version=\u00bb4.24.3&#8243; _module_preset=\u00bbdefault\u00bb custom_margin=\u00bb|auto|-10px|auto||\u00bb custom_css_free_form=\u00bb\/*Menu lateral 2*\/||#menu-munu-dereche {|| border-bottom: solid 5px #006BA7;|| width: 290px;|| list-style: none;|| padding-left: 10px;|| font-weight: 700;|| font-weight: 600;|| background-color: #C4113C;|| padding: 50px 40px 20px 20PX;||}||.et_pb_widget a &hellip; <a href=\"https:\/\/daeh.gob.do\/copia\/servicios\/atencion-domiciliaria\/\">Continued<\/a><\/p>\n","protected":false},"author":1,"featured_media":0,"parent":69,"menu_order":0,"comment_status":"closed","ping_status":"closed","template":"","meta":{"_acf_changed":false,"_monsterinsights_skip_tracking":false,"_monsterinsights_sitenote_active":false,"_monsterinsights_sitenote_note":"","_monsterinsights_sitenote_category":0,"footnotes":""},"class_list":["post-32755","page","type-page","status-publish","hentry"],"acf":[],"yoast_head":"<!-- This site is optimized with the Yoast SEO plugin v27.2 - https:\/\/yoast.com\/product\/yoast-seo-wordpress\/ -->\r\n<title>Atenci\u00f3n Domiciliaria - Copia-Daeh<\/title>\r\n<meta name=\"description\" content=\"La atenci\u00f3n domiciliaria brinda comodidad y conveniencia a los pacientes, permiti\u00e9ndoles recibir cuidados m\u00e9dicos adecuados sin la necesidad de una hospitalizaci\u00f3n prolongada. Adem\u00e1s, puede ayudar a reducir los costos de atenci\u00f3n m\u00e9dica y promover la recuperaci\u00f3n m\u00e1s r\u00e1pida al proporcionar un entorno familiar y de apoyo para el paciente.\" \/>\r\n<meta name=\"robots\" content=\"index, follow, max-snippet:-1, max-image-preview:large, max-video-preview:-1\" \/>\r\n<link rel=\"canonical\" href=\"https:\/\/daeh.gob.do\/copia\/servicios\/atencion-domiciliaria\/\" \/>\r\n<meta property=\"og:locale\" content=\"es_ES\" \/>\r\n<meta property=\"og:type\" content=\"article\" \/>\r\n<meta property=\"og:title\" content=\"Atenci\u00f3n Domiciliaria - Copia-Daeh\" \/>\r\n<meta property=\"og:description\" content=\"La atenci\u00f3n domiciliaria brinda comodidad y conveniencia a los pacientes, permiti\u00e9ndoles recibir cuidados m\u00e9dicos adecuados sin la necesidad de una hospitalizaci\u00f3n prolongada. Adem\u00e1s, puede ayudar a reducir los costos de atenci\u00f3n m\u00e9dica y promover la recuperaci\u00f3n m\u00e1s r\u00e1pida al proporcionar un entorno familiar y de apoyo para el paciente.\" \/>\r\n<meta property=\"og:url\" content=\"https:\/\/daeh.gob.do\/copia\/servicios\/atencion-domiciliaria\/\" \/>\r\n<meta property=\"og:site_name\" content=\"Copia-Daeh\" \/>\r\n<meta property=\"article:publisher\" content=\"https:\/\/www.facebook.com\/Daeh.rd\" \/>\r\n<meta property=\"article:modified_time\" content=\"2024-05-31T19:03:17+00:00\" \/>\r\n<meta name=\"twitter:card\" content=\"summary_large_image\" \/>\r\n<meta name=\"twitter:site\" content=\"@DaehRd\" \/>\r\n<meta name=\"twitter:label1\" content=\"Tiempo de lectura\" \/>\n\t<meta name=\"twitter:data1\" content=\"1 minuto\" \/>\r\n<script type=\"application\/ld+json\" class=\"yoast-schema-graph\">{\"@context\":\"https:\/\/schema.org\",\"@graph\":[{\"@type\":\"WebPage\",\"@id\":\"https:\/\/daeh.gob.do\/copia\/servicios\/atencion-domiciliaria\/\",\"url\":\"https:\/\/daeh.gob.do\/copia\/servicios\/atencion-domiciliaria\/\",\"name\":\"Atenci\u00f3n Domiciliaria - Copia-Daeh\",\"isPartOf\":{\"@id\":\"https:\/\/daeh.gob.do\/copia\/#website\"},\"datePublished\":\"2023-05-25T18:09:08+00:00\",\"dateModified\":\"2024-05-31T19:03:17+00:00\",\"description\":\"La atenci\u00f3n domiciliaria brinda comodidad y conveniencia a los pacientes, permiti\u00e9ndoles recibir cuidados m\u00e9dicos adecuados sin la necesidad de una hospitalizaci\u00f3n prolongada. Adem\u00e1s, puede ayudar a reducir los costos de atenci\u00f3n m\u00e9dica y promover la recuperaci\u00f3n m\u00e1s r\u00e1pida al proporcionar un entorno familiar y de apoyo para el paciente.\",\"breadcrumb\":{\"@id\":\"https:\/\/daeh.gob.do\/copia\/servicios\/atencion-domiciliaria\/#breadcrumb\"},\"inLanguage\":\"es\",\"potentialAction\":[{\"@type\":\"ReadAction\",\"target\":[\"https:\/\/daeh.gob.do\/copia\/servicios\/atencion-domiciliaria\/\"]}]},{\"@type\":\"BreadcrumbList\",\"@id\":\"https:\/\/daeh.gob.do\/copia\/servicios\/atencion-domiciliaria\/#breadcrumb\",\"itemListElement\":[{\"@type\":\"ListItem\",\"position\":1,\"name\":\"Servicios\",\"item\":\"https:\/\/daeh.gob.do\/copia\/servicios\/\"},{\"@type\":\"ListItem\",\"position\":2,\"name\":\"Atenci\u00f3n Domiciliaria\"}]},{\"@type\":\"WebSite\",\"@id\":\"https:\/\/daeh.gob.do\/copia\/#website\",\"url\":\"https:\/\/daeh.gob.do\/copia\/\",\"name\":\"Copia-Daeh\",\"description\":\"\",\"publisher\":{\"@id\":\"https:\/\/daeh.gob.do\/copia\/#organization\"},\"potentialAction\":[{\"@type\":\"SearchAction\",\"target\":{\"@type\":\"EntryPoint\",\"urlTemplate\":\"https:\/\/daeh.gob.do\/copia\/?s={search_term_string}\"},\"query-input\":{\"@type\":\"PropertyValueSpecification\",\"valueRequired\":true,\"valueName\":\"search_term_string\"}}],\"inLanguage\":\"es\"},{\"@type\":\"Organization\",\"@id\":\"https:\/\/daeh.gob.do\/copia\/#organization\",\"name\":\"Copia-Daeh\",\"url\":\"https:\/\/daeh.gob.do\/copia\/\",\"logo\":{\"@type\":\"ImageObject\",\"inLanguage\":\"es\",\"@id\":\"https:\/\/daeh.gob.do\/copia\/#\/schema\/logo\/image\/\",\"url\":\"https:\/\/daeh.gob.do\/copia\/wp-content\/uploads\/sites\/6\/2023\/05\/DAEH-LATERAL-01.png\",\"contentUrl\":\"https:\/\/daeh.gob.do\/copia\/wp-content\/uploads\/sites\/6\/2023\/05\/DAEH-LATERAL-01.png\",\"width\":372,\"height\":59,\"caption\":\"Copia-Daeh\"},\"image\":{\"@id\":\"https:\/\/daeh.gob.do\/copia\/#\/schema\/logo\/image\/\"},\"sameAs\":[\"https:\/\/www.facebook.com\/Daeh.rd\",\"https:\/\/x.com\/DaehRd\",\"https:\/\/instagram.com\/daeh.rd\"]}]}<\/script>\r\n<!-- \/ Yoast SEO plugin. -->","yoast_head_json":{"title":"Atenci\u00f3n Domiciliaria - Copia-Daeh","description":"La atenci\u00f3n domiciliaria brinda comodidad y conveniencia a los pacientes, permiti\u00e9ndoles recibir cuidados m\u00e9dicos adecuados sin la necesidad de una hospitalizaci\u00f3n prolongada. Adem\u00e1s, puede ayudar a reducir los costos de atenci\u00f3n m\u00e9dica y promover la recuperaci\u00f3n m\u00e1s r\u00e1pida al proporcionar un entorno familiar y de apoyo para el paciente.","robots":{"index":"index","follow":"follow","max-snippet":"max-snippet:-1","max-image-preview":"max-image-preview:large","max-video-preview":"max-video-preview:-1"},"canonical":"https:\/\/daeh.gob.do\/copia\/servicios\/atencion-domiciliaria\/","og_locale":"es_ES","og_type":"article","og_title":"Atenci\u00f3n Domiciliaria - Copia-Daeh","og_description":"La atenci\u00f3n domiciliaria brinda comodidad y conveniencia a los pacientes, permiti\u00e9ndoles recibir cuidados m\u00e9dicos adecuados sin la necesidad de una hospitalizaci\u00f3n prolongada. Adem\u00e1s, puede ayudar a reducir los costos de atenci\u00f3n m\u00e9dica y promover la recuperaci\u00f3n m\u00e1s r\u00e1pida al proporcionar un entorno familiar y de apoyo para el paciente.","og_url":"https:\/\/daeh.gob.do\/copia\/servicios\/atencion-domiciliaria\/","og_site_name":"Copia-Daeh","article_publisher":"https:\/\/www.facebook.com\/Daeh.rd","article_modified_time":"2024-05-31T19:03:17+00:00","twitter_card":"summary_large_image","twitter_site":"@DaehRd","twitter_misc":{"Tiempo de lectura":"1 minuto"},"schema":{"@context":"https:\/\/schema.org","@graph":[{"@type":"WebPage","@id":"https:\/\/daeh.gob.do\/copia\/servicios\/atencion-domiciliaria\/","url":"https:\/\/daeh.gob.do\/copia\/servicios\/atencion-domiciliaria\/","name":"Atenci\u00f3n Domiciliaria - Copia-Daeh","isPartOf":{"@id":"https:\/\/daeh.gob.do\/copia\/#website"},"datePublished":"2023-05-25T18:09:08+00:00","dateModified":"2024-05-31T19:03:17+00:00","description":"La atenci\u00f3n domiciliaria brinda comodidad y conveniencia a los pacientes, permiti\u00e9ndoles recibir cuidados m\u00e9dicos adecuados sin la necesidad de una hospitalizaci\u00f3n prolongada. Adem\u00e1s, puede ayudar a reducir los costos de atenci\u00f3n m\u00e9dica y promover la recuperaci\u00f3n m\u00e1s r\u00e1pida al proporcionar un entorno familiar y de apoyo para el paciente.","breadcrumb":{"@id":"https:\/\/daeh.gob.do\/copia\/servicios\/atencion-domiciliaria\/#breadcrumb"},"inLanguage":"es","potentialAction":[{"@type":"ReadAction","target":["https:\/\/daeh.gob.do\/copia\/servicios\/atencion-domiciliaria\/"]}]},{"@type":"BreadcrumbList","@id":"https:\/\/daeh.gob.do\/copia\/servicios\/atencion-domiciliaria\/#breadcrumb","itemListElement":[{"@type":"ListItem","position":1,"name":"Servicios","item":"https:\/\/daeh.gob.do\/copia\/servicios\/"},{"@type":"ListItem","position":2,"name":"Atenci\u00f3n Domiciliaria"}]},{"@type":"WebSite","@id":"https:\/\/daeh.gob.do\/copia\/#website","url":"https:\/\/daeh.gob.do\/copia\/","name":"Copia-Daeh","description":"","publisher":{"@id":"https:\/\/daeh.gob.do\/copia\/#organization"},"potentialAction":[{"@type":"SearchAction","target":{"@type":"EntryPoint","urlTemplate":"https:\/\/daeh.gob.do\/copia\/?s={search_term_string}"},"query-input":{"@type":"PropertyValueSpecification","valueRequired":true,"valueName":"search_term_string"}}],"inLanguage":"es"},{"@type":"Organization","@id":"https:\/\/daeh.gob.do\/copia\/#organization","name":"Copia-Daeh","url":"https:\/\/daeh.gob.do\/copia\/","logo":{"@type":"ImageObject","inLanguage":"es","@id":"https:\/\/daeh.gob.do\/copia\/#\/schema\/logo\/image\/","url":"https:\/\/daeh.gob.do\/copia\/wp-content\/uploads\/sites\/6\/2023\/05\/DAEH-LATERAL-01.png","contentUrl":"https:\/\/daeh.gob.do\/copia\/wp-content\/uploads\/sites\/6\/2023\/05\/DAEH-LATERAL-01.png","width":372,"height":59,"caption":"Copia-Daeh"},"image":{"@id":"https:\/\/daeh.gob.do\/copia\/#\/schema\/logo\/image\/"},"sameAs":["https:\/\/www.facebook.com\/Daeh.rd","https:\/\/x.com\/DaehRd","https:\/\/instagram.com\/daeh.rd"]}]}},"_links":{"self":[{"href":"https:\/\/daeh.gob.do\/copia\/wp-json\/wp\/v2\/pages\/32755","targetHints":{"allow":["GET"]}}],"collection":[{"href":"https:\/\/daeh.gob.do\/copia\/wp-json\/wp\/v2\/pages"}],"about":[{"href":"https:\/\/daeh.gob.do\/copia\/wp-json\/wp\/v2\/types\/page"}],"author":[{"embeddable":true,"href":"https:\/\/daeh.gob.do\/copia\/wp-json\/wp\/v2\/users\/1"}],"replies":[{"embeddable":true,"href":"https:\/\/daeh.gob.do\/copia\/wp-json\/wp\/v2\/comments?post=32755"}],"version-history":[{"count":17,"href":"https:\/\/daeh.gob.do\/copia\/wp-json\/wp\/v2\/pages\/32755\/revisions"}],"predecessor-version":[{"id":35776,"href":"https:\/\/daeh.gob.do\/copia\/wp-json\/wp\/v2\/pages\/32755\/revisions\/35776"}],"up":[{"embeddable":true,"href":"https:\/\/daeh.gob.do\/copia\/wp-json\/wp\/v2\/pages\/69"}],"wp:attachment":[{"href":"https:\/\/daeh.gob.do\/copia\/wp-json\/wp\/v2\/media?parent=32755"}],"curies":[{"name":"wp","href":"https:\/\/api.w.org\/{rel}","templated":true}]}}